{"id":21114,"date":"2023-02-27T13:41:43","date_gmt":"2023-02-27T11:41:43","guid":{"rendered":"https:\/\/exlibris.ee\/toode\/spielerisch-deutsch-lernen-lernkrimi-jagd\/"},"modified":"2026-04-05T15:33:52","modified_gmt":"2026-04-05T12:33:52","slug":"spielerisch-deutsch-lernen-lernkrimi-jagd","status":"publish","type":"product","link":"https:\/\/exlibris.ee\/ru\/produkt\/spielerisch-deutsch-lernen-lernkrimi-jagd\/","title":{"rendered":"Lernkrimi \u2013 Jagd nach dem Reifendieb  Buch mit MP3-Download"},"content":{"rendered":"<p>Am Samstag findet das gro\u00dfe Seifenkistenrennen in der Schule statt. Alle Klassen haben an einem Rennwagen gebastelt. Karlas Wagen \u201eFeuerball\u201c war bei der Probefahrt der Schnellste. Doch was ist das? Kurz vor dem Rennen werden Feuerballs Reifen gestohlen. Wird es den Detektiven Paula, Jo und Hannes rechtzeitig gelingen, den Dieb zu finden? Eine durchgehende Krimigeschichte mit Aufgaben zu der deutschen Sprache. Das Sprach- und \u00dcbungsniveau ist abgestimmt auf den Lehrplan f\u00fcr die 2. Klasse deutscher Schulen. Die Bearbeitung der Aufgaben f\u00fchrt die Kinder zur L\u00f6sung des Falls \u2013 am Ende des Buches gibt es eine Detektivseite zur Selbstkontrolle, sowie die L\u00f6sungen zu den jeweiligen \u00dcbungsaufgaben.<\/p>\n","protected":false},"excerpt":{"rendered":"<p>Am Samstag findet das gro\u00dfe Seifenkistenrennen in der Schule statt. Alle Klassen haben an einem Rennwagen gebastelt. Karlas Wagen \u201eFeuerball\u201c war bei der Probefahrt der Schnellste. Doch was ist das? Kurz vor dem Rennen werden Feuerballs Reifen gestohlen. Wird es&#8230;<\/p>\n","protected":false},"featured_media":56935,"template":"","meta":{"_acf_changed":false,"inline_featured_image":false},"product_brand":[],"product_cat":[503],"product_tag":[],"series":[{"id":550,"name":"Spielerisch deutsch lernen","slug":"spielerisch-deutsch-lernen"}],"publisher":[{"id":497,"name":"Hueber Verlag","slug":"hueber-verlag"}],"class_list":{"0":"post-21114","1":"product","2":"type-product","3":"status-publish","4":"has-post-thumbnail","6":"product_cat-lernen-mit-bildern-und-spielen","7":"series-spielerisch-deutsch-lernen","8":"publisher-hueber-verlag","10":"first","11":"instock","12":"taxable","13":"shipping-taxable","14":"purchasable","15":"product-type-simple"},"acf":[],"_links":{"self":[{"href":"https:\/\/exlibris.ee\/ru\/wp-json\/wp\/v2\/product\/21114","targetHints":{"allow":["GET"]}}],"collection":[{"href":"https:\/\/exlibris.ee\/ru\/wp-json\/wp\/v2\/product"}],"about":[{"href":"https:\/\/exlibris.ee\/ru\/wp-json\/wp\/v2\/types\/product"}],"wp:featuredmedia":[{"embeddable":true,"href":"https:\/\/exlibris.ee\/ru\/wp-json\/wp\/v2\/media\/56935"}],"wp:attachment":[{"href":"https:\/\/exlibris.ee\/ru\/wp-json\/wp\/v2\/media?parent=21114"}],"wp:term":[{"taxonomy":"product_brand","embeddable":true,"href":"https:\/\/exlibris.ee\/ru\/wp-json\/wp\/v2\/product_brand?post=21114"},{"taxonomy":"product_cat","embeddable":true,"href":"https:\/\/exlibris.ee\/ru\/wp-json\/wp\/v2\/product_cat?post=21114"},{"taxonomy":"product_tag","embeddable":true,"href":"https:\/\/exlibris.ee\/ru\/wp-json\/wp\/v2\/product_tag?post=21114"},{"taxonomy":"series","embeddable":true,"href":"https:\/\/exlibris.ee\/ru\/wp-json\/wp\/v2\/series?post=21114"},{"taxonomy":"publisher","embeddable":true,"href":"https:\/\/exlibris.ee\/ru\/wp-json\/wp\/v2\/publisher?post=21114"}],"curies":[{"name":"wp","href":"https:\/\/api.w.org\/{rel}","templated":true}]}}