{"id":21117,"date":"2023-02-27T13:41:44","date_gmt":"2023-02-27T11:41:44","guid":{"rendered":"https:\/\/exlibris.ee\/toode\/jana-und-dino-sprachniveau-2-arbeitsbuch\/"},"modified":"2026-04-03T09:19:27","modified_gmt":"2026-04-03T06:19:27","slug":"jana-und-dino-sprachniveau-2-arbeitsbuch","status":"publish","type":"product","link":"https:\/\/exlibris.ee\/ru\/produkt\/jana-und-dino-sprachniveau-2-arbeitsbuch\/","title":{"rendered":"Jana und Dino 2  Deutsch f\u00fcr Kinder \/ Arbeitsbuch"},"content":{"rendered":"<p>Arbeitsbuch (Printtitel) F\u00fcr nicht alphabetisierte Kinder bzw. Kinder, die parallel in ihrer Muttersprache alphabetisiert werden. Band 2: H\u00f6ren und Sprechen mit erstem Lesen und Schreiben Jana und Dino vermittelt handlungsorientiert und kommunikativ die deutsche Sprache auf der Basis einer humorvollen Protagonistengeschichte. Die Sprache erfolgt imitativ mit einer sanften Hinf\u00fchrung zu erstem Lesen und Schreiben. Im Vordergrund steht das rhythmisierte Lernen mit zus\u00e4tzlichen \u00dcbungen zum Malen, Ausschneiden, R\u00e4tseln und Basteln, die die Kinder zum Sprechen animieren. Sprechblasen mit Musterl\u00f6sungen helfen Lehrern, Eltern und Kindern.<\/p>\n","protected":false},"excerpt":{"rendered":"<p>Arbeitsbuch (Printtitel) F\u00fcr nicht alphabetisierte Kinder bzw. Kinder, die parallel in ihrer Muttersprache alphabetisiert werden. Band 2: H\u00f6ren und Sprechen mit erstem Lesen und Schreiben Jana und Dino vermittelt handlungsorientiert und kommunikativ die deutsche Sprache auf der Basis einer humorvollen&#8230;<\/p>\n","protected":false},"featured_media":24714,"template":"","meta":{"_acf_changed":false,"inline_featured_image":false},"product_brand":[],"product_cat":[471],"product_tag":[],"series":[{"id":572,"name":"Jana und Dino Sprachniveau 2","slug":"jana-und-dino-sprachniveau-2"}],"publisher":[{"id":497,"name":"Hueber Verlag","slug":"hueber-verlag"}],"class_list":{"0":"post-21117","1":"product","2":"type-product","3":"status-publish","4":"has-post-thumbnail","6":"product_cat-lehrwerke-fur-kinder","7":"series-jana-und-dino-sprachniveau-2","8":"publisher-hueber-verlag","10":"first","11":"instock","12":"taxable","13":"shipping-taxable","14":"purchasable","15":"product-type-simple"},"acf":[],"_links":{"self":[{"href":"https:\/\/exlibris.ee\/ru\/wp-json\/wp\/v2\/product\/21117","targetHints":{"allow":["GET"]}}],"collection":[{"href":"https:\/\/exlibris.ee\/ru\/wp-json\/wp\/v2\/product"}],"about":[{"href":"https:\/\/exlibris.ee\/ru\/wp-json\/wp\/v2\/types\/product"}],"wp:featuredmedia":[{"embeddable":true,"href":"https:\/\/exlibris.ee\/ru\/wp-json\/wp\/v2\/media\/24714"}],"wp:attachment":[{"href":"https:\/\/exlibris.ee\/ru\/wp-json\/wp\/v2\/media?parent=21117"}],"wp:term":[{"taxonomy":"product_brand","embeddable":true,"href":"https:\/\/exlibris.ee\/ru\/wp-json\/wp\/v2\/product_brand?post=21117"},{"taxonomy":"product_cat","embeddable":true,"href":"https:\/\/exlibris.ee\/ru\/wp-json\/wp\/v2\/product_cat?post=21117"},{"taxonomy":"product_tag","embeddable":true,"href":"https:\/\/exlibris.ee\/ru\/wp-json\/wp\/v2\/product_tag?post=21117"},{"taxonomy":"series","embeddable":true,"href":"https:\/\/exlibris.ee\/ru\/wp-json\/wp\/v2\/series?post=21117"},{"taxonomy":"publisher","embeddable":true,"href":"https:\/\/exlibris.ee\/ru\/wp-json\/wp\/v2\/publisher?post=21117"}],"curies":[{"name":"wp","href":"https:\/\/api.w.org\/{rel}","templated":true}]}}