{"id":21138,"date":"2023-02-27T13:41:47","date_gmt":"2023-02-27T11:41:47","guid":{"rendered":"https:\/\/exlibris.ee\/toode\/beste-freunde-b1-1-digitalisiertes-arbeitsbuch\/"},"modified":"2026-04-05T15:34:00","modified_gmt":"2026-04-05T12:34:00","slug":"beste-freunde-b1-1-digitalisiertes-arbeitsbuch","status":"publish","type":"product","link":"https:\/\/exlibris.ee\/ru\/produkt\/beste-freunde-b1-1-digitalisiertes-arbeitsbuch\/","title":{"rendered":"Beste Freunde B1.1  \/ Digitalisiertes Arbeitsbuch mit integrierten Audiodateien und interaktiven \u00dcbungen"},"content":{"rendered":"<p>Digitales Arbeitsbuch mit integrierten MP3-Dateien und zahlreichen interaktiven \u00dcbungen &#8212; integrierte MP3-Dateien &#8212; zahlreiche interaktive \u00dcbungen mit L\u00f6sungsanzeige Zus\u00e4tzliche Funktionen auf der Lern-Plattform BlinkLearning In der Sch\u00fclerversion: Notenanzeige und Leistungsstandspeicherung bei den interaktiven \u00dcbungen In der Version f\u00fcr Lehrkr\u00e4fte: Der Leistungsstand Ihrer Sch\u00fcler\/innen und Ihrer Klasse wird Ihnen \u00fcbersichtlich angezeigt. Mit einem Klick k\u00f6nnen Sie Ihren Sch\u00fcler\/innen eine passende \u00dcbung zuweisen. \u00dcber den Hueber-Shop erhalten Sie derzeit automatisch die BlinkLearning-Version f\u00fcr Sch\u00fcler\/innen. F\u00fcr die Lehrerversion f\u00fcllen Sie bitte unser Kontaktformular aus. &#8212; jede Lektion enth\u00e4lt sieben vierfarbige Seiten &#8212; zahlreiche \u00dcbungen zu Grammatik, Wortschatz und Redemittel f\u00fcr die Arbeit im Unterricht oder zum selbst\u00e4ndigen Lernen zu Hause &#8212; umfangreiches Angebot an selbstentdeckender, kontrastiv angelegter Grammatikarbeit &#8212; klar ausgewiesenes, kleinschrittiges Schreibtraining &#8212; ausf\u00fchrliches Phonetiktraining &#8212; klares wechselseitiges Verweissystem zwischen Kurs- und Arbeitsbuch &#8212; \u00fcbersichtliche Pr\u00e4sentation des Lernwortschatzes &#8212; pro Modul zwei Seiten Fertigkeitentraining sowie eine Seite Selbstevaluation (Kann-Beschreibungen des GER) &#8212; ausgewiesene Portfolio-Aufgaben &#8212; \u00dcbungen zur Binnendifferenzierung &#8212; Lerntipps &#8212; Arbeitsbl\u00e4tter f\u00fcr Partneraufgaben des Kursbuchs im Anhang.<\/p>\n","protected":false},"excerpt":{"rendered":"<p>Digitales Arbeitsbuch mit integrierten MP3-Dateien und zahlreichen interaktiven \u00dcbungen &#8212; integrierte MP3-Dateien &#8212; zahlreiche interaktive \u00dcbungen mit L\u00f6sungsanzeige Zus\u00e4tzliche Funktionen auf der Lern-Plattform BlinkLearning In der Sch\u00fclerversion: Notenanzeige und Leistungsstandspeicherung bei den interaktiven \u00dcbungen In der Version f\u00fcr Lehrkr\u00e4fte: Der&#8230;<\/p>\n","protected":false},"featured_media":57145,"template":"","meta":{"_acf_changed":false,"inline_featured_image":false},"product_brand":[],"product_cat":[477],"product_tag":[],"series":[{"id":579,"name":"Beste Freunde B1.1","slug":"beste-freunde-b1-1"}],"publisher":[{"id":497,"name":"Hueber Verlag","slug":"hueber-verlag"}],"class_list":{"0":"post-21138","1":"product","2":"type-product","3":"status-publish","4":"has-post-thumbnail","6":"product_cat-lehrwerke-fur-jugendliche","7":"series-beste-freunde-b1-1","8":"publisher-hueber-verlag","10":"first","11":"onbackorder","12":"taxable","13":"shipping-taxable","14":"purchasable","15":"product-type-simple"},"acf":[],"_links":{"self":[{"href":"https:\/\/exlibris.ee\/ru\/wp-json\/wp\/v2\/product\/21138","targetHints":{"allow":["GET"]}}],"collection":[{"href":"https:\/\/exlibris.ee\/ru\/wp-json\/wp\/v2\/product"}],"about":[{"href":"https:\/\/exlibris.ee\/ru\/wp-json\/wp\/v2\/types\/product"}],"wp:featuredmedia":[{"embeddable":true,"href":"https:\/\/exlibris.ee\/ru\/wp-json\/wp\/v2\/media\/57145"}],"wp:attachment":[{"href":"https:\/\/exlibris.ee\/ru\/wp-json\/wp\/v2\/media?parent=21138"}],"wp:term":[{"taxonomy":"product_brand","embeddable":true,"href":"https:\/\/exlibris.ee\/ru\/wp-json\/wp\/v2\/product_brand?post=21138"},{"taxonomy":"product_cat","embeddable":true,"href":"https:\/\/exlibris.ee\/ru\/wp-json\/wp\/v2\/product_cat?post=21138"},{"taxonomy":"product_tag","embeddable":true,"href":"https:\/\/exlibris.ee\/ru\/wp-json\/wp\/v2\/product_tag?post=21138"},{"taxonomy":"series","embeddable":true,"href":"https:\/\/exlibris.ee\/ru\/wp-json\/wp\/v2\/series?post=21138"},{"taxonomy":"publisher","embeddable":true,"href":"https:\/\/exlibris.ee\/ru\/wp-json\/wp\/v2\/publisher?post=21138"}],"curies":[{"name":"wp","href":"https:\/\/api.w.org\/{rel}","templated":true}]}}