{"id":21150,"date":"2023-02-27T13:41:49","date_gmt":"2023-02-27T11:41:49","guid":{"rendered":"https:\/\/exlibris.ee\/toode\/mit-uns-b2-kursbuch\/"},"modified":"2026-04-14T19:29:20","modified_gmt":"2026-04-14T16:29:20","slug":"mit-uns-b2-kursbuch","status":"publish","type":"product","link":"https:\/\/exlibris.ee\/ru\/produkt\/mit-uns-b2-kursbuch\/","title":{"rendered":"Mit uns B2  Deutsch f\u00fcr Jugendliche \/ Kursbuch"},"content":{"rendered":"<p>4 Module \u00e0 3 Lektionen \u2022 in jedem Modul werden die Sch\u00fcler und Sch\u00fclerinnen von einem jugendlichen Protagonisten begleitet, der die Lektionen inhaltlich lose verkn\u00fcpft \u2022 Einstiegsseite zu jedem Modul, auf der der Protagonist und die Themen der Lektionen vorgestellt werden \u2022 am Ende jedes Moduls: drei Seiten Literatur, Landeskunde und Projekt \u2022 transparente Verkn\u00fcpfung mit dem Arbeitsbuch \u2022 Anhang: Grammatik\u00fcbersicht, Verblisten und Redemittel\u00fcbersicht.<\/p>\n","protected":false},"excerpt":{"rendered":"<p>4 Module \u00e0 3 Lektionen \u2022 in jedem Modul werden die Sch\u00fcler und Sch\u00fclerinnen von einem jugendlichen Protagonisten begleitet, der die Lektionen inhaltlich lose verkn\u00fcpft \u2022 Einstiegsseite zu jedem Modul, auf der der Protagonist und die Themen der Lektionen vorgestellt&#8230;<\/p>\n","protected":false},"featured_media":24846,"template":"","meta":{"_acf_changed":false,"inline_featured_image":false},"product_brand":[],"product_cat":[477],"product_tag":[],"series":[{"id":583,"name":"Mit Uns B2","slug":"mit-uns-b2"}],"publisher":[{"id":497,"name":"Hueber Verlag","slug":"hueber-verlag"}],"class_list":{"0":"post-21150","1":"product","2":"type-product","3":"status-publish","4":"has-post-thumbnail","6":"product_cat-lehrwerke-fur-jugendliche","7":"series-mit-uns-b2","8":"publisher-hueber-verlag","10":"first","11":"instock","12":"taxable","13":"shipping-taxable","14":"purchasable","15":"product-type-simple"},"acf":[],"_links":{"self":[{"href":"https:\/\/exlibris.ee\/ru\/wp-json\/wp\/v2\/product\/21150","targetHints":{"allow":["GET"]}}],"collection":[{"href":"https:\/\/exlibris.ee\/ru\/wp-json\/wp\/v2\/product"}],"about":[{"href":"https:\/\/exlibris.ee\/ru\/wp-json\/wp\/v2\/types\/product"}],"wp:featuredmedia":[{"embeddable":true,"href":"https:\/\/exlibris.ee\/ru\/wp-json\/wp\/v2\/media\/24846"}],"wp:attachment":[{"href":"https:\/\/exlibris.ee\/ru\/wp-json\/wp\/v2\/media?parent=21150"}],"wp:term":[{"taxonomy":"product_brand","embeddable":true,"href":"https:\/\/exlibris.ee\/ru\/wp-json\/wp\/v2\/product_brand?post=21150"},{"taxonomy":"product_cat","embeddable":true,"href":"https:\/\/exlibris.ee\/ru\/wp-json\/wp\/v2\/product_cat?post=21150"},{"taxonomy":"product_tag","embeddable":true,"href":"https:\/\/exlibris.ee\/ru\/wp-json\/wp\/v2\/product_tag?post=21150"},{"taxonomy":"series","embeddable":true,"href":"https:\/\/exlibris.ee\/ru\/wp-json\/wp\/v2\/series?post=21150"},{"taxonomy":"publisher","embeddable":true,"href":"https:\/\/exlibris.ee\/ru\/wp-json\/wp\/v2\/publisher?post=21150"}],"curies":[{"name":"wp","href":"https:\/\/api.w.org\/{rel}","templated":true}]}}