{"id":21155,"date":"2023-02-27T13:41:50","date_gmt":"2023-02-27T11:41:50","guid":{"rendered":"https:\/\/exlibris.ee\/toode\/planetino-sprachniveau-2-kursbuch\/"},"modified":"2026-04-05T15:35:04","modified_gmt":"2026-04-05T12:35:04","slug":"planetino-sprachniveau-2-kursbuch","status":"publish","type":"product","link":"https:\/\/exlibris.ee\/ru\/produkt\/planetino-sprachniveau-2-kursbuch\/","title":{"rendered":"Planetino 2  Deutsch f\u00fcr Kinder \/ Kursbuch"},"content":{"rendered":"<p>Das neue Lehrwerk f\u00fcr die Grundschule &#8212; in drei B\u00e4nden zur Niveaustufe A1! Voraussetzungen: Keine Vorkenntnisse erforderlich. Zielgruppe: Der Kurs wendet sich an acht- bis elfj\u00e4hrige Kinder, die im In- oder Ausland ohne Vorkenntnisse Deutsch lernen. Lernziel: Drei B\u00e4nde f\u00fchren zur Niveaustufe A1. Planetino orientiert sich an den Vorgaben des Europ\u00e4ischen Referenzrahmens und setzt den Portfoliogedanken konkret um. Jeder Band bietet 5 Module, die jeweils nach dem gleichen Prinzip aufgebaut sind: &#8212; Einstieg \u00fcber 1-2 themenbezogenen Comics, die bereits bekannte Strukturen aufnehmen &#8212; 3-4 kurze Lektionen \u00e0 2-4 Seite &#8212; \u00dcbersichtsseite mit Grammatik und wichtigen Wendungen Am Abschluss des Bandes werden ein darstellendes Spiel, Informationen zur Landeskunde mit spielerischen Aktivit\u00e4ten sowie eine chronologische Liste des aktiven und passiven Wortschatzes angeboten. Phonetik\u00fcbungen sowie die Entwicklung eines Portfolios sind von Anfang an integriert. Die methodisch vielf\u00e4ltigen \u00dcbungsformen wie Partner- und Gruppenarbeit, Spiele, Lieder und Bewegungs\u00fcbungen sprechen alle Sinne an. Im Anschluss an Planetino kann mit Planet 2 und Planet 3 bzw. mit einem anderen Jugendlichenlehrwerk nahtlos weitergearbeitet werden.<\/p>\n","protected":false},"excerpt":{"rendered":"<p>Das neue Lehrwerk f\u00fcr die Grundschule &#8212; in drei B\u00e4nden zur Niveaustufe A1! Voraussetzungen: Keine Vorkenntnisse erforderlich. Zielgruppe: Der Kurs wendet sich an acht- bis elfj\u00e4hrige Kinder, die im In- oder Ausland ohne Vorkenntnisse Deutsch lernen. Lernziel: Drei B\u00e4nde f\u00fchren&#8230;<\/p>\n","protected":false},"featured_media":57268,"template":"","meta":{"_acf_changed":false,"inline_featured_image":false},"product_brand":[],"product_cat":[471],"product_tag":[],"series":[{"id":587,"name":"Planetino Sprachniveau 2","slug":"planetino-sprachniveau-2"}],"publisher":[{"id":497,"name":"Hueber Verlag","slug":"hueber-verlag"}],"class_list":{"0":"post-21155","1":"product","2":"type-product","3":"status-publish","4":"has-post-thumbnail","6":"product_cat-lehrwerke-fur-kinder","7":"series-planetino-sprachniveau-2","8":"publisher-hueber-verlag","10":"first","11":"instock","12":"taxable","13":"shipping-taxable","14":"purchasable","15":"product-type-simple"},"acf":[],"_links":{"self":[{"href":"https:\/\/exlibris.ee\/ru\/wp-json\/wp\/v2\/product\/21155","targetHints":{"allow":["GET"]}}],"collection":[{"href":"https:\/\/exlibris.ee\/ru\/wp-json\/wp\/v2\/product"}],"about":[{"href":"https:\/\/exlibris.ee\/ru\/wp-json\/wp\/v2\/types\/product"}],"wp:featuredmedia":[{"embeddable":true,"href":"https:\/\/exlibris.ee\/ru\/wp-json\/wp\/v2\/media\/57268"}],"wp:attachment":[{"href":"https:\/\/exlibris.ee\/ru\/wp-json\/wp\/v2\/media?parent=21155"}],"wp:term":[{"taxonomy":"product_brand","embeddable":true,"href":"https:\/\/exlibris.ee\/ru\/wp-json\/wp\/v2\/product_brand?post=21155"},{"taxonomy":"product_cat","embeddable":true,"href":"https:\/\/exlibris.ee\/ru\/wp-json\/wp\/v2\/product_cat?post=21155"},{"taxonomy":"product_tag","embeddable":true,"href":"https:\/\/exlibris.ee\/ru\/wp-json\/wp\/v2\/product_tag?post=21155"},{"taxonomy":"series","embeddable":true,"href":"https:\/\/exlibris.ee\/ru\/wp-json\/wp\/v2\/series?post=21155"},{"taxonomy":"publisher","embeddable":true,"href":"https:\/\/exlibris.ee\/ru\/wp-json\/wp\/v2\/publisher?post=21155"}],"curies":[{"name":"wp","href":"https:\/\/api.w.org\/{rel}","templated":true}]}}