{"id":21156,"date":"2023-02-27T13:41:50","date_gmt":"2023-02-27T11:41:50","guid":{"rendered":"https:\/\/exlibris.ee\/toode\/planetino-sprachniveau-3-kursbuch\/"},"modified":"2026-04-07T21:26:31","modified_gmt":"2026-04-07T18:26:31","slug":"planetino-sprachniveau-3-kursbuch","status":"publish","type":"product","link":"https:\/\/exlibris.ee\/ru\/produkt\/planetino-sprachniveau-3-kursbuch\/","title":{"rendered":"Planetino 3  Deutsch f\u00fcr Kinder \/ Kursbuch"},"content":{"rendered":"<p>Das neue Lehrwerk f\u00fcr die Grundschule &#8212; in drei B\u00e4nden zur Niveaustufe A1! Voraussetzungen: Keine Vorkenntnisse erforderlich. Zielgruppe: Der Kurs wendet sich an acht- bis elfj\u00e4hrige Kinder, die im In- oder Ausland ohne Vorkenntnisse Deutsch lernen. Lernziel: Drei B\u00e4nde f\u00fchren zur Niveaustufe A1. Planetino orientiert sich an den Vorgaben des Europ\u00e4ischen Referenzrahmens und setzt den Portfoliogedanken konkret um. Jeder Band bietet 5 Module, die jeweils nach dem gleichen Prinzip aufgebaut sind: &#8212; Einstieg \u00fcber 1-2 themenbezogenen Comics, die bereits bekannte Strukturen aufnehmen &#8212; 3-4 kurze Lektionen \u00e0 2-4 Seiten &#8212; \u00dcbersichtsseite mit Grammatik und wichtigen Wendungen Am Abschluss des Bandes werden ein darstellendes Spiel, Informationen zur Landeskunde mit spielerischen Aktivit\u00e4ten sowie eine chronologische Liste des aktiven und passiven Wortschatzes angeboten.<\/p>\n","protected":false},"excerpt":{"rendered":"<p>Das neue Lehrwerk f\u00fcr die Grundschule &#8212; in drei B\u00e4nden zur Niveaustufe A1! Voraussetzungen: Keine Vorkenntnisse erforderlich. Zielgruppe: Der Kurs wendet sich an acht- bis elfj\u00e4hrige Kinder, die im In- oder Ausland ohne Vorkenntnisse Deutsch lernen. Lernziel: Drei B\u00e4nde f\u00fchren&#8230;<\/p>\n","protected":false},"featured_media":131753,"template":"","meta":{"_acf_changed":false,"inline_featured_image":false},"product_brand":[],"product_cat":[471],"product_tag":[],"series":[{"id":588,"name":"Planetino Sprachniveau 3","slug":"planetino-sprachniveau-3"}],"publisher":[{"id":497,"name":"Hueber Verlag","slug":"hueber-verlag"}],"class_list":{"0":"post-21156","1":"product","2":"type-product","3":"status-publish","4":"has-post-thumbnail","6":"product_cat-lehrwerke-fur-kinder","7":"series-planetino-sprachniveau-3","8":"publisher-hueber-verlag","10":"first","11":"onbackorder","12":"taxable","13":"shipping-taxable","14":"purchasable","15":"product-type-simple"},"acf":[],"_links":{"self":[{"href":"https:\/\/exlibris.ee\/ru\/wp-json\/wp\/v2\/product\/21156","targetHints":{"allow":["GET"]}}],"collection":[{"href":"https:\/\/exlibris.ee\/ru\/wp-json\/wp\/v2\/product"}],"about":[{"href":"https:\/\/exlibris.ee\/ru\/wp-json\/wp\/v2\/types\/product"}],"wp:featuredmedia":[{"embeddable":true,"href":"https:\/\/exlibris.ee\/ru\/wp-json\/wp\/v2\/media\/131753"}],"wp:attachment":[{"href":"https:\/\/exlibris.ee\/ru\/wp-json\/wp\/v2\/media?parent=21156"}],"wp:term":[{"taxonomy":"product_brand","embeddable":true,"href":"https:\/\/exlibris.ee\/ru\/wp-json\/wp\/v2\/product_brand?post=21156"},{"taxonomy":"product_cat","embeddable":true,"href":"https:\/\/exlibris.ee\/ru\/wp-json\/wp\/v2\/product_cat?post=21156"},{"taxonomy":"product_tag","embeddable":true,"href":"https:\/\/exlibris.ee\/ru\/wp-json\/wp\/v2\/product_tag?post=21156"},{"taxonomy":"series","embeddable":true,"href":"https:\/\/exlibris.ee\/ru\/wp-json\/wp\/v2\/series?post=21156"},{"taxonomy":"publisher","embeddable":true,"href":"https:\/\/exlibris.ee\/ru\/wp-json\/wp\/v2\/publisher?post=21156"}],"curies":[{"name":"wp","href":"https:\/\/api.w.org\/{rel}","templated":true}]}}