{"id":21166,"date":"2023-02-27T13:41:51","date_gmt":"2023-02-27T11:41:51","guid":{"rendered":"https:\/\/exlibris.ee\/toode\/planetino-sprachniveau-1-arbeitsbuch\/"},"modified":"2026-04-06T09:14:31","modified_gmt":"2026-04-06T06:14:31","slug":"planetino-sprachniveau-1-arbeitsbuch","status":"publish","type":"product","link":"https:\/\/exlibris.ee\/ru\/produkt\/planetino-sprachniveau-1-arbeitsbuch\/","title":{"rendered":"Planetino 1  Deutsch f\u00fcr Kinder \/ Arbeitsbuch"},"content":{"rendered":"<p>Printtitel Das Arbeitsbuch enth\u00e4lt \u00dcbungen zum Festigen und Vertiefen des gelernten Stoffs, wobei verschiedene Schwierigkeitsgrade eine Differenzierung erm\u00f6glichen. Partner\u00fcbungen, regelm\u00e4\u00dfige Wiederholungen und Aufgaben mit Selbstkontrolle f\u00f6rdern das eigenst\u00e4ndige Lernen der Sch\u00fcler. Eine Doppelseite zur Selbstevaluation &#171;Das habe ich gelernt&#187; und ein Grammatik-Comic zum Ausf\u00fcllen schlie\u00dfen jedes Modul ab und k\u00f6nnen in ein Portfolioheft abgeheftet werden.<\/p>\n","protected":false},"excerpt":{"rendered":"<p>Printtitel Das Arbeitsbuch enth\u00e4lt \u00dcbungen zum Festigen und Vertiefen des gelernten Stoffs, wobei verschiedene Schwierigkeitsgrade eine Differenzierung erm\u00f6glichen. Partner\u00fcbungen, regelm\u00e4\u00dfige Wiederholungen und Aufgaben mit Selbstkontrolle f\u00f6rdern das eigenst\u00e4ndige Lernen der Sch\u00fcler. Eine Doppelseite zur Selbstevaluation &#171;Das habe ich gelernt&#187; und&#8230;<\/p>\n","protected":false},"featured_media":57307,"template":"","meta":{"_acf_changed":false,"inline_featured_image":false},"product_brand":[],"product_cat":[471],"product_tag":[],"series":[{"id":570,"name":"Planetino Sprachniveau 1","slug":"planetino-sprachniveau-1"}],"publisher":[{"id":497,"name":"Hueber Verlag","slug":"hueber-verlag"}],"class_list":{"0":"post-21166","1":"product","2":"type-product","3":"status-publish","4":"has-post-thumbnail","6":"product_cat-lehrwerke-fur-kinder","7":"series-planetino-sprachniveau-1","8":"publisher-hueber-verlag","10":"first","11":"instock","12":"taxable","13":"shipping-taxable","14":"purchasable","15":"product-type-simple"},"acf":[],"_links":{"self":[{"href":"https:\/\/exlibris.ee\/ru\/wp-json\/wp\/v2\/product\/21166","targetHints":{"allow":["GET"]}}],"collection":[{"href":"https:\/\/exlibris.ee\/ru\/wp-json\/wp\/v2\/product"}],"about":[{"href":"https:\/\/exlibris.ee\/ru\/wp-json\/wp\/v2\/types\/product"}],"wp:featuredmedia":[{"embeddable":true,"href":"https:\/\/exlibris.ee\/ru\/wp-json\/wp\/v2\/media\/57307"}],"wp:attachment":[{"href":"https:\/\/exlibris.ee\/ru\/wp-json\/wp\/v2\/media?parent=21166"}],"wp:term":[{"taxonomy":"product_brand","embeddable":true,"href":"https:\/\/exlibris.ee\/ru\/wp-json\/wp\/v2\/product_brand?post=21166"},{"taxonomy":"product_cat","embeddable":true,"href":"https:\/\/exlibris.ee\/ru\/wp-json\/wp\/v2\/product_cat?post=21166"},{"taxonomy":"product_tag","embeddable":true,"href":"https:\/\/exlibris.ee\/ru\/wp-json\/wp\/v2\/product_tag?post=21166"},{"taxonomy":"series","embeddable":true,"href":"https:\/\/exlibris.ee\/ru\/wp-json\/wp\/v2\/series?post=21166"},{"taxonomy":"publisher","embeddable":true,"href":"https:\/\/exlibris.ee\/ru\/wp-json\/wp\/v2\/publisher?post=21166"}],"curies":[{"name":"wp","href":"https:\/\/api.w.org\/{rel}","templated":true}]}}