{"id":21169,"date":"2023-02-27T13:41:52","date_gmt":"2023-02-27T11:41:52","guid":{"rendered":"https:\/\/exlibris.ee\/toode\/die-grammatik-plakate-a1-b1\/"},"modified":"2026-04-24T01:53:16","modified_gmt":"2026-04-23T22:53:16","slug":"die-grammatik-plakate-a1-b1","status":"publish","type":"product","link":"https:\/\/exlibris.ee\/ru\/produkt\/die-grammatik-plakate-a1-b1\/","title":{"rendered":"Die Grammatik-Plakate A1\u2013B1  \u00dcbungsheft und 10 Plakate"},"content":{"rendered":"<p>10 vierfarbige Plakate DIN A1 (gefalzt auf DIN A4) mit Fotos, die zum Sprechen anregen: &#8212; 3 Plakate Niveau A1 &#8212; 3 Plakate Niveau A2 &#8212; 3 Plakate Niveau B1 &#8212; 1 Plakat mit Testaufgaben \u00dcbungsheft mit allen Plakaten als Kopiervorlage DIN A4 (schwarwei\u00df) und mit Vorschl\u00e4gen f\u00fcr den Einsatz im Unterricht. Plakate und \u00dcbungsheft verpackt in einer praktischen Aufbewahrungsmappe.<\/p>\n","protected":false},"excerpt":{"rendered":"<p>10 vierfarbige Plakate DIN A1 (gefalzt auf DIN A4) mit Fotos, die zum Sprechen anregen: &#8212; 3 Plakate Niveau A1 &#8212; 3 Plakate Niveau A2 &#8212; 3 Plakate Niveau B1 &#8212; 1 Plakat mit Testaufgaben \u00dcbungsheft mit allen Plakaten als&#8230;<\/p>\n","protected":false},"featured_media":57319,"template":"","meta":{"_acf_changed":false,"inline_featured_image":false},"product_brand":[],"product_cat":[503],"product_tag":[],"series":[{"id":481,"name":"Grammatik","slug":"grammatik"}],"publisher":[{"id":497,"name":"Hueber Verlag","slug":"hueber-verlag"}],"class_list":{"0":"post-21169","1":"product","2":"type-product","3":"status-publish","4":"has-post-thumbnail","6":"product_cat-lernen-mit-bildern-und-spielen","7":"series-grammatik","8":"publisher-hueber-verlag","10":"first","11":"onbackorder","12":"taxable","13":"shipping-taxable","14":"purchasable","15":"product-type-simple"},"acf":[],"_links":{"self":[{"href":"https:\/\/exlibris.ee\/ru\/wp-json\/wp\/v2\/product\/21169","targetHints":{"allow":["GET"]}}],"collection":[{"href":"https:\/\/exlibris.ee\/ru\/wp-json\/wp\/v2\/product"}],"about":[{"href":"https:\/\/exlibris.ee\/ru\/wp-json\/wp\/v2\/types\/product"}],"wp:featuredmedia":[{"embeddable":true,"href":"https:\/\/exlibris.ee\/ru\/wp-json\/wp\/v2\/media\/57319"}],"wp:attachment":[{"href":"https:\/\/exlibris.ee\/ru\/wp-json\/wp\/v2\/media?parent=21169"}],"wp:term":[{"taxonomy":"product_brand","embeddable":true,"href":"https:\/\/exlibris.ee\/ru\/wp-json\/wp\/v2\/product_brand?post=21169"},{"taxonomy":"product_cat","embeddable":true,"href":"https:\/\/exlibris.ee\/ru\/wp-json\/wp\/v2\/product_cat?post=21169"},{"taxonomy":"product_tag","embeddable":true,"href":"https:\/\/exlibris.ee\/ru\/wp-json\/wp\/v2\/product_tag?post=21169"},{"taxonomy":"series","embeddable":true,"href":"https:\/\/exlibris.ee\/ru\/wp-json\/wp\/v2\/series?post=21169"},{"taxonomy":"publisher","embeddable":true,"href":"https:\/\/exlibris.ee\/ru\/wp-json\/wp\/v2\/publisher?post=21169"}],"curies":[{"name":"wp","href":"https:\/\/api.w.org\/{rel}","templated":true}]}}