{"id":21186,"date":"2023-02-27T13:41:54","date_gmt":"2023-02-27T11:41:54","guid":{"rendered":"https:\/\/exlibris.ee\/toode\/kikus-arbeitsblatter-3-5-bis-10-jahre\/"},"modified":"2026-04-03T09:20:30","modified_gmt":"2026-04-03T06:20:30","slug":"kikus-arbeitsblatter-3-5-bis-10-jahre","status":"publish","type":"product","link":"https:\/\/exlibris.ee\/ru\/produkt\/kikus-arbeitsblatter-3-5-bis-10-jahre\/","title":{"rendered":"KIKUS Deutsch  Sprachen lernen im Vor- und Grundschulalter \/ Arbeitsbl\u00e4tter 3 (5 bis 10 Jahre)"},"content":{"rendered":"<p>Arbeitsbl\u00e4tter 1, 2 und 3 (zur Ausgabe an die Kinder\/Lerner) Die Arbeitsbl\u00e4tter k\u00f6nnen entweder im Kurs oder als \u201eHausaufgaben\u201c f\u00fcr eine angeleitete Eltern-Kind-Zusammenarbeit eingesetzt werden. Letzteres hat den Vorteil, dass die Inhalte zu Hause wiederholt und vertieft werden. Zugleich bieten die Arbeitsbl\u00e4tter f\u00fcr Eltern und Kinder einen Sprechanlass, auch in der Familiensprache \u00fcber die Unterrichtsinhalte zu kommunizieren. So wird das neue Sprachwissen kognitiv besser verankert und es k\u00f6nnen beide oder mehrere Sprachen parallel gef\u00f6rdert werden. Es liegen drei Sets von kartonierten DIN-A4-Arbeitsbl\u00e4ttern zu 20 ausgew\u00e4hlten Themen vor (in jedem Set gleich). Sie sind durchweg vierfarbig gestaltet und laden ein zum Malen, Ausmalen, Schneiden, Kleben \u2013 und vor allem zum Sprechen. Arbeitsbl\u00e4tter 1 \u2013 empfohlen ab 3 Jahre Arbeitsbl\u00e4tter 2 \u2013 empfohlen ab 4 Jahre Arbeitsbl\u00e4tter 3 \u2013 empfohlen ab 5 Jahre Die Altersangaben dienen lediglich der groben Orientierung; f\u00fcr Anf\u00e4nger kann grunds\u00e4tzlich das Set 1 verwendet werden, die anderen Sets k\u00f6nnen dann aufbauend eingesetzt werden.<\/p>\n","protected":false},"excerpt":{"rendered":"<p>Arbeitsbl\u00e4tter 1, 2 und 3 (zur Ausgabe an die Kinder\/Lerner) Die Arbeitsbl\u00e4tter k\u00f6nnen entweder im Kurs oder als \u201eHausaufgaben\u201c f\u00fcr eine angeleitete Eltern-Kind-Zusammenarbeit eingesetzt werden. Letzteres hat den Vorteil, dass die Inhalte zu Hause wiederholt und vertieft werden. Zugleich bieten&#8230;<\/p>\n","protected":false},"featured_media":57421,"template":"","meta":{"_acf_changed":false,"inline_featured_image":false},"product_brand":[],"product_cat":[471],"product_tag":[],"series":[{"id":575,"name":"Kikus","slug":"kikus"}],"publisher":[{"id":497,"name":"Hueber Verlag","slug":"hueber-verlag"}],"class_list":{"0":"post-21186","1":"product","2":"type-product","3":"status-publish","4":"has-post-thumbnail","6":"product_cat-lehrwerke-fur-kinder","7":"series-kikus","8":"publisher-hueber-verlag","10":"first","11":"instock","12":"taxable","13":"shipping-taxable","14":"purchasable","15":"product-type-simple"},"acf":[],"_links":{"self":[{"href":"https:\/\/exlibris.ee\/ru\/wp-json\/wp\/v2\/product\/21186","targetHints":{"allow":["GET"]}}],"collection":[{"href":"https:\/\/exlibris.ee\/ru\/wp-json\/wp\/v2\/product"}],"about":[{"href":"https:\/\/exlibris.ee\/ru\/wp-json\/wp\/v2\/types\/product"}],"wp:featuredmedia":[{"embeddable":true,"href":"https:\/\/exlibris.ee\/ru\/wp-json\/wp\/v2\/media\/57421"}],"wp:attachment":[{"href":"https:\/\/exlibris.ee\/ru\/wp-json\/wp\/v2\/media?parent=21186"}],"wp:term":[{"taxonomy":"product_brand","embeddable":true,"href":"https:\/\/exlibris.ee\/ru\/wp-json\/wp\/v2\/product_brand?post=21186"},{"taxonomy":"product_cat","embeddable":true,"href":"https:\/\/exlibris.ee\/ru\/wp-json\/wp\/v2\/product_cat?post=21186"},{"taxonomy":"product_tag","embeddable":true,"href":"https:\/\/exlibris.ee\/ru\/wp-json\/wp\/v2\/product_tag?post=21186"},{"taxonomy":"series","embeddable":true,"href":"https:\/\/exlibris.ee\/ru\/wp-json\/wp\/v2\/series?post=21186"},{"taxonomy":"publisher","embeddable":true,"href":"https:\/\/exlibris.ee\/ru\/wp-json\/wp\/v2\/publisher?post=21186"}],"curies":[{"name":"wp","href":"https:\/\/api.w.org\/{rel}","templated":true}]}}