{"id":21188,"date":"2023-02-27T13:41:55","date_gmt":"2023-02-27T11:41:55","guid":{"rendered":"https:\/\/exlibris.ee\/toode\/vielfalt-b2-2-kurs-und-arbeitsbuch-plus-interaktive-version\/"},"modified":"2026-04-05T15:35:12","modified_gmt":"2026-04-05T12:35:12","slug":"vielfalt-b2-2-kurs-und-arbeitsbuch-plus-interaktive-version","status":"publish","type":"product","link":"https:\/\/exlibris.ee\/ru\/produkt\/vielfalt-b2-2-kurs-und-arbeitsbuch-plus-interaktive-version\/","title":{"rendered":"Vielfalt B2.2:  Kurs- und Arbeitsbuch plus interaktive Version"},"content":{"rendered":"<p>Zielgruppe: Erwachsene und Jugendliche ab 16 Jahren in Kursen B1+, B2 und C1 Kursbuch: \u2022 inklusive Code f\u00fcr interaktive Version \u2022 modularer Aufbau: 4 Module mit je drei kurzen Lektionen \u2022 emotionaler Moduleinstieg mit Film: unterschiedlichste Protagonistinnen und Protagonisten erm\u00f6glichen einen pers\u00f6nlichen Einstieg in die aktuellen, lebensnahen und vielf\u00e4ltigen Themen \u2022 Extra-Beruf-Seiten:berufs\u00fcbergreifende Szenarien, Textsorten und Sprachhandlungen \u2022 Plurilingualit\u00e4t: sprachvergleichende Aufgaben erweitern das Wissen \u00fcber Sprache und erleichtern die Sprachverwendung in unterschiedlichen Kommunikationssituationen \u2022 Plurikulturalit\u00e4t: spannende Aufgabenstellungen laden zum Perspektivenwechsel und zum wertedialog ein \u2022 Wortschatzarbeit: thematische und systematische intensive Erarbeitung \u2022 weitere Filme: Beispielantworten von Deutschlernenden aus aller Welt stellen erreichbare Sprachmodelle dar \u2022 Erkl\u00e4r-Clips zur gesamten Grammatik: ideal f\u00fcr den Pr\u00e4senz- oder Online-Unterricht und das individuelle Lernen \u2022 im Anhang: abwechslungsreiches illustriertes Methodenglossar f\u00fcr einen kooperativen, interaktiven Unterricht Arbeitsbuch: \u2022 Fit-f\u00fcr-Seite: Wiederholung von relevantem, bereits bekanntem Wortschatz und Grammatikstrukturen \u2022 Wiederholung und Festigung: In den Kategorien W\u00f6rter, Grammatik und Kommunikation wird der Lernstoff des Kursbuchs in abwechslungsreichen \u00dcbungen und authentischen Kontexten trainiert \u2022 gezieltes \u00dcben der eigenen Textproduktion mit authentischen Schreibanl\u00e4ssen \u2022 am Ende einer jeden Lektion: Aussprache\u00fcbungen und Selbsttests \u2022 am Ende jedes Moduls: gezielte Pr\u00fcfungsvorbereitung \u2022 Lernwortschatz im Anhang.<\/p>\n","protected":false},"excerpt":{"rendered":"<p>Zielgruppe: Erwachsene und Jugendliche ab 16 Jahren in Kursen B1+, B2 und C1 Kursbuch: \u2022 inklusive Code f\u00fcr interaktive Version \u2022 modularer Aufbau: 4 Module mit je drei kurzen Lektionen \u2022 emotionaler Moduleinstieg mit Film: unterschiedlichste Protagonistinnen und Protagonisten erm\u00f6glichen&#8230;<\/p>\n","protected":false},"featured_media":57436,"template":"","meta":{"_acf_changed":false,"inline_featured_image":false},"product_brand":[],"product_cat":[1121],"product_tag":[],"series":[{"id":591,"name":"Vielfalt B2\/2","slug":"vielfalt-b2-2"}],"publisher":[{"id":497,"name":"Hueber Verlag","slug":"hueber-verlag"}],"class_list":{"0":"post-21188","1":"product","2":"type-product","3":"status-publish","4":"has-post-thumbnail","6":"product_cat-lehrwerke-fur-jugendliche-und-erwachsene","7":"series-vielfalt-b2-2","8":"publisher-hueber-verlag","10":"first","11":"instock","12":"taxable","13":"shipping-taxable","14":"purchasable","15":"product-type-simple"},"acf":[],"_links":{"self":[{"href":"https:\/\/exlibris.ee\/ru\/wp-json\/wp\/v2\/product\/21188","targetHints":{"allow":["GET"]}}],"collection":[{"href":"https:\/\/exlibris.ee\/ru\/wp-json\/wp\/v2\/product"}],"about":[{"href":"https:\/\/exlibris.ee\/ru\/wp-json\/wp\/v2\/types\/product"}],"wp:featuredmedia":[{"embeddable":true,"href":"https:\/\/exlibris.ee\/ru\/wp-json\/wp\/v2\/media\/57436"}],"wp:attachment":[{"href":"https:\/\/exlibris.ee\/ru\/wp-json\/wp\/v2\/media?parent=21188"}],"wp:term":[{"taxonomy":"product_brand","embeddable":true,"href":"https:\/\/exlibris.ee\/ru\/wp-json\/wp\/v2\/product_brand?post=21188"},{"taxonomy":"product_cat","embeddable":true,"href":"https:\/\/exlibris.ee\/ru\/wp-json\/wp\/v2\/product_cat?post=21188"},{"taxonomy":"product_tag","embeddable":true,"href":"https:\/\/exlibris.ee\/ru\/wp-json\/wp\/v2\/product_tag?post=21188"},{"taxonomy":"series","embeddable":true,"href":"https:\/\/exlibris.ee\/ru\/wp-json\/wp\/v2\/series?post=21188"},{"taxonomy":"publisher","embeddable":true,"href":"https:\/\/exlibris.ee\/ru\/wp-json\/wp\/v2\/publisher?post=21188"}],"curies":[{"name":"wp","href":"https:\/\/api.w.org\/{rel}","templated":true}]}}