{"id":21189,"date":"2023-02-27T13:41:55","date_gmt":"2023-02-27T11:41:55","guid":{"rendered":"https:\/\/exlibris.ee\/toode\/paul-lisa-co-a1-1-digitalisiertes-kursbuch-mit-integrierten-audiodateien\/"},"modified":"2026-04-13T23:42:18","modified_gmt":"2026-04-13T20:42:18","slug":"paul-lisa-co-a1-1-digitalisiertes-kursbuch-mit-integrierten-audiodateien","status":"publish","type":"product","link":"https:\/\/exlibris.ee\/ru\/produkt\/paul-lisa-co-a1-1-digitalisiertes-kursbuch-mit-integrierten-audiodateien\/","title":{"rendered":"Paul, Lisa &amp; Co A1.1 \u2013 Interaktive Version  Deutsch f\u00fcr Kinder \/ Digitalisiertes Kursbuch mit integrierten Audiodateien und interaktiven \u00dcbungen"},"content":{"rendered":"<p>Kursbuch &#8212; Interaktive Version mit integrierten Audiodateien und zahlreichen interaktiven \u00dcbungen &#8212; inklusive aller Audio-Tracks und Lieder zum Kursbuch &#8212; inklusive interaktiver \u00dcbungen &#8212; modularer Aufbau: f\u00fcnf Module mit je zwei kurzen Lektionen &#8212; die attraktive Moduleinstiegsseite stellt jeweils einen oder mehrere Protagonisten in einer konkreten Lebenssituation vor und fasst die Lernziele des Moduls zusammen &#8212; die vielseitigen Modulendseiten greifen Gelerntes in Form von Projekten, Reimen, Liedern, Aussprache\u00fcbungen und einem altersgerechten Portfolio auf &#8212; die Lernziel\u00fcbersicht erfasst noch einmal \u00fcbersichtlich und transparent die Modulinhalte &#8212; intuitives Unterrichten: die Lektionen sind kleinschrittig aufgebaut und vermitteln Lernziele kontextualisiert, die Progression ist etwas steiler als bei Paul, Lisa &amp; Co Starter- zahlreiche Spiele lockern den Unterricht auf &#8212; viele unterschiedliche \u00dcbungstypen f\u00fcr unterschiedliche Lerntypen, die u. a. visuelle und haptische Anreizen bieten &#8212; fakultative und erg\u00e4nzende Seiten im Anhang mit landeskundlichem Schwerpunkt und Wortliste<\/p>\n","protected":false},"excerpt":{"rendered":"<p>Kursbuch &#8212; Interaktive Version mit integrierten Audiodateien und zahlreichen interaktiven \u00dcbungen &#8212; inklusive aller Audio-Tracks und Lieder zum Kursbuch &#8212; inklusive interaktiver \u00dcbungen &#8212; modularer Aufbau: f\u00fcnf Module mit je zwei kurzen Lektionen &#8212; die attraktive Moduleinstiegsseite stellt jeweils einen&#8230;<\/p>\n","protected":false},"featured_media":57448,"template":"","meta":{"_acf_changed":false,"inline_featured_image":false},"product_brand":[],"product_cat":[471],"product_tag":[],"series":[{"id":586,"name":"Paul, Lisa &amp; Co A1\/1","slug":"paul-lisa-co-a1-1"}],"publisher":[{"id":497,"name":"Hueber Verlag","slug":"hueber-verlag"}],"class_list":{"0":"post-21189","1":"product","2":"type-product","3":"status-publish","4":"has-post-thumbnail","6":"product_cat-lehrwerke-fur-kinder","7":"series-paul-lisa-co-a1-1","8":"publisher-hueber-verlag","10":"first","11":"onbackorder","12":"taxable","13":"shipping-taxable","14":"purchasable","15":"product-type-simple"},"acf":[],"_links":{"self":[{"href":"https:\/\/exlibris.ee\/ru\/wp-json\/wp\/v2\/product\/21189","targetHints":{"allow":["GET"]}}],"collection":[{"href":"https:\/\/exlibris.ee\/ru\/wp-json\/wp\/v2\/product"}],"about":[{"href":"https:\/\/exlibris.ee\/ru\/wp-json\/wp\/v2\/types\/product"}],"wp:featuredmedia":[{"embeddable":true,"href":"https:\/\/exlibris.ee\/ru\/wp-json\/wp\/v2\/media\/57448"}],"wp:attachment":[{"href":"https:\/\/exlibris.ee\/ru\/wp-json\/wp\/v2\/media?parent=21189"}],"wp:term":[{"taxonomy":"product_brand","embeddable":true,"href":"https:\/\/exlibris.ee\/ru\/wp-json\/wp\/v2\/product_brand?post=21189"},{"taxonomy":"product_cat","embeddable":true,"href":"https:\/\/exlibris.ee\/ru\/wp-json\/wp\/v2\/product_cat?post=21189"},{"taxonomy":"product_tag","embeddable":true,"href":"https:\/\/exlibris.ee\/ru\/wp-json\/wp\/v2\/product_tag?post=21189"},{"taxonomy":"series","embeddable":true,"href":"https:\/\/exlibris.ee\/ru\/wp-json\/wp\/v2\/series?post=21189"},{"taxonomy":"publisher","embeddable":true,"href":"https:\/\/exlibris.ee\/ru\/wp-json\/wp\/v2\/publisher?post=21189"}],"curies":[{"name":"wp","href":"https:\/\/api.w.org\/{rel}","templated":true}]}}