{"id":21190,"date":"2023-02-27T13:41:55","date_gmt":"2023-02-27T11:41:55","guid":{"rendered":"https:\/\/exlibris.ee\/toode\/zwischendurch-mal-geschichten\/"},"modified":"2026-04-14T19:30:47","modified_gmt":"2026-04-14T16:30:47","slug":"zwischendurch-mal-geschichten","status":"publish","type":"product","link":"https:\/\/exlibris.ee\/ru\/produkt\/zwischendurch-mal-geschichten\/","title":{"rendered":"Zwischendurch mal &#8230; kurze Geschichten  Kopiervorlagen"},"content":{"rendered":"<p>13 kurze literarische Geschichten mit \u00dcbungen zum Leseverst\u00e4ndnis &#8212; Vorschl\u00e4ge f\u00fcr Aktivit\u00e4ten zu jeder Geschichte, Impulse zur eigenen Textproduktion und Sprechanl\u00e4sse &#8212; Werkzeuge zur Arbeit mit literarischen Texten\u201c stehen Ihnen als kostenloser Download zur Verf\u00fcgung.<\/p>\n","protected":false},"excerpt":{"rendered":"<p>13 kurze literarische Geschichten mit \u00dcbungen zum Leseverst\u00e4ndnis &#8212; Vorschl\u00e4ge f\u00fcr Aktivit\u00e4ten zu jeder Geschichte, Impulse zur eigenen Textproduktion und Sprechanl\u00e4sse &#8212; Werkzeuge zur Arbeit mit literarischen Texten\u201c stehen Ihnen als kostenloser Download zur Verf\u00fcgung.<\/p>\n","protected":false},"featured_media":57472,"template":"","meta":{"_acf_changed":false,"inline_featured_image":false},"product_brand":[],"product_cat":[851],"product_tag":[],"series":[{"id":581,"name":"Zwischendurch","slug":"zwischendurch"}],"publisher":[{"id":497,"name":"Hueber Verlag","slug":"hueber-verlag"}],"class_list":{"0":"post-21190","1":"product","2":"type-product","3":"status-publish","4":"has-post-thumbnail","6":"product_cat-lesetexte-deutsch","7":"series-zwischendurch","8":"publisher-hueber-verlag","10":"first","11":"instock","12":"taxable","13":"shipping-taxable","14":"purchasable","15":"product-type-simple"},"acf":[],"_links":{"self":[{"href":"https:\/\/exlibris.ee\/ru\/wp-json\/wp\/v2\/product\/21190","targetHints":{"allow":["GET"]}}],"collection":[{"href":"https:\/\/exlibris.ee\/ru\/wp-json\/wp\/v2\/product"}],"about":[{"href":"https:\/\/exlibris.ee\/ru\/wp-json\/wp\/v2\/types\/product"}],"wp:featuredmedia":[{"embeddable":true,"href":"https:\/\/exlibris.ee\/ru\/wp-json\/wp\/v2\/media\/57472"}],"wp:attachment":[{"href":"https:\/\/exlibris.ee\/ru\/wp-json\/wp\/v2\/media?parent=21190"}],"wp:term":[{"taxonomy":"product_brand","embeddable":true,"href":"https:\/\/exlibris.ee\/ru\/wp-json\/wp\/v2\/product_brand?post=21190"},{"taxonomy":"product_cat","embeddable":true,"href":"https:\/\/exlibris.ee\/ru\/wp-json\/wp\/v2\/product_cat?post=21190"},{"taxonomy":"product_tag","embeddable":true,"href":"https:\/\/exlibris.ee\/ru\/wp-json\/wp\/v2\/product_tag?post=21190"},{"taxonomy":"series","embeddable":true,"href":"https:\/\/exlibris.ee\/ru\/wp-json\/wp\/v2\/series?post=21190"},{"taxonomy":"publisher","embeddable":true,"href":"https:\/\/exlibris.ee\/ru\/wp-json\/wp\/v2\/publisher?post=21190"}],"curies":[{"name":"wp","href":"https:\/\/api.w.org\/{rel}","templated":true}]}}