{"id":21193,"date":"2023-02-27T13:41:56","date_gmt":"2023-02-27T11:41:56","guid":{"rendered":"https:\/\/exlibris.ee\/toode\/kikus-arbeitsblatter-bildkartchen\/"},"modified":"2026-04-13T05:38:00","modified_gmt":"2026-04-13T02:38:00","slug":"kikus-arbeitsblatter-bildkartchen","status":"publish","type":"product","link":"https:\/\/exlibris.ee\/ru\/produkt\/kikus-arbeitsblatter-bildkartchen\/","title":{"rendered":"KIKUS Deutsch  zur Bearbeitung und Wiederholung des Wortschatzes \/ Arbeitsbl\u00e4tter Bildk\u00e4rtchen"},"content":{"rendered":"<p>Arbeitsbl\u00e4tter Bildk\u00e4rtchen (zur Ausgabe an die Lerner) Analog zu den Bildkarten gibt es die 480 Bildk\u00e4rtchen auch in klein zur Bearbeitung im Kurs und zu Hause (20 Bl\u00e4tter mit je 24 K\u00e4rtchen zum Ausschneiden). Die schwarz-wei\u00dfen Bildk\u00e4rtchen sind mit Begriffen in der Zielsprache und mit K\u00e4stchen f\u00fcr die \u00dcbersetzung in die Muttersprache versehen. So wird der Basiswortschatz vertieft und gefestigt. Einsatzm\u00f6glichkeiten: Nachspielen der Kursaktivit\u00e4ten zu Hause, Artikelarbeit etc. Die Bildk\u00e4rtchen k\u00f6nnen erg\u00e4nzend zu den Arbeitsbl\u00e4ttern 1-3 eingesetzt werden. Altersempfehlung: ab 4\/5 Jahren; sie sind auch f\u00fcr den Unterricht mit Jugendlichen und Erwachsenen geeignet.<\/p>\n","protected":false},"excerpt":{"rendered":"<p>Arbeitsbl\u00e4tter Bildk\u00e4rtchen (zur Ausgabe an die Lerner) Analog zu den Bildkarten gibt es die 480 Bildk\u00e4rtchen auch in klein zur Bearbeitung im Kurs und zu Hause (20 Bl\u00e4tter mit je 24 K\u00e4rtchen zum Ausschneiden). Die schwarz-wei\u00dfen Bildk\u00e4rtchen sind mit Begriffen&#8230;<\/p>\n","protected":false},"featured_media":57490,"template":"","meta":{"_acf_changed":false,"inline_featured_image":false},"product_brand":[],"product_cat":[471],"product_tag":[],"series":[{"id":575,"name":"Kikus","slug":"kikus"}],"publisher":[{"id":497,"name":"Hueber Verlag","slug":"hueber-verlag"}],"class_list":{"0":"post-21193","1":"product","2":"type-product","3":"status-publish","4":"has-post-thumbnail","6":"product_cat-lehrwerke-fur-kinder","7":"series-kikus","8":"publisher-hueber-verlag","10":"first","11":"onbackorder","12":"taxable","13":"shipping-taxable","14":"purchasable","15":"product-type-simple"},"acf":[],"_links":{"self":[{"href":"https:\/\/exlibris.ee\/ru\/wp-json\/wp\/v2\/product\/21193","targetHints":{"allow":["GET"]}}],"collection":[{"href":"https:\/\/exlibris.ee\/ru\/wp-json\/wp\/v2\/product"}],"about":[{"href":"https:\/\/exlibris.ee\/ru\/wp-json\/wp\/v2\/types\/product"}],"wp:featuredmedia":[{"embeddable":true,"href":"https:\/\/exlibris.ee\/ru\/wp-json\/wp\/v2\/media\/57490"}],"wp:attachment":[{"href":"https:\/\/exlibris.ee\/ru\/wp-json\/wp\/v2\/media?parent=21193"}],"wp:term":[{"taxonomy":"product_brand","embeddable":true,"href":"https:\/\/exlibris.ee\/ru\/wp-json\/wp\/v2\/product_brand?post=21193"},{"taxonomy":"product_cat","embeddable":true,"href":"https:\/\/exlibris.ee\/ru\/wp-json\/wp\/v2\/product_cat?post=21193"},{"taxonomy":"product_tag","embeddable":true,"href":"https:\/\/exlibris.ee\/ru\/wp-json\/wp\/v2\/product_tag?post=21193"},{"taxonomy":"series","embeddable":true,"href":"https:\/\/exlibris.ee\/ru\/wp-json\/wp\/v2\/series?post=21193"},{"taxonomy":"publisher","embeddable":true,"href":"https:\/\/exlibris.ee\/ru\/wp-json\/wp\/v2\/publisher?post=21193"}],"curies":[{"name":"wp","href":"https:\/\/api.w.org\/{rel}","templated":true}]}}