{"id":21194,"date":"2023-02-27T13:41:56","date_gmt":"2023-02-27T11:41:56","guid":{"rendered":"https:\/\/exlibris.ee\/toode\/paul-lisa-co-a1-1-digitalisiertes-arbeitsbuch\/"},"modified":"2026-04-13T05:38:01","modified_gmt":"2026-04-13T02:38:01","slug":"paul-lisa-co-a1-1-digitalisiertes-arbeitsbuch","status":"publish","type":"product","link":"https:\/\/exlibris.ee\/ru\/produkt\/paul-lisa-co-a1-1-digitalisiertes-arbeitsbuch\/","title":{"rendered":"Paul, Lisa &amp; Co A1.1 \u2013 Interaktive Version  Deutsch f\u00fcr Kinder \/ Digitalisiertes Arbeitsbuch mit interaktiven \u00dcbungen"},"content":{"rendered":"<p>Digitalisiertes Arbeitsbuch mit interaktiven \u00dcbungen Das Arbeitsbuch besteht aus 5 Modulen mit jeweils zwei Lektionen. Der Lernstoff wird mit selbstentdeckenden, spielerischen Grammatik\u00fcbungen (z.B. \u00dcbungen mit Stickern, R\u00e4tsel) vertieft. Am Ende jeder Lektion gibt es eine Seite mit illustriertem Lernwortschatz. Jedes Modul schlie\u00dft mit einer Seite Selbstevaluation ab, auf der die Lerner ihren Fortschritt\/ihre Kenntnisse \u00fcberpr\u00fcfen k\u00f6nnen.<\/p>\n","protected":false},"excerpt":{"rendered":"<p>Digitalisiertes Arbeitsbuch mit interaktiven \u00dcbungen Das Arbeitsbuch besteht aus 5 Modulen mit jeweils zwei Lektionen. Der Lernstoff wird mit selbstentdeckenden, spielerischen Grammatik\u00fcbungen (z.B. \u00dcbungen mit Stickern, R\u00e4tsel) vertieft. Am Ende jeder Lektion gibt es eine Seite mit illustriertem Lernwortschatz. Jedes&#8230;<\/p>\n","protected":false},"featured_media":57493,"template":"","meta":{"_acf_changed":false,"inline_featured_image":false},"product_brand":[],"product_cat":[471],"product_tag":[],"series":[{"id":586,"name":"Paul, Lisa &amp; Co A1\/1","slug":"paul-lisa-co-a1-1"}],"publisher":[{"id":497,"name":"Hueber Verlag","slug":"hueber-verlag"}],"class_list":{"0":"post-21194","1":"product","2":"type-product","3":"status-publish","4":"has-post-thumbnail","6":"product_cat-lehrwerke-fur-kinder","7":"series-paul-lisa-co-a1-1","8":"publisher-hueber-verlag","10":"first","11":"onbackorder","12":"taxable","13":"shipping-taxable","14":"purchasable","15":"product-type-simple"},"acf":[],"_links":{"self":[{"href":"https:\/\/exlibris.ee\/ru\/wp-json\/wp\/v2\/product\/21194","targetHints":{"allow":["GET"]}}],"collection":[{"href":"https:\/\/exlibris.ee\/ru\/wp-json\/wp\/v2\/product"}],"about":[{"href":"https:\/\/exlibris.ee\/ru\/wp-json\/wp\/v2\/types\/product"}],"wp:featuredmedia":[{"embeddable":true,"href":"https:\/\/exlibris.ee\/ru\/wp-json\/wp\/v2\/media\/57493"}],"wp:attachment":[{"href":"https:\/\/exlibris.ee\/ru\/wp-json\/wp\/v2\/media?parent=21194"}],"wp:term":[{"taxonomy":"product_brand","embeddable":true,"href":"https:\/\/exlibris.ee\/ru\/wp-json\/wp\/v2\/product_brand?post=21194"},{"taxonomy":"product_cat","embeddable":true,"href":"https:\/\/exlibris.ee\/ru\/wp-json\/wp\/v2\/product_cat?post=21194"},{"taxonomy":"product_tag","embeddable":true,"href":"https:\/\/exlibris.ee\/ru\/wp-json\/wp\/v2\/product_tag?post=21194"},{"taxonomy":"series","embeddable":true,"href":"https:\/\/exlibris.ee\/ru\/wp-json\/wp\/v2\/series?post=21194"},{"taxonomy":"publisher","embeddable":true,"href":"https:\/\/exlibris.ee\/ru\/wp-json\/wp\/v2\/publisher?post=21194"}],"curies":[{"name":"wp","href":"https:\/\/api.w.org\/{rel}","templated":true}]}}