{"id":21195,"date":"2023-02-27T13:41:56","date_gmt":"2023-02-27T11:41:56","guid":{"rendered":"https:\/\/exlibris.ee\/toode\/menschen-a1-1-kursbuch\/"},"modified":"2026-04-04T03:22:58","modified_gmt":"2026-04-04T00:22:58","slug":"menschen-a1-1-kursbuch","status":"publish","type":"product","link":"https:\/\/exlibris.ee\/ru\/produkt\/menschen-a1-1-kursbuch\/","title":{"rendered":"Menschen A1.1  Kursbuch"},"content":{"rendered":"<p>Kursbuch der sechsb\u00e4ndigen Ausgabe mit Audios online Teilband Niveau A1.1 Zielgruppe: Erwachsene und Jugendliche ab 16 Jahren ohne Vorkenntnisse in Grundstufenkursen &#8212; die Lektionen umfassen je vier Seiten und folgen einem transparenten, wiederkehrenden Aufbau: &#8212; jede Lektion beginnt mit einer interessanten Einstiegssituation \u2013 meist mit einem H\u00f6rtext kombiniert \u2013, die in die Thematik der Lektion einf\u00fchrt und Emotionen und Interesse weckt &#8212; auf der folgenden Doppelseite werden, ausgehend von der Einstiegssituation, die neuen Wortfelder, die Strukturen und Redemittel anhand von authentischen Lese- und H\u00f6rtexten eingef\u00fchrt und ge\u00fcbt &#8212; das neue Wortfeld der Lektion wird in der Kopfzeile prominent und gut memorierbar als Bildlexikon pr\u00e4sentiert &#8212; Abschlussseite: Schreibtraining, Sprechtraining oder Mini-Projekte greifen den Lektionsstoff auf und die Strukturen und wichtigen Wendungen werden \u00fcbersichtlich zusammengefasst &#8212; die vier zus\u00e4tzlichen Modul-Plus-Seiten bieten weitere interessante Informationen: &#8212; Lesemagazin: Magazinseite mit vielf\u00e4ltigen zus\u00e4tzlichen Lesetexten &#8212; Film-Stationen: Aufgaben zu den Filmsequenzen &#8212; Projekt Landeskunde: Anregung f\u00fcr ein Projekt &#8212; Ausklang: Lieder mit Tipps zum kreativen Einsatz im Unterricht &#8212; Die Audiodateien stehen als Download im Lehrwerkservice zur Verf\u00fcgung oder k\u00f6nnen direkt in der kostenlosen AR-App abgespielt werden.<\/p>\n","protected":false},"excerpt":{"rendered":"<p>Kursbuch der sechsb\u00e4ndigen Ausgabe mit Audios online Teilband Niveau A1.1 Zielgruppe: Erwachsene und Jugendliche ab 16 Jahren ohne Vorkenntnisse in Grundstufenkursen &#8212; die Lektionen umfassen je vier Seiten und folgen einem transparenten, wiederkehrenden Aufbau: &#8212; jede Lektion beginnt mit einer&#8230;<\/p>\n","protected":false},"featured_media":24828,"template":"","meta":{"_acf_changed":false,"inline_featured_image":false},"product_brand":[],"product_cat":[1121],"product_tag":[],"series":[{"id":589,"name":"Menschen A1.1","slug":"menschen-a1-1"}],"publisher":[{"id":497,"name":"Hueber Verlag","slug":"hueber-verlag"}],"class_list":{"0":"post-21195","1":"product","2":"type-product","3":"status-publish","4":"has-post-thumbnail","6":"product_cat-lehrwerke-fur-jugendliche-und-erwachsene","7":"series-menschen-a1-1","8":"publisher-hueber-verlag","10":"first","11":"instock","12":"taxable","13":"shipping-taxable","14":"purchasable","15":"product-type-simple"},"acf":[],"_links":{"self":[{"href":"https:\/\/exlibris.ee\/ru\/wp-json\/wp\/v2\/product\/21195","targetHints":{"allow":["GET"]}}],"collection":[{"href":"https:\/\/exlibris.ee\/ru\/wp-json\/wp\/v2\/product"}],"about":[{"href":"https:\/\/exlibris.ee\/ru\/wp-json\/wp\/v2\/types\/product"}],"wp:featuredmedia":[{"embeddable":true,"href":"https:\/\/exlibris.ee\/ru\/wp-json\/wp\/v2\/media\/24828"}],"wp:attachment":[{"href":"https:\/\/exlibris.ee\/ru\/wp-json\/wp\/v2\/media?parent=21195"}],"wp:term":[{"taxonomy":"product_brand","embeddable":true,"href":"https:\/\/exlibris.ee\/ru\/wp-json\/wp\/v2\/product_brand?post=21195"},{"taxonomy":"product_cat","embeddable":true,"href":"https:\/\/exlibris.ee\/ru\/wp-json\/wp\/v2\/product_cat?post=21195"},{"taxonomy":"product_tag","embeddable":true,"href":"https:\/\/exlibris.ee\/ru\/wp-json\/wp\/v2\/product_tag?post=21195"},{"taxonomy":"series","embeddable":true,"href":"https:\/\/exlibris.ee\/ru\/wp-json\/wp\/v2\/series?post=21195"},{"taxonomy":"publisher","embeddable":true,"href":"https:\/\/exlibris.ee\/ru\/wp-json\/wp\/v2\/publisher?post=21195"}],"curies":[{"name":"wp","href":"https:\/\/api.w.org\/{rel}","templated":true}]}}