{"id":21209,"date":"2023-02-27T13:41:58","date_gmt":"2023-02-27T11:41:58","guid":{"rendered":"https:\/\/exlibris.ee\/toode\/wortschatz-grammatik-3\/"},"modified":"2026-05-02T13:31:12","modified_gmt":"2026-05-02T10:31:12","slug":"wortschatz-grammatik-3","status":"publish","type":"product","link":"https:\/\/exlibris.ee\/ru\/produkt\/wortschatz-grammatik-3\/","title":{"rendered":"Wortschatz &amp; Grammatik B1  Buch"},"content":{"rendered":"<p>Wortschatz &amp; Grammatik B1 beinhaltet \u2013 ausgehend von den Bed\u00fcrfnissen der Lerner \u2013 zahlreiche \u00dcbungen zu allen f\u00fcr das Niveau B1 relevanten W\u00f6rter und Grammatikthemen (Zuordnungs\u00fcbungen, L\u00fcckentexte, spielerische \u00dcbungen, Umformungs\u00fcbungen, Satzbildungs\u00fcbungen etc.). Der integrierte L\u00f6sungsschl\u00fcssel hilft bei der selbstst\u00e4ndigen Lernerfolgskontrolle. Der \u00dcbungstrainer enth\u00e4lt viele zus\u00e4tzliche Lerntipps sowie zahlreiche Illustrationen zur Veranschaulichung. \u00d6sterreichische und Schweizer Varianten werden ber\u00fccksichtigt.<\/p>\n","protected":false},"excerpt":{"rendered":"<p>Wortschatz &amp; Grammatik B1 beinhaltet \u2013 ausgehend von den Bed\u00fcrfnissen der Lerner \u2013 zahlreiche \u00dcbungen zu allen f\u00fcr das Niveau B1 relevanten W\u00f6rter und Grammatikthemen (Zuordnungs\u00fcbungen, L\u00fcckentexte, spielerische \u00dcbungen, Umformungs\u00fcbungen, Satzbildungs\u00fcbungen etc.). Der integrierte L\u00f6sungsschl\u00fcssel hilft bei der selbstst\u00e4ndigen Lernerfolgskontrolle&#8230;.<\/p>\n","protected":false},"featured_media":57772,"template":"","meta":{"_acf_changed":false,"inline_featured_image":false},"product_brand":[],"product_cat":[480],"product_tag":[],"series":[{"id":481,"name":"Grammatik","slug":"grammatik"}],"publisher":[{"id":497,"name":"Hueber Verlag","slug":"hueber-verlag"}],"class_list":{"0":"post-21209","1":"product","2":"type-product","3":"status-publish","4":"has-post-thumbnail","6":"product_cat-grammatiken","7":"series-grammatik","8":"publisher-hueber-verlag","10":"first","11":"onbackorder","12":"taxable","13":"shipping-taxable","14":"purchasable","15":"product-type-simple"},"acf":[],"_links":{"self":[{"href":"https:\/\/exlibris.ee\/ru\/wp-json\/wp\/v2\/product\/21209","targetHints":{"allow":["GET"]}}],"collection":[{"href":"https:\/\/exlibris.ee\/ru\/wp-json\/wp\/v2\/product"}],"about":[{"href":"https:\/\/exlibris.ee\/ru\/wp-json\/wp\/v2\/types\/product"}],"wp:featuredmedia":[{"embeddable":true,"href":"https:\/\/exlibris.ee\/ru\/wp-json\/wp\/v2\/media\/57772"}],"wp:attachment":[{"href":"https:\/\/exlibris.ee\/ru\/wp-json\/wp\/v2\/media?parent=21209"}],"wp:term":[{"taxonomy":"product_brand","embeddable":true,"href":"https:\/\/exlibris.ee\/ru\/wp-json\/wp\/v2\/product_brand?post=21209"},{"taxonomy":"product_cat","embeddable":true,"href":"https:\/\/exlibris.ee\/ru\/wp-json\/wp\/v2\/product_cat?post=21209"},{"taxonomy":"product_tag","embeddable":true,"href":"https:\/\/exlibris.ee\/ru\/wp-json\/wp\/v2\/product_tag?post=21209"},{"taxonomy":"series","embeddable":true,"href":"https:\/\/exlibris.ee\/ru\/wp-json\/wp\/v2\/series?post=21209"},{"taxonomy":"publisher","embeddable":true,"href":"https:\/\/exlibris.ee\/ru\/wp-json\/wp\/v2\/publisher?post=21209"}],"curies":[{"name":"wp","href":"https:\/\/api.w.org\/{rel}","templated":true}]}}