{"id":21220,"date":"2023-02-27T13:42:00","date_gmt":"2023-02-27T11:42:00","guid":{"rendered":"https:\/\/exlibris.ee\/toode\/gute-idee-a1-1-kursbuch\/"},"modified":"2026-04-24T01:57:48","modified_gmt":"2026-04-23T22:57:48","slug":"gute-idee-a1-1-kursbuch","status":"publish","type":"product","link":"https:\/\/exlibris.ee\/ru\/produkt\/gute-idee-a1-1-kursbuch\/","title":{"rendered":"Gute Idee! A1.1  Deutsch f\u00fcr Jugendliche \/ Kursbuch"},"content":{"rendered":"<p>Gute Idee! \u2013 das motivierend andere Jugendlichenlehrwerk f\u00fcr Deutsch als Fremdsprache Gute Idee! A1.1 Zielgruppe: Jugendliche in Kursen A1.1 an Schulen und anderen Institutionen weltweit Gute Idee! ist ein jugendlichengerechtes Lehrwerk, das durch emotional ber\u00fchrende, ausgefallene Texte und Themen f\u00fcr den Deutschunterricht motiviert. Es er\u00f6ffnet neue Themenfelder, die nicht der unmittelbaren Alltagsrealit\u00e4t der Jugendlichen entstammen. Die Inhalte sind international angelegt und ber\u00fccksichtigen die vielf\u00e4ltigen Lebenswelten junger Menschen weltweit.<\/p>\n","protected":false},"excerpt":{"rendered":"<p>Gute Idee! \u2013 das motivierend andere Jugendlichenlehrwerk f\u00fcr Deutsch als Fremdsprache Gute Idee! A1.1 Zielgruppe: Jugendliche in Kursen A1.1 an Schulen und anderen Institutionen weltweit Gute Idee! ist ein jugendlichengerechtes Lehrwerk, das durch emotional ber\u00fchrende, ausgefallene Texte und Themen f\u00fcr&#8230;<\/p>\n","protected":false},"featured_media":57829,"template":"","meta":{"_acf_changed":false,"inline_featured_image":false},"product_brand":[],"product_cat":[1127],"product_tag":[],"series":[{"id":597,"name":"Gute Idee! A1.1","slug":"gute-idee-a1-1"}],"publisher":[{"id":497,"name":"Hueber Verlag","slug":"hueber-verlag"}],"class_list":{"0":"post-21220","1":"product","2":"type-product","3":"status-publish","4":"has-post-thumbnail","6":"product_cat-deutsch-fur-jugendliche","7":"series-gute-idee-a1-1","8":"publisher-hueber-verlag","10":"first","11":"onbackorder","12":"taxable","13":"shipping-taxable","14":"purchasable","15":"product-type-simple"},"acf":[],"_links":{"self":[{"href":"https:\/\/exlibris.ee\/ru\/wp-json\/wp\/v2\/product\/21220","targetHints":{"allow":["GET"]}}],"collection":[{"href":"https:\/\/exlibris.ee\/ru\/wp-json\/wp\/v2\/product"}],"about":[{"href":"https:\/\/exlibris.ee\/ru\/wp-json\/wp\/v2\/types\/product"}],"wp:featuredmedia":[{"embeddable":true,"href":"https:\/\/exlibris.ee\/ru\/wp-json\/wp\/v2\/media\/57829"}],"wp:attachment":[{"href":"https:\/\/exlibris.ee\/ru\/wp-json\/wp\/v2\/media?parent=21220"}],"wp:term":[{"taxonomy":"product_brand","embeddable":true,"href":"https:\/\/exlibris.ee\/ru\/wp-json\/wp\/v2\/product_brand?post=21220"},{"taxonomy":"product_cat","embeddable":true,"href":"https:\/\/exlibris.ee\/ru\/wp-json\/wp\/v2\/product_cat?post=21220"},{"taxonomy":"product_tag","embeddable":true,"href":"https:\/\/exlibris.ee\/ru\/wp-json\/wp\/v2\/product_tag?post=21220"},{"taxonomy":"series","embeddable":true,"href":"https:\/\/exlibris.ee\/ru\/wp-json\/wp\/v2\/series?post=21220"},{"taxonomy":"publisher","embeddable":true,"href":"https:\/\/exlibris.ee\/ru\/wp-json\/wp\/v2\/publisher?post=21220"}],"curies":[{"name":"wp","href":"https:\/\/api.w.org\/{rel}","templated":true}]}}