{"id":21227,"date":"2023-02-27T13:42:02","date_gmt":"2023-02-27T11:42:02","guid":{"rendered":"https:\/\/exlibris.ee\/toode\/momente-a1-arbeitsbuch-plus-interaktive-version\/"},"modified":"2026-04-18T15:46:50","modified_gmt":"2026-04-18T12:46:50","slug":"momente-a1-arbeitsbuch-plus-interaktive-version","status":"publish","type":"product","link":"https:\/\/exlibris.ee\/ru\/produkt\/momente-a1-arbeitsbuch-plus-interaktive-version\/","title":{"rendered":"Momente A1  Arbeitsbuch plus interaktive Version"},"content":{"rendered":"<p>Momente \u2013 das intermediale Grundstufenlehrwerk f\u00fcr Deutsch als Fremdsprache Arbeitsbuch A1 plus interaktive Version (\u00fcber Code im Buch abrufbar) der dreib\u00e4ndigen Ausgabe Zielgruppe: Erwachsene und Jugendliche ab 16 Jahren in A1-Kursen weltweit<\/p>\n","protected":false},"excerpt":{"rendered":"<p>Momente \u2013 das intermediale Grundstufenlehrwerk f\u00fcr Deutsch als Fremdsprache Arbeitsbuch A1 plus interaktive Version (\u00fcber Code im Buch abrufbar) der dreib\u00e4ndigen Ausgabe Zielgruppe: Erwachsene und Jugendliche ab 16 Jahren in A1-Kursen weltweit<\/p>\n","protected":false},"featured_media":57874,"template":"","meta":{"_acf_changed":false,"inline_featured_image":false},"product_brand":[],"product_cat":[1121],"product_tag":[],"series":[{"id":596,"name":"Momente A1","slug":"momente-a1"}],"publisher":[{"id":497,"name":"Hueber Verlag","slug":"hueber-verlag"}],"class_list":{"0":"post-21227","1":"product","2":"type-product","3":"status-publish","4":"has-post-thumbnail","6":"product_cat-lehrwerke-fur-jugendliche-und-erwachsene","7":"series-momente-a1","8":"publisher-hueber-verlag","10":"first","11":"onbackorder","12":"taxable","13":"shipping-taxable","14":"purchasable","15":"product-type-simple"},"acf":[],"_links":{"self":[{"href":"https:\/\/exlibris.ee\/ru\/wp-json\/wp\/v2\/product\/21227","targetHints":{"allow":["GET"]}}],"collection":[{"href":"https:\/\/exlibris.ee\/ru\/wp-json\/wp\/v2\/product"}],"about":[{"href":"https:\/\/exlibris.ee\/ru\/wp-json\/wp\/v2\/types\/product"}],"wp:featuredmedia":[{"embeddable":true,"href":"https:\/\/exlibris.ee\/ru\/wp-json\/wp\/v2\/media\/57874"}],"wp:attachment":[{"href":"https:\/\/exlibris.ee\/ru\/wp-json\/wp\/v2\/media?parent=21227"}],"wp:term":[{"taxonomy":"product_brand","embeddable":true,"href":"https:\/\/exlibris.ee\/ru\/wp-json\/wp\/v2\/product_brand?post=21227"},{"taxonomy":"product_cat","embeddable":true,"href":"https:\/\/exlibris.ee\/ru\/wp-json\/wp\/v2\/product_cat?post=21227"},{"taxonomy":"product_tag","embeddable":true,"href":"https:\/\/exlibris.ee\/ru\/wp-json\/wp\/v2\/product_tag?post=21227"},{"taxonomy":"series","embeddable":true,"href":"https:\/\/exlibris.ee\/ru\/wp-json\/wp\/v2\/series?post=21227"},{"taxonomy":"publisher","embeddable":true,"href":"https:\/\/exlibris.ee\/ru\/wp-json\/wp\/v2\/publisher?post=21227"}],"curies":[{"name":"wp","href":"https:\/\/api.w.org\/{rel}","templated":true}]}}