{"id":21300,"date":"2023-02-28T11:09:06","date_gmt":"2023-02-28T09:09:06","guid":{"rendered":"https:\/\/exlibris.ee\/toode\/menschen-a1-2-lehrerhandbuch\/"},"modified":"2026-04-05T17:23:34","modified_gmt":"2026-04-05T14:23:34","slug":"menschen-a1-2-lehrerhandbuch","status":"publish","type":"product","link":"https:\/\/exlibris.ee\/ru\/produkt\/menschen-a1-2-lehrerhandbuch\/","title":{"rendered":"Menschen A1.2: Lehrerhandbuch"},"content":{"rendered":"<p>&#8212; Konzeptbeschreibung<br \/>\n&#8212; ausf\u00fchrliches Unterrichtsraster mit Tipps zu Methodik, Landeskunde uvm.<br \/>\n&#8212; zus\u00e4tzliche Kopiervorlagen zu den Lektionen<br \/>\n&#8212; Transkriptionen der H\u00f6rtexte<br \/>\n&#8212; L\u00f6sungen zum Kursbuch<\/p>\n","protected":false},"excerpt":{"rendered":"<p>&#8212; Konzeptbeschreibung &#8212; ausf\u00fchrliches Unterrichtsraster mit Tipps zu Methodik, Landeskunde uvm. &#8212; zus\u00e4tzliche Kopiervorlagen zu den Lektionen &#8212; Transkriptionen der H\u00f6rtexte &#8212; L\u00f6sungen zum Kursbuch<\/p>\n","protected":false},"featured_media":22629,"template":"","meta":{"_acf_changed":false,"inline_featured_image":false},"product_brand":[],"product_cat":[1121],"product_tag":[],"series":[{"id":600,"name":"Menschen A1.2","slug":"menschen-a1-2"}],"publisher":[{"id":497,"name":"Hueber Verlag","slug":"hueber-verlag"}],"class_list":{"0":"post-21300","1":"product","2":"type-product","3":"status-publish","4":"has-post-thumbnail","6":"product_cat-lehrwerke-fur-jugendliche-und-erwachsene","7":"series-menschen-a1-2","8":"publisher-hueber-verlag","10":"first","11":"onbackorder","12":"taxable","13":"shipping-taxable","14":"purchasable","15":"product-type-simple"},"acf":[],"_links":{"self":[{"href":"https:\/\/exlibris.ee\/ru\/wp-json\/wp\/v2\/product\/21300","targetHints":{"allow":["GET"]}}],"collection":[{"href":"https:\/\/exlibris.ee\/ru\/wp-json\/wp\/v2\/product"}],"about":[{"href":"https:\/\/exlibris.ee\/ru\/wp-json\/wp\/v2\/types\/product"}],"wp:featuredmedia":[{"embeddable":true,"href":"https:\/\/exlibris.ee\/ru\/wp-json\/wp\/v2\/media\/22629"}],"wp:attachment":[{"href":"https:\/\/exlibris.ee\/ru\/wp-json\/wp\/v2\/media?parent=21300"}],"wp:term":[{"taxonomy":"product_brand","embeddable":true,"href":"https:\/\/exlibris.ee\/ru\/wp-json\/wp\/v2\/product_brand?post=21300"},{"taxonomy":"product_cat","embeddable":true,"href":"https:\/\/exlibris.ee\/ru\/wp-json\/wp\/v2\/product_cat?post=21300"},{"taxonomy":"product_tag","embeddable":true,"href":"https:\/\/exlibris.ee\/ru\/wp-json\/wp\/v2\/product_tag?post=21300"},{"taxonomy":"series","embeddable":true,"href":"https:\/\/exlibris.ee\/ru\/wp-json\/wp\/v2\/series?post=21300"},{"taxonomy":"publisher","embeddable":true,"href":"https:\/\/exlibris.ee\/ru\/wp-json\/wp\/v2\/publisher?post=21300"}],"curies":[{"name":"wp","href":"https:\/\/api.w.org\/{rel}","templated":true}]}}