{"id":21301,"date":"2023-02-28T11:09:06","date_gmt":"2023-02-28T09:09:06","guid":{"rendered":"https:\/\/exlibris.ee\/toode\/menschen-a2-2-lehrerhandbuch\/"},"modified":"2026-04-06T11:08:51","modified_gmt":"2026-04-06T08:08:51","slug":"menschen-a2-2-lehrerhandbuch","status":"publish","type":"product","link":"https:\/\/exlibris.ee\/ru\/produkt\/menschen-a2-2-lehrerhandbuch\/","title":{"rendered":"Menschen A2.2:  Lehrerhandbuch"},"content":{"rendered":"<p>Das Lehrerhandbuch enth\u00e4lt eine ausf\u00fchrliche Konzeptbeschreibung, detaillierte methodisch-didaktische Hinweise zu jedem Lernschritt des Kursbuchs, zus\u00e4tzliche Kopiervorlagen, Tests zu den Modulen sowie die L\u00f6sungen und Transkriptionen.<\/p>\n","protected":false},"excerpt":{"rendered":"<p>Das Lehrerhandbuch enth\u00e4lt eine ausf\u00fchrliche Konzeptbeschreibung, detaillierte methodisch-didaktische Hinweise zu jedem Lernschritt des Kursbuchs, zus\u00e4tzliche Kopiervorlagen, Tests zu den Modulen sowie die L\u00f6sungen und Transkriptionen.<\/p>\n","protected":false},"featured_media":23850,"template":"","meta":{"_acf_changed":false,"inline_featured_image":false},"product_brand":[],"product_cat":[1121],"product_tag":[],"series":[{"id":556,"name":"Menschen A2.2","slug":"menschen-a2-2"}],"publisher":[{"id":497,"name":"Hueber Verlag","slug":"hueber-verlag"}],"class_list":{"0":"post-21301","1":"product","2":"type-product","3":"status-publish","4":"has-post-thumbnail","6":"product_cat-lehrwerke-fur-jugendliche-und-erwachsene","7":"series-menschen-a2-2","8":"publisher-hueber-verlag","10":"first","11":"instock","12":"taxable","13":"shipping-taxable","14":"purchasable","15":"product-type-simple"},"acf":[],"_links":{"self":[{"href":"https:\/\/exlibris.ee\/ru\/wp-json\/wp\/v2\/product\/21301","targetHints":{"allow":["GET"]}}],"collection":[{"href":"https:\/\/exlibris.ee\/ru\/wp-json\/wp\/v2\/product"}],"about":[{"href":"https:\/\/exlibris.ee\/ru\/wp-json\/wp\/v2\/types\/product"}],"wp:featuredmedia":[{"embeddable":true,"href":"https:\/\/exlibris.ee\/ru\/wp-json\/wp\/v2\/media\/23850"}],"wp:attachment":[{"href":"https:\/\/exlibris.ee\/ru\/wp-json\/wp\/v2\/media?parent=21301"}],"wp:term":[{"taxonomy":"product_brand","embeddable":true,"href":"https:\/\/exlibris.ee\/ru\/wp-json\/wp\/v2\/product_brand?post=21301"},{"taxonomy":"product_cat","embeddable":true,"href":"https:\/\/exlibris.ee\/ru\/wp-json\/wp\/v2\/product_cat?post=21301"},{"taxonomy":"product_tag","embeddable":true,"href":"https:\/\/exlibris.ee\/ru\/wp-json\/wp\/v2\/product_tag?post=21301"},{"taxonomy":"series","embeddable":true,"href":"https:\/\/exlibris.ee\/ru\/wp-json\/wp\/v2\/series?post=21301"},{"taxonomy":"publisher","embeddable":true,"href":"https:\/\/exlibris.ee\/ru\/wp-json\/wp\/v2\/publisher?post=21301"}],"curies":[{"name":"wp","href":"https:\/\/api.w.org\/{rel}","templated":true}]}}