{"id":21303,"date":"2023-02-28T11:09:07","date_gmt":"2023-02-28T09:09:07","guid":{"rendered":"https:\/\/exlibris.ee\/toode\/sprachspiele-und-mehr-quick-buzz-das-vokabelduell-deutsch\/"},"modified":"2026-04-05T17:23:35","modified_gmt":"2026-04-05T14:23:35","slug":"sprachspiele-und-mehr-quick-buzz-das-vokabelduell-deutsch","status":"publish","type":"product","link":"https:\/\/exlibris.ee\/ru\/produkt\/sprachspiele-und-mehr-quick-buzz-das-vokabelduell-deutsch\/","title":{"rendered":"QUICK BUZZ \u2013 Das Vokabelduell \u2013 Deutsch  Sprachspiel"},"content":{"rendered":"<p>Schnell denken, schnell reagieren, geschickt kombinieren \u2013 darum geht es bei QUICK BUZZ \u2013 Das Vokabelduell &#8212; Deutsch. Wer die Vokabel kennt und als erster auf die Tischglocke haut, gewinnt die Karte. Jeder Spieler versucht m\u00f6glichst viele Karten zu sammeln. Au\u00dferdem gibt es f\u00fcr bestimmte Kartenkombinationen Bonuspunkte. Der Spieler, der mit seinen gesammelten Karten und den damit m\u00f6glichen Kartenkombinationen die h\u00f6chste Punktzahl erreicht, gewinnt das Spiel. QUICK BUZZ ist mehr als Vokabeltraining, denn auch Konzentration und Reaktion werden ge\u00fcbt. Das Spiel ist f\u00fcr zwei bis sechs Spieler geeignet. Bestandteile: 1 Tischglocke, 250 Karten mit Bildern, 1 Spielregel, Brosch\u00fcre mit Vokabeln.<\/p>\n","protected":false},"excerpt":{"rendered":"<p>Schnell denken, schnell reagieren, geschickt kombinieren \u2013 darum geht es bei QUICK BUZZ \u2013 Das Vokabelduell &#8212; Deutsch. Wer die Vokabel kennt und als erster auf die Tischglocke haut, gewinnt die Karte. Jeder Spieler versucht m\u00f6glichst viele Karten zu sammeln&#8230;.<\/p>\n","protected":false},"featured_media":24969,"template":"","meta":{"_acf_changed":false,"inline_featured_image":false},"product_brand":[],"product_cat":[503],"product_tag":[],"series":[{"id":504,"name":"Sprachspiele und Mehr","slug":"sprachspiele-und-mehr"}],"publisher":[{"id":473,"name":"Klett Verlag","slug":"klett-verlag"}],"class_list":{"0":"post-21303","1":"product","2":"type-product","3":"status-publish","4":"has-post-thumbnail","6":"product_cat-lernen-mit-bildern-und-spielen","7":"series-sprachspiele-und-mehr","8":"publisher-klett-verlag","10":"first","11":"onbackorder","12":"taxable","13":"shipping-taxable","14":"purchasable","15":"product-type-simple"},"acf":[],"_links":{"self":[{"href":"https:\/\/exlibris.ee\/ru\/wp-json\/wp\/v2\/product\/21303","targetHints":{"allow":["GET"]}}],"collection":[{"href":"https:\/\/exlibris.ee\/ru\/wp-json\/wp\/v2\/product"}],"about":[{"href":"https:\/\/exlibris.ee\/ru\/wp-json\/wp\/v2\/types\/product"}],"wp:featuredmedia":[{"embeddable":true,"href":"https:\/\/exlibris.ee\/ru\/wp-json\/wp\/v2\/media\/24969"}],"wp:attachment":[{"href":"https:\/\/exlibris.ee\/ru\/wp-json\/wp\/v2\/media?parent=21303"}],"wp:term":[{"taxonomy":"product_brand","embeddable":true,"href":"https:\/\/exlibris.ee\/ru\/wp-json\/wp\/v2\/product_brand?post=21303"},{"taxonomy":"product_cat","embeddable":true,"href":"https:\/\/exlibris.ee\/ru\/wp-json\/wp\/v2\/product_cat?post=21303"},{"taxonomy":"product_tag","embeddable":true,"href":"https:\/\/exlibris.ee\/ru\/wp-json\/wp\/v2\/product_tag?post=21303"},{"taxonomy":"series","embeddable":true,"href":"https:\/\/exlibris.ee\/ru\/wp-json\/wp\/v2\/series?post=21303"},{"taxonomy":"publisher","embeddable":true,"href":"https:\/\/exlibris.ee\/ru\/wp-json\/wp\/v2\/publisher?post=21303"}],"curies":[{"name":"wp","href":"https:\/\/api.w.org\/{rel}","templated":true}]}}