{"id":21307,"date":"2023-02-28T11:09:07","date_gmt":"2023-02-28T09:09:07","guid":{"rendered":"https:\/\/exlibris.ee\/toode\/dabei-a1-2-digitalisiertes-kursbuch\/"},"modified":"2026-04-04T05:14:32","modified_gmt":"2026-04-04T02:14:32","slug":"dabei-a1-2-digitalisiertes-kursbuch","status":"publish","type":"product","link":"https:\/\/exlibris.ee\/ru\/produkt\/dabei-a1-2-digitalisiertes-kursbuch\/","title":{"rendered":"Dabei! A1.2 \u2013 \/ Digitalisiertes Kursbuch mit integrierten Audiodateien"},"content":{"rendered":"<p>Digitalisiertes Kursbuch mit integrierten Audiodateien im MP3-Format sowie zahlreichen interaktiven \u00dcbungen Zielgruppe Jugendliche Deutschlerner (11-15 Jahre) im In- und Ausland Dabei! besteht aus je zwei Halbb\u00e4nden pro Niveaustufe. &#8212; Das Kursbuch gliedert sich in 4 Module (&#171;Themenkreise&#187;) mit je 3 kurzen, abwechslungsreichen Lektionen. &#8212; Den Moduleinstieg bildet eine Bild-Text-Seite mit einer Einstiegsaufgabe und der Ank\u00fcndigung aller Modulthemen und Lernziele. &#8212; In jedem Modul entwickelt sich eine humorvolle Protagonisten-Geschichte, die den Jugendlichen vielf\u00e4ltige Identifikationsm\u00f6glichkeiten bietet. &#8212; am Ende jedes Moduls wiederkehrenden Rubriken wie z.B. Landeskunde, Projektarbeit, Sprachmittlung, Aufgaben zu den Filmen sowie eine Modul-Zusammenfassung mit Beispielen &#8212; Magazin-Seiten mit Spielideen, landeskundlichen Infos zu Festen und Feiern sowie Aufgaben zu den Filmen aus dem Medienpaket am Ende vom Kursbuch &#8212; viele H\u00f6rtexte als Impuls, zum Mitlesen und zur Kontrolle &#8212; integrierte Aussprache\u00fcbungen &#8212; viele \u00dcbungen mit der M\u00f6glichkeit zur Selbstkontrolle &#8212; Extra-Spalte zur Systematisierung und Wiederholung des Gelernten &#8212; transparentes, \u00fcbersichtliches Layout mit vielen Fotos und Illustrationen sowie modernen Textsorten (z.B. Chat) &#8212; wechselseitiges Verweissystem zwischen Kurs- und Arbeitsbuch Zus\u00e4tzliche Funktionen auf der Lern-Plattform BlinkLearning In der Sch\u00fclerversion: Notenanzeige und Leistungsstandspeicherung bei den interaktiven \u00dcbungen. In der Version f\u00fcr Lehrkr\u00e4fte: Der Leistungsstand Ihrer einzelnen Sch\u00fcler\/innen und Ihrer Klasse wird Ihnen \u00fcbersichtlich angezeigt. Mit einem Klick k\u00f6nnen Sie Ihren Sch\u00fcler\/innen eine passende \u00dcbung zuweisen.<\/p>\n","protected":false},"excerpt":{"rendered":"<p>Digitalisiertes Kursbuch mit integrierten Audiodateien im MP3-Format sowie zahlreichen interaktiven \u00dcbungen Zielgruppe Jugendliche Deutschlerner (11-15 Jahre) im In- und Ausland Dabei! besteht aus je zwei Halbb\u00e4nden pro Niveaustufe. &#8212; Das Kursbuch gliedert sich in 4 Module (&#171;Themenkreise&#187;) mit je 3&#8230;<\/p>\n","protected":false},"featured_media":58294,"template":"","meta":{"_acf_changed":false,"inline_featured_image":false},"product_brand":[],"product_cat":[1127],"product_tag":[],"series":[{"id":561,"name":"Dabei! A1.2","slug":"dabei-a1-2"}],"publisher":[{"id":497,"name":"Hueber Verlag","slug":"hueber-verlag"}],"class_list":{"0":"post-21307","1":"product","2":"type-product","3":"status-publish","4":"has-post-thumbnail","6":"product_cat-deutsch-fur-jugendliche","7":"series-dabei-a1-2","8":"publisher-hueber-verlag","10":"first","11":"onbackorder","12":"taxable","13":"shipping-taxable","14":"purchasable","15":"product-type-simple"},"acf":[],"_links":{"self":[{"href":"https:\/\/exlibris.ee\/ru\/wp-json\/wp\/v2\/product\/21307","targetHints":{"allow":["GET"]}}],"collection":[{"href":"https:\/\/exlibris.ee\/ru\/wp-json\/wp\/v2\/product"}],"about":[{"href":"https:\/\/exlibris.ee\/ru\/wp-json\/wp\/v2\/types\/product"}],"wp:featuredmedia":[{"embeddable":true,"href":"https:\/\/exlibris.ee\/ru\/wp-json\/wp\/v2\/media\/58294"}],"wp:attachment":[{"href":"https:\/\/exlibris.ee\/ru\/wp-json\/wp\/v2\/media?parent=21307"}],"wp:term":[{"taxonomy":"product_brand","embeddable":true,"href":"https:\/\/exlibris.ee\/ru\/wp-json\/wp\/v2\/product_brand?post=21307"},{"taxonomy":"product_cat","embeddable":true,"href":"https:\/\/exlibris.ee\/ru\/wp-json\/wp\/v2\/product_cat?post=21307"},{"taxonomy":"product_tag","embeddable":true,"href":"https:\/\/exlibris.ee\/ru\/wp-json\/wp\/v2\/product_tag?post=21307"},{"taxonomy":"series","embeddable":true,"href":"https:\/\/exlibris.ee\/ru\/wp-json\/wp\/v2\/series?post=21307"},{"taxonomy":"publisher","embeddable":true,"href":"https:\/\/exlibris.ee\/ru\/wp-json\/wp\/v2\/publisher?post=21307"}],"curies":[{"name":"wp","href":"https:\/\/api.w.org\/{rel}","templated":true}]}}