{"id":21318,"date":"2023-02-28T11:09:10","date_gmt":"2023-02-28T09:09:10","guid":{"rendered":"https:\/\/exlibris.ee\/toode\/horen-sprechen-c1-buch-mit-audios-online\/"},"modified":"2026-04-14T21:20:27","modified_gmt":"2026-04-14T18:20:27","slug":"horen-sprechen-c1-buch-mit-audios-online","status":"publish","type":"product","link":"https:\/\/exlibris.ee\/ru\/produkt\/horen-sprechen-c1-buch-mit-audios-online\/","title":{"rendered":"H\u00f6ren &amp; Sprechen C1  Buch mit Audios online"},"content":{"rendered":"<p>H\u00f6ren &amp; Sprechen C1 bietet ein gezieltes Training durch \u00dcbungen zum H\u00f6rverst\u00e4ndnis sowie Sprech\u00fcbungen zu allt\u00e4glichen Themen, Situationen in Beruf und popul\u00e4rwissenschaftlichen Themen.<\/p>\n","protected":false},"excerpt":{"rendered":"<p>H\u00f6ren &amp; Sprechen C1 bietet ein gezieltes Training durch \u00dcbungen zum H\u00f6rverst\u00e4ndnis sowie Sprech\u00fcbungen zu allt\u00e4glichen Themen, Situationen in Beruf und popul\u00e4rwissenschaftlichen Themen.<\/p>\n","protected":false},"featured_media":25011,"template":"","meta":{"_acf_changed":false,"inline_featured_image":false},"product_brand":[],"product_cat":[558],"product_tag":[],"series":[{"id":606,"name":"H\u00f6ren &amp; Sprechen","slug":"horen-sprechen"}],"publisher":[{"id":497,"name":"Hueber Verlag","slug":"hueber-verlag"}],"class_list":{"0":"post-21318","1":"product","2":"type-product","3":"status-publish","4":"has-post-thumbnail","6":"product_cat-deutsch-uben","7":"series-horen-sprechen","8":"publisher-hueber-verlag","10":"first","11":"onbackorder","12":"taxable","13":"shipping-taxable","14":"purchasable","15":"product-type-simple"},"acf":[],"_links":{"self":[{"href":"https:\/\/exlibris.ee\/ru\/wp-json\/wp\/v2\/product\/21318","targetHints":{"allow":["GET"]}}],"collection":[{"href":"https:\/\/exlibris.ee\/ru\/wp-json\/wp\/v2\/product"}],"about":[{"href":"https:\/\/exlibris.ee\/ru\/wp-json\/wp\/v2\/types\/product"}],"wp:featuredmedia":[{"embeddable":true,"href":"https:\/\/exlibris.ee\/ru\/wp-json\/wp\/v2\/media\/25011"}],"wp:attachment":[{"href":"https:\/\/exlibris.ee\/ru\/wp-json\/wp\/v2\/media?parent=21318"}],"wp:term":[{"taxonomy":"product_brand","embeddable":true,"href":"https:\/\/exlibris.ee\/ru\/wp-json\/wp\/v2\/product_brand?post=21318"},{"taxonomy":"product_cat","embeddable":true,"href":"https:\/\/exlibris.ee\/ru\/wp-json\/wp\/v2\/product_cat?post=21318"},{"taxonomy":"product_tag","embeddable":true,"href":"https:\/\/exlibris.ee\/ru\/wp-json\/wp\/v2\/product_tag?post=21318"},{"taxonomy":"series","embeddable":true,"href":"https:\/\/exlibris.ee\/ru\/wp-json\/wp\/v2\/series?post=21318"},{"taxonomy":"publisher","embeddable":true,"href":"https:\/\/exlibris.ee\/ru\/wp-json\/wp\/v2\/publisher?post=21318"}],"curies":[{"name":"wp","href":"https:\/\/api.w.org\/{rel}","templated":true}]}}