{"id":21322,"date":"2023-02-28T11:09:11","date_gmt":"2023-02-28T09:09:11","guid":{"rendered":"https:\/\/exlibris.ee\/toode\/sicher-c1-lehrerhandbuch-3\/"},"modified":"2026-04-12T13:23:50","modified_gmt":"2026-04-12T10:23:50","slug":"sicher-c1-lehrerhandbuch-3","status":"publish","type":"product","link":"https:\/\/exlibris.ee\/ru\/produkt\/sicher-c1-lehrerhandbuch-3\/","title":{"rendered":"Sicher! C1.2  Lehrerhandbuch"},"content":{"rendered":"<p>Konzeptbeschreibung &#8212; ausf\u00fchrliches Unterrichtsraster mit Tipps zu Methodik, Landeskunde uvm. &#8212; zus\u00e4tzliche Kopiervorlagen zu den Lektionen &#8212; Transkriptionen der H\u00f6rtexte &#8212; L\u00f6sungen zum Kurs- und Arbeitsbuch.<\/p>\n","protected":false},"excerpt":{"rendered":"<p>Konzeptbeschreibung &#8212; ausf\u00fchrliches Unterrichtsraster mit Tipps zu Methodik, Landeskunde uvm. &#8212; zus\u00e4tzliche Kopiervorlagen zu den Lektionen &#8212; Transkriptionen der H\u00f6rtexte &#8212; L\u00f6sungen zum Kurs- und Arbeitsbuch.<\/p>\n","protected":false},"featured_media":24876,"template":"","meta":{"_acf_changed":false,"inline_featured_image":false},"product_brand":[],"product_cat":[885],"product_tag":[],"series":[{"id":526,"name":"Sicher! C1","slug":"sicher-c1"}],"publisher":[{"id":497,"name":"Hueber Verlag","slug":"hueber-verlag"}],"class_list":{"0":"post-21322","1":"product","2":"type-product","3":"status-publish","4":"has-post-thumbnail","6":"product_cat-berufssprache","7":"series-sicher-c1","8":"publisher-hueber-verlag","10":"first","11":"instock","12":"taxable","13":"shipping-taxable","14":"purchasable","15":"product-type-simple"},"acf":[],"_links":{"self":[{"href":"https:\/\/exlibris.ee\/ru\/wp-json\/wp\/v2\/product\/21322","targetHints":{"allow":["GET"]}}],"collection":[{"href":"https:\/\/exlibris.ee\/ru\/wp-json\/wp\/v2\/product"}],"about":[{"href":"https:\/\/exlibris.ee\/ru\/wp-json\/wp\/v2\/types\/product"}],"wp:featuredmedia":[{"embeddable":true,"href":"https:\/\/exlibris.ee\/ru\/wp-json\/wp\/v2\/media\/24876"}],"wp:attachment":[{"href":"https:\/\/exlibris.ee\/ru\/wp-json\/wp\/v2\/media?parent=21322"}],"wp:term":[{"taxonomy":"product_brand","embeddable":true,"href":"https:\/\/exlibris.ee\/ru\/wp-json\/wp\/v2\/product_brand?post=21322"},{"taxonomy":"product_cat","embeddable":true,"href":"https:\/\/exlibris.ee\/ru\/wp-json\/wp\/v2\/product_cat?post=21322"},{"taxonomy":"product_tag","embeddable":true,"href":"https:\/\/exlibris.ee\/ru\/wp-json\/wp\/v2\/product_tag?post=21322"},{"taxonomy":"series","embeddable":true,"href":"https:\/\/exlibris.ee\/ru\/wp-json\/wp\/v2\/series?post=21322"},{"taxonomy":"publisher","embeddable":true,"href":"https:\/\/exlibris.ee\/ru\/wp-json\/wp\/v2\/publisher?post=21322"}],"curies":[{"name":"wp","href":"https:\/\/api.w.org\/{rel}","templated":true}]}}