{"id":21343,"date":"2023-02-28T11:09:14","date_gmt":"2023-02-28T09:09:14","guid":{"rendered":"https:\/\/exlibris.ee\/toode\/menschen-b1-1-digitalisiertes-arbeitsbuch\/"},"modified":"2026-04-05T17:25:06","modified_gmt":"2026-04-05T14:25:06","slug":"menschen-b1-1-digitalisiertes-arbeitsbuch","status":"publish","type":"product","link":"https:\/\/exlibris.ee\/ru\/produkt\/menschen-b1-1-digitalisiertes-arbeitsbuch\/","title":{"rendered":"Menschen B1.1 \u2013 Interaktive digitale Ausgabe  Digitalisiertes Arbeitsbuch mit integrierten Audiodateien und interaktiven \u00dcbungen"},"content":{"rendered":"<p>Digitales Arbeitsbuch mit integrierten MP3-Dateien und zahlreichen interaktiven \u00dcbungen Teilband Niveau B1.1 &#8212; zum selbstst\u00e4ndigen Vertiefen von Grammatik, Wortschatz, Redemitteln &#8212; gezieltes Training der vier Fertigkeiten &#8212; Aussprachetraining, Selbsttests, Selbsteinsch\u00e4tzung und Lernwortschatz &#8212; Literaturseite mit einer interessanten Fortsetzungsgeschichte &#8212; MP3-Dateien mit H\u00f6rtexten zu den Aufgaben im Arbeitsbuch Zus\u00e4tzliche Funktionen auf der Lern-Plattform BlinkLearning In der Sch\u00fclerversion: Notenanzeige und Leistungsstandspeicherung bei den interaktiven \u00dcbungen. In der Version f\u00fcr Lehrkr\u00e4fte: Der Leistungsstand Ihrer einzelnen Sch\u00fcler\/innen und Ihrer Klasse wird Ihnen \u00fcbersichtlich angezeigt. Mit einem Klick k\u00f6nnen Sie Ihren Sch\u00fcler\/innen eine passende \u00dcbung zuweisen.<\/p>\n","protected":false},"excerpt":{"rendered":"<p>Digitales Arbeitsbuch mit integrierten MP3-Dateien und zahlreichen interaktiven \u00dcbungen Teilband Niveau B1.1 &#8212; zum selbstst\u00e4ndigen Vertiefen von Grammatik, Wortschatz, Redemitteln &#8212; gezieltes Training der vier Fertigkeiten &#8212; Aussprachetraining, Selbsttests, Selbsteinsch\u00e4tzung und Lernwortschatz &#8212; Literaturseite mit einer interessanten Fortsetzungsgeschichte &#8212; MP3-Dateien&#8230;<\/p>\n","protected":false},"featured_media":58579,"template":"","meta":{"_acf_changed":false,"inline_featured_image":false},"product_brand":[],"product_cat":[1121],"product_tag":[],"series":[{"id":590,"name":"Menschen B1.1","slug":"menschen-b1-1"}],"publisher":[{"id":497,"name":"Hueber Verlag","slug":"hueber-verlag"}],"class_list":{"0":"post-21343","1":"product","2":"type-product","3":"status-publish","4":"has-post-thumbnail","6":"product_cat-lehrwerke-fur-jugendliche-und-erwachsene","7":"series-menschen-b1-1","8":"publisher-hueber-verlag","10":"first","11":"onbackorder","12":"taxable","13":"shipping-taxable","14":"purchasable","15":"product-type-simple"},"acf":[],"_links":{"self":[{"href":"https:\/\/exlibris.ee\/ru\/wp-json\/wp\/v2\/product\/21343","targetHints":{"allow":["GET"]}}],"collection":[{"href":"https:\/\/exlibris.ee\/ru\/wp-json\/wp\/v2\/product"}],"about":[{"href":"https:\/\/exlibris.ee\/ru\/wp-json\/wp\/v2\/types\/product"}],"wp:featuredmedia":[{"embeddable":true,"href":"https:\/\/exlibris.ee\/ru\/wp-json\/wp\/v2\/media\/58579"}],"wp:attachment":[{"href":"https:\/\/exlibris.ee\/ru\/wp-json\/wp\/v2\/media?parent=21343"}],"wp:term":[{"taxonomy":"product_brand","embeddable":true,"href":"https:\/\/exlibris.ee\/ru\/wp-json\/wp\/v2\/product_brand?post=21343"},{"taxonomy":"product_cat","embeddable":true,"href":"https:\/\/exlibris.ee\/ru\/wp-json\/wp\/v2\/product_cat?post=21343"},{"taxonomy":"product_tag","embeddable":true,"href":"https:\/\/exlibris.ee\/ru\/wp-json\/wp\/v2\/product_tag?post=21343"},{"taxonomy":"series","embeddable":true,"href":"https:\/\/exlibris.ee\/ru\/wp-json\/wp\/v2\/series?post=21343"},{"taxonomy":"publisher","embeddable":true,"href":"https:\/\/exlibris.ee\/ru\/wp-json\/wp\/v2\/publisher?post=21343"}],"curies":[{"name":"wp","href":"https:\/\/api.w.org\/{rel}","templated":true}]}}