{"id":21544,"date":"2023-02-28T11:09:58","date_gmt":"2023-02-28T09:09:58","guid":{"rendered":"https:\/\/exlibris.ee\/toode\/%d1%80%d1%83%d1%81%d1%81%d0%ba%d0%b8%d0%b9-%d0%b2-%d1%88%d1%83%d1%82%d0%ba%d1%83-%d0%b8-%d0%b2%d1%81%d0%b5%d1%80%d1%8c%d1%91%d0%b7-%d1%83%d1%87%d0%b5%d0%b1%d0%bd%d0%be%d0%b5-%d0%bf%d0%be%d1%81%d0%be\/"},"modified":"2026-04-04T05:17:14","modified_gmt":"2026-04-04T02:17:14","slug":"%d1%80%d1%83%d1%81%d1%81%d0%ba%d0%b8%d0%b9-%d0%b2-%d1%88%d1%83%d1%82%d0%ba%d1%83-%d0%b8-%d0%b2%d1%81%d0%b5%d1%80%d1%8c%d1%91%d0%b7-%d1%83%d1%87%d0%b5%d0%b1%d0%bd%d0%be%d0%b5-%d0%bf%d0%be%d1%81%d0%be","status":"publish","type":"product","link":"https:\/\/exlibris.ee\/ru\/produkt\/%d1%80%d1%83%d1%81%d1%81%d0%ba%d0%b8%d0%b9-%d0%b2-%d1%88%d1%83%d1%82%d0%ba%d1%83-%d0%b8-%d0%b2%d1%81%d0%b5%d1%80%d1%8c%d1%91%d0%b7-%d1%83%d1%87%d0%b5%d0%b1%d0%bd%d0%be%d0%b5-%d0%bf%d0%be%d1%81%d0%be\/","title":{"rendered":"\u0420\u0443\u0441\u0441\u043a\u0438\u0439 \u0432 \u0448\u0443\u0442\u043a\u0443 \u0438 \u0432\u0441\u0435\u0440\u044c\u0451\u0437: \u0443\u0447\u0435\u0431\u043d\u043e\u0435 \u043f\u043e\u0441\u043e\u0431\u0438\u0435 \u0434\u043b\u044f \u0438\u0437\u0443\u0447\u0430\u044e\u0449\u0438\u0445 \u0440\u0443\u0441\u0441\u043a\u0438\u0439 \u044f\u0437\u044b\u043a \u043a\u0430\u043a \u0432\u0442\u043e\u0440\u043e\u0439 (B1)"},"content":{"rendered":"<p>\u00d0\u00a3\u00d1\u2021\u00d0\u00b5\u00d0\u00b1\u00d0\u00bd\u00d0\u00be\u00d0\u00b5 \u00d0\u00bf\u00d0\u00be\u00d1\u0081\u00d0\u00be\u00d0\u00b1\u00d0\u00b8\u00d0\u00b5 \u00d0\u00b4\u00d0\u00bb\u00d1\u008f \u00d0\u00b8\u00d0\u00b7\u00d1\u0192\u00d1\u2021\u00d0\u00b0\u00d1\u017d\u00d1\u2030\u00d0\u00b8\u00d1\u2026 \u00d1\u20ac\u00d1\u0192\u00d1\u0081\u00d1\u0081\u00d0\u00ba\u00d0\u00b8\u00d0\u00b9 \u00d1\u008f\u00d0\u00b7\u00d1\u2039\u00d0\u00ba \u00d0\u00ba\u00d0\u00b0\u00d0\u00ba \u00d0\u00b2\u00d1\u201a\u00d0\u00be\u00d1\u20ac\u00d0\u00be\u00d0\u00b9 (\u00d0\u20191).<\/p>\n","protected":false},"excerpt":{"rendered":"<p>\u00d0\u00a3\u00d1\u2021\u00d0\u00b5\u00d0\u00b1\u00d0\u00bd\u00d0\u00be\u00d0\u00b5 \u00d0\u00bf\u00d0\u00be\u00d1\u0081\u00d0\u00be\u00d0\u00b1\u00d0\u00b8\u00d0\u00b5 \u00d0\u00b4\u00d0\u00bb\u00d1\u008f \u00d0\u00b8\u00d0\u00b7\u00d1\u0192\u00d1\u2021\u00d0\u00b0\u00d1\u017d\u00d1\u2030\u00d0\u00b8\u00d1\u2026 \u00d1\u20ac\u00d1\u0192\u00d1\u0081\u00d1\u0081\u00d0\u00ba\u00d0\u00b8\u00d0\u00b9 \u00d1\u008f\u00d0\u00b7\u00d1\u2039\u00d0\u00ba \u00d0\u00ba\u00d0\u00b0\u00d0\u00ba \u00d0\u00b2\u00d1\u201a\u00d0\u00be\u00d1\u20ac\u00d0\u00be\u00d0\u00b9 (\u00d0\u20191).<\/p>\n","protected":false},"featured_media":41229,"template":"","meta":{"_acf_changed":false,"inline_featured_image":false},"product_brand":[],"product_cat":[331],"product_tag":[],"series":[],"publisher":[{"id":321,"name":"\u0417\u043b\u0430\u0442\u043e\u0443\u0441\u0442","slug":"%d0%b7%d0%bb%d0%b0%d1%82%d0%be%d1%83%d1%81%d1%82"}],"class_list":{"0":"post-21544","1":"product","2":"type-product","3":"status-publish","4":"has-post-thumbnail","6":"product_cat-331","7":"publisher-321","9":"first","10":"onbackorder","11":"taxable","12":"shipping-taxable","13":"purchasable","14":"product-type-simple"},"acf":[],"_links":{"self":[{"href":"https:\/\/exlibris.ee\/ru\/wp-json\/wp\/v2\/product\/21544","targetHints":{"allow":["GET"]}}],"collection":[{"href":"https:\/\/exlibris.ee\/ru\/wp-json\/wp\/v2\/product"}],"about":[{"href":"https:\/\/exlibris.ee\/ru\/wp-json\/wp\/v2\/types\/product"}],"wp:featuredmedia":[{"embeddable":true,"href":"https:\/\/exlibris.ee\/ru\/wp-json\/wp\/v2\/media\/41229"}],"wp:attachment":[{"href":"https:\/\/exlibris.ee\/ru\/wp-json\/wp\/v2\/media?parent=21544"}],"wp:term":[{"taxonomy":"product_brand","embeddable":true,"href":"https:\/\/exlibris.ee\/ru\/wp-json\/wp\/v2\/product_brand?post=21544"},{"taxonomy":"product_cat","embeddable":true,"href":"https:\/\/exlibris.ee\/ru\/wp-json\/wp\/v2\/product_cat?post=21544"},{"taxonomy":"product_tag","embeddable":true,"href":"https:\/\/exlibris.ee\/ru\/wp-json\/wp\/v2\/product_tag?post=21544"},{"taxonomy":"series","embeddable":true,"href":"https:\/\/exlibris.ee\/ru\/wp-json\/wp\/v2\/series?post=21544"},{"taxonomy":"publisher","embeddable":true,"href":"https:\/\/exlibris.ee\/ru\/wp-json\/wp\/v2\/publisher?post=21544"}],"curies":[{"name":"wp","href":"https:\/\/api.w.org\/{rel}","templated":true}]}}