{"id":21634,"date":"2023-02-28T11:10:12","date_gmt":"2023-02-28T09:10:12","guid":{"rendered":"https:\/\/exlibris.ee\/toode\/%d1%80%d1%83%d1%81%d1%81%d0%ba%d0%b8%d0%b9-%d1%8f%d0%b7%d1%8b%d0%ba-%d0%b4%d0%bb%d1%8f-%d0%b6%d1%83%d1%80%d0%bd%d0%b0%d0%bb%d0%b8%d1%81%d1%82%d0%be%d0%b2-b1\/"},"modified":"2026-04-07T23:14:46","modified_gmt":"2026-04-07T20:14:46","slug":"%d1%80%d1%83%d1%81%d1%81%d0%ba%d0%b8%d0%b9-%d1%8f%d0%b7%d1%8b%d0%ba-%d0%b4%d0%bb%d1%8f-%d0%b6%d1%83%d1%80%d0%bd%d0%b0%d0%bb%d0%b8%d1%81%d1%82%d0%be%d0%b2-b1","status":"publish","type":"product","link":"https:\/\/exlibris.ee\/ru\/produkt\/%d1%80%d1%83%d1%81%d1%81%d0%ba%d0%b8%d0%b9-%d1%8f%d0%b7%d1%8b%d0%ba-%d0%b4%d0%bb%d1%8f-%d0%b6%d1%83%d1%80%d0%bd%d0%b0%d0%bb%d0%b8%d1%81%d1%82%d0%be%d0%b2-b1\/","title":{"rendered":"\u0420\u0443\u0441\u0441\u043a\u0438\u0439 \u044f\u0437\u044b\u043a \u0434\u043b\u044f \u0436\u0443\u0440\u043d\u0430\u043b\u0438\u0441\u0442\u043e\u0432. (B1)"},"content":{"rendered":"<p>\u00d0\u0178\u00d0\u00be\u00d1\u0081\u00d0\u00be\u00d0\u00b1\u00d0\u00b8\u00d0\u00b5 \u00d0\u00bf\u00d1\u20ac\u00d0\u00b5\u00d0\u00b4\u00d0\u00bd\u00d0\u00b0\u00d0\u00b7\u00d0\u00bd\u00d0\u00b0\u00d1\u2021\u00d0\u00b5\u00d0\u00bd\u00d0\u00be \u00d0\u00b4\u00d0\u00bb\u00d1\u008f \u00d0\u00b8\u00d0\u00bd\u00d0\u00be\u00d1\u0081\u00d1\u201a\u00d1\u20ac\u00d0\u00b0\u00d0\u00bd\u00d1\u2020\u00d0\u00b5\u00d0\u00b2, \u00d0\u00b2\u00d0\u00bb\u00d0\u00b0\u00d0\u00b4\u00d0\u00b5\u00d1\u017d\u00d1\u2030\u00d0\u00b8\u00d1\u2026 \u00d1\u20ac\u00d1\u0192\u00d1\u0081\u00d1\u0081\u00d0\u00ba\u00d0\u00b8\u00d0\u00bc \u00d1\u008f\u00d0\u00b7\u00d1\u2039\u00d0\u00ba\u00d0\u00be\u00d0\u00bc \u00d0\u00b2 \u00d0\u00be\u00d0\u00b1\u00d1\u0160\u00d1\u2018\u00d0\u00bc\u00d0\u00b5 I \u00d1\u0081\u00d0\u00b5\u00d1\u20ac\u00d1\u201a\u00d0\u00b8\u00d1\u201e\u00d0\u00b8\u00d0\u00ba\u00d0\u00b0\u00d1\u2020\u00d0\u00b8\u00d0\u00be\u00d0\u00bd\u00d0\u00bd\u00d0\u00be\u00d0\u00b3\u00d0\u00be \u00d1\u0192\u00d1\u20ac\u00d0\u00be\u00d0\u00b2\u00d0\u00bd\u00d1\u008f. \u00d0\u017e\u00d1\u0081\u00d0\u00bd\u00d0\u00be\u00d0\u00b2\u00d0\u00bd\u00d0\u00b0\u00d1\u008f \u00d1\u2020\u00d0\u00b5\u00d0\u00bb\u00d1\u0152 \u00d0\u00bf\u00d0\u00be\u00d1\u0081\u00d0\u00be\u00d0\u00b1\u00d0\u00b8\u00d1\u008f \u00e2\u20ac\u201d \u00d1\u201e\u00d0\u00be\u00d1\u20ac\u00d0\u00bc\u00d0\u00b8\u00d1\u20ac\u00d0\u00be\u00d0\u00b2\u00d0\u00b0\u00d0\u00bd\u00d0\u00b8\u00d0\u00b5 \u00d0\u00b8 \u00d1\u20ac\u00d0\u00b0\u00d0\u00b7\u00d0\u00b2\u00d0\u00b8\u00d1\u201a\u00d0\u00b8\u00d0\u00b5 \u00d1\u0192 \u00d1\u0192\u00d1\u2021\u00d0\u00b0\u00d1\u2030\u00d0\u00b8\u00d1\u2026\u00d1\u0081\u00d1\u008f \u00d1\u008f\u00d0\u00b7\u00d1\u2039\u00d0\u00ba\u00d0\u00be\u00d0\u00b2\u00d1\u2039\u00d1\u2026 \u00d0\u00b8 \u00d1\u20ac\u00d0\u00b5\u00d1\u2021\u00d0\u00b5\u00d0\u00b2\u00d1\u2039\u00d1\u2026 \u00d0\u00bd\u00d0\u00b0\u00d0\u00b2\u00d1\u2039\u00d0\u00ba\u00d0\u00be\u00d0\u00b2 \u00d0\u00b8 \u00d1\u0192\u00d0\u00bc\u00d0\u00b5\u00d0\u00bd\u00d0\u00b8\u00d0\u00b9, \u00d0\u00bd\u00d0\u00b5\u00d0\u00be\u00d0\u00b1\u00d1\u2026\u00d0\u00be\u00d0\u00b4\u00d0\u00b8\u00d0\u00bc\u00d1\u2039\u00d1\u2026 \u00d0\u00b4\u00d0\u00bb\u00d1\u008f \u00d0\u00bf\u00d1\u20ac\u00d0\u00be\u00d1\u201e\u00d0\u00b5\u00d1\u0081\u00d1\u0081\u00d0\u00b8\u00d0\u00be\u00d0\u00bd\u00d0\u00b0\u00d0\u00bb\u00d1\u0152\u00d0\u00bd\u00d0\u00be\u00d0\u00b9 \u00d0\u00b4\u00d0\u00b5\u00d1\u008f\u00d1\u201a\u00d0\u00b5\u00d0\u00bb\u00d1\u0152\u00d0\u00bd\u00d0\u00be\u00d1\u0081\u00d1\u201a\u00d0\u00b8. \u00d0\u0178\u00d1\u20ac\u00d0\u00b8 \u00d1\u0081\u00d0\u00be\u00d1\u0081\u00d1\u201a\u00d0\u00b0\u00d0\u00b2\u00d0\u00bb\u00d0\u00b5\u00d0\u00bd\u00d0\u00b8\u00d0\u00b8 \u00d0\u00b7\u00d0\u00b0\u00d0\u00b4\u00d0\u00b0\u00d0\u00bd\u00d0\u00b8\u00d0\u00b9 \u00d0\u00b8\u00d1\u0081\u00d0\u00bf\u00d0\u00be\u00d0\u00bb\u00d1\u0152\u00d0\u00b7\u00d0\u00be\u00d0\u00b2\u00d0\u00b0\u00d0\u00bb\u00d0\u00b8\u00d1\u0081\u00d1\u0152 \u00d0\u00bc\u00d0\u00b0\u00d1\u201a\u00d0\u00b5\u00d1\u20ac\u00d0\u00b8\u00d0\u00b0\u00d0\u00bb\u00d1\u2039 \u00d1\u0081\u00d0\u00be\u00d0\u00b2\u00d1\u20ac\u00d0\u00b5\u00d0\u00bc\u00d0\u00b5\u00d0\u00bd\u00d0\u00bd\u00d1\u2039\u00d1\u2026 \u00d1\u20ac\u00d0\u00be\u00d1\u0081\u00d1\u0081\u00d0\u00b8\u00d0\u00b9\u00d1\u0081\u00d0\u00ba\u00d0\u00b8\u00d1\u2026 \u00d0\u00a1\u00d0\u0153\u00d0\u02dc.<br \/>\n\u00d0\u00a0\u00d0\u00b0\u00d0\u00b7\u00d0\u00bd\u00d0\u00be\u00d0\u00be\u00d0\u00b1\u00d1\u20ac\u00d0\u00b0\u00d0\u00b7\u00d0\u00bd\u00d1\u2039\u00d0\u00b5 \u00d0\u00b7\u00d0\u00b0\u00d0\u00b4\u00d0\u00b0\u00d0\u00bd\u00d0\u00b8\u00d1\u008f \u00d0\u00bf\u00d0\u00be\u00d1\u0081\u00d0\u00be\u00d0\u00b1\u00d0\u00b8\u00d1\u008f \u00d0\u00be\u00d1\u20ac\u00d0\u00b8\u00d0\u00b5\u00d0\u00bd\u00d1\u201a\u00d0\u00b8\u00d1\u20ac\u00d0\u00be\u00d0\u00b2\u00d0\u00b0\u00d0\u00bd\u00d1\u2039 \u00d0\u00ba\u00d0\u00b0\u00d0\u00ba \u00d0\u00bd\u00d0\u00b0 \u00d0\u00b0\u00d1\u0192\u00d0\u00b4\u00d0\u00b8\u00d1\u201a\u00d0\u00be\u00d1\u20ac\u00d0\u00bd\u00d1\u0192\u00d1\u017d, \u00d1\u201a\u00d0\u00b0\u00d0\u00ba \u00d0\u00b8 \u00d1\u0081\u00d0\u00b0\u00d0\u00bc\u00d0\u00be\u00d1\u0081\u00d1\u201a\u00d0\u00be\u00d1\u008f\u00d1\u201a\u00d0\u00b5\u00d0\u00bb\u00d1\u0152\u00d0\u00bd\u00d1\u0192\u00d1\u017d \u00d1\u20ac\u00d0\u00b0\u00d0\u00b1\u00d0\u00be\u00d1\u201a\u00d1\u0192 \u00d1\u0192\u00d1\u2021\u00d0\u00b0\u00d1\u2030\u00d0\u00b8\u00d1\u2026\u00d1\u0081\u00d1\u008f. \u00d0\u0178\u00d1\u20ac\u00d0\u00b8 \u00d1\u008d\u00d1\u201a\u00d0\u00be\u00d0\u00bc \u00d0\u00b4\u00d0\u00be\u00d0\u00bb\u00d1\u008f \u00d1\u0081\u00d0\u00b0\u00d0\u00bc\u00d0\u00be\u00d1\u0081\u00d1\u201a\u00d0\u00be\u00d1\u008f\u00d1\u201a\u00d0\u00b5\u00d0\u00bb\u00d1\u0152\u00d0\u00bd\u00d0\u00be\u00d0\u00b9 \u00d1\u20ac\u00d0\u00b0\u00d0\u00b1\u00d0\u00be\u00d1\u201a\u00d1\u2039 \u00d1\u0192\u00d0\u00b2\u00d0\u00b5\u00d0\u00bb\u00d0\u00b8\u00d1\u2021\u00d0\u00b8\u00d0\u00b2\u00d0\u00b0\u00d0\u00b5\u00d1\u201a\u00d1\u0081\u00d1\u008f \u00d0\u00be\u00d1\u201a \u00d0\u00b7\u00d0\u00b0\u00d0\u00bd\u00d1\u008f\u00d1\u201a\u00d0\u00b8\u00d1\u008f \u00d0\u00ba \u00d0\u00b7\u00d0\u00b0\u00d0\u00bd\u00d1\u008f\u00d1\u201a\u00d0\u00b8\u00d1\u017d.<br \/>\n\u00d0\u2018\u00d1\u0192\u00d0\u00b4\u00d1\u0192\u00d1\u2030\u00d0\u00b8\u00d0\u00b5 \u00d0\u00b6\u00d1\u0192\u00d1\u20ac\u00d0\u00bd\u00d0\u00b0\u00d0\u00bb\u00d0\u00b8\u00d1\u0081\u00d1\u201a\u00d1\u2039 \u00d0\u00bd\u00d0\u00b0\u00d1\u0192\u00d1\u2021\u00d0\u00b0\u00d1\u201a\u00d1\u0081\u00d1\u008f \u00d1\u20ac\u00d0\u00b0\u00d0\u00b1\u00d0\u00be\u00d1\u201a\u00d0\u00b0\u00d1\u201a\u00d1\u0152 \u00d1\u0081 \u00d0\u00bf\u00d1\u20ac\u00d0\u00be\u00d1\u201e\u00d0\u00b5\u00d1\u0081\u00d1\u0081\u00d0\u00b8\u00d0\u00be\u00d0\u00bd\u00d0\u00b0\u00d0\u00bb\u00d1\u0152\u00d0\u00bd\u00d1\u2039\u00d0\u00bc\u00d0\u00b8 \u00d1\u201a\u00d0\u00b5\u00d0\u00ba\u00d1\u0081\u00d1\u201a\u00d0\u00b0\u00d0\u00bc\u00d0\u00b8, \u00d0\u00be\u00d0\u00b1\u00d1\u0081\u00d1\u0192\u00d0\u00b6\u00d0\u00b4\u00d0\u00b0\u00d1\u201a\u00d1\u0152 \u00d1\u20ac\u00d0\u00b0\u00d0\u00b7\u00d0\u00bb\u00d0\u00b8\u00d1\u2021\u00d0\u00bd\u00d1\u2039\u00d0\u00b5 \u00d0\u00bf\u00d1\u20ac\u00d0\u00be\u00d0\u00b1\u00d0\u00bb\u00d0\u00b5\u00d0\u00bc\u00d1\u2039, \u00d0\u00bf\u00d1\u20ac\u00d0\u00b5\u00d0\u00b4\u00d1\u0081\u00d1\u201a\u00d0\u00b0\u00d0\u00b2\u00d0\u00bb\u00d1\u008f\u00d1\u017d\u00d1\u2030\u00d0\u00b8\u00d0\u00b5 \u00d0\u00bf\u00d1\u20ac\u00d0\u00be\u00d1\u201e\u00d0\u00b5\u00d1\u0081\u00d1\u0081\u00d0\u00b8\u00d0\u00be\u00d0\u00bd\u00d0\u00b0\u00d0\u00bb\u00d1\u0152\u00d0\u00bd\u00d1\u2039\u00d0\u00b9 \u00d0\u00b8\u00d0\u00bd\u00d1\u201a\u00d0\u00b5\u00d1\u20ac\u00d0\u00b5\u00d1\u0081, \u00d0\u00bf\u00d0\u00b8\u00d1\u0081\u00d0\u00b0\u00d1\u201a\u00d1\u0152 \u00d1\u0081\u00d0\u00be\u00d0\u00b1\u00d1\u0081\u00d1\u201a\u00d0\u00b2\u00d0\u00b5\u00d0\u00bd\u00d0\u00bd\u00d1\u2039\u00d0\u00b5 \u00d1\u0081\u00d0\u00be\u00d0\u00be\u00d0\u00b1\u00d1\u2030\u00d0\u00b5\u00d0\u00bd\u00d0\u00b8\u00d1\u008f \u00d0\u00b8 \u00d0\u00b2\u00d1\u2039\u00d1\u20ac\u00d0\u00b0\u00d0\u00b6\u00d0\u00b0\u00d1\u201a\u00d1\u0152 \u00d1\u0081\u00d0\u00b2\u00d0\u00be\u00d0\u00b5 \u00d0\u00be\u00d1\u201a\u00d0\u00bd\u00d0\u00be\u00d1\u02c6\u00d0\u00b5\u00d0\u00bd\u00d0\u00b8\u00d0\u00b5 \u00d0\u00ba \u00d0\u00ba\u00d0\u00b0\u00d0\u00ba\u00d0\u00be\u00d0\u00bc\u00d1\u0192-\u00d0\u00bb\u00d0\u00b8\u00d0\u00b1\u00d0\u00be \u00d1\u008f\u00d0\u00b2\u00d0\u00bb\u00d0\u00b5\u00d0\u00bd\u00d0\u00b8\u00d1\u017d \u00d0\u00b8\u00d0\u00bb\u00d0\u00b8 \u00d1\u0081\u00d0\u00be\u00d0\u00b1\u00d1\u2039\u00d1\u201a\u00d0\u00b8\u00d1\u017d.<br \/>\n\u00d0\u0153\u00d0\u00b0\u00d1\u201a\u00d0\u00b5\u00d1\u20ac\u00d0\u00b8\u00d0\u00b0\u00d0\u00bb\u00d1\u2039 \u00d0\u00bf\u00d0\u00be\u00d1\u0081\u00d0\u00be\u00d0\u00b1\u00d0\u00b8\u00d1\u008f \u00d0\u00bd\u00d0\u00b0\u00d1\u0192\u00d1\u2021\u00d0\u00b0\u00d1\u201a \u00d1\u20ac\u00d0\u00b0\u00d0\u00b1\u00d0\u00be\u00d1\u201a\u00d0\u00b0\u00d1\u201a\u00d1\u0152 \u00d1\u0081 \u00d1\u201a\u00d0\u00b5\u00d0\u00ba\u00d1\u0081\u00d1\u201a\u00d0\u00be\u00d0\u00bc: \u00d0\u00b2\u00d1\u2039\u00d0\u00b4\u00d0\u00b5\u00d0\u00bb\u00d1\u008f\u00d1\u201a\u00d1\u0152 \u00d0\u00b8\u00d0\u00bd\u00d1\u201e\u00d0\u00be\u00d1\u20ac\u00d0\u00bc\u00d0\u00b0\u00d1\u2020\u00d0\u00b8\u00d0\u00be\u00d0\u00bd\u00d0\u00bd\u00d1\u2039\u00d0\u00b9 \u00d1\u2020\u00d0\u00b5\u00d0\u00bd\u00d1\u201a\u00d1\u20ac, \u00d1\u201e\u00d0\u00be\u00d1\u20ac\u00d0\u00bc\u00d1\u0192\u00d0\u00bb\u00d0\u00b8\u00d1\u20ac\u00d0\u00be\u00d0\u00b2\u00d0\u00b0\u00d1\u201a\u00d1\u0152 \u00d0\u00b3\u00d0\u00bb\u00d0\u00b0\u00d0\u00b2\u00d0\u00bd\u00d1\u0192\u00d1\u017d \u00d0\u00b8\u00d0\u00b4\u00d0\u00b5\u00d1\u017d \u00d1\u201a\u00d0\u00b5\u00d0\u00ba\u00d1\u0081\u00d1\u201a\u00d0\u00b0, \u00d0\u00bf\u00d0\u00b5\u00d1\u20ac\u00d0\u00b5\u00d0\u00b4\u00d0\u00b0\u00d0\u00b2\u00d0\u00b0\u00d1\u201a\u00d1\u0152 \u00d0\u00b5\u00d0\u00b3\u00d0\u00be \u00d0\u00be\u00d1\u0081\u00d0\u00bd\u00d0\u00be\u00d0\u00b2\u00d0\u00bd\u00d0\u00be\u00d0\u00b5 \u00d1\u0081\u00d0\u00be\u00d0\u00b4\u00d0\u00b5\u00d1\u20ac\u00d0\u00b6\u00d0\u00b0\u00d0\u00bd\u00d0\u00b8\u00d0\u00b5. \u00d0\u00a3\u00d1\u2021\u00d0\u00b0\u00d1\u2030\u00d0\u00b8\u00d0\u00b5\u00d1\u0081\u00d1\u008f \u00d1\u0081\u00d0\u00bc\u00d0\u00be\u00d0\u00b3\u00d1\u0192\u00d1\u201a \u00d1\u0081\u00d0\u00be\u00d1\u0081\u00d1\u201a\u00d0\u00b0\u00d0\u00b2\u00d0\u00bb\u00d1\u008f\u00d1\u201a\u00d1\u0152 \u00d1\u20ac\u00d0\u00b0\u00d0\u00b7\u00d0\u00bb\u00d0\u00b8\u00d1\u2021\u00d0\u00bd\u00d1\u2039\u00d0\u00b5 \u00d0\u00b2\u00d0\u00b8\u00d0\u00b4\u00d1\u2039 \u00d0\u00bf\u00d0\u00bb\u00d0\u00b0\u00d0\u00bd\u00d0\u00b0, \u00d0\u00b4\u00d0\u00b5\u00d0\u00bb\u00d0\u00b0\u00d1\u201a\u00d1\u0152 \u00d0\u00ba\u00d0\u00be\u00d0\u00bd\u00d1\u0081\u00d0\u00bf\u00d0\u00b5\u00d0\u00ba\u00d1\u201a\u00d1\u2039, \u00d0\u00bf\u00d0\u00b8\u00d1\u0081\u00d0\u00b0\u00d1\u201a\u00d1\u0152 \u00d1\u201a\u00d0\u00b5\u00d0\u00ba\u00d1\u0081\u00d1\u201a\u00d1\u2039 \u00d0\u00bd\u00d0\u00b0 \u00d0\u00b7\u00d0\u00b0\u00d0\u00b4\u00d0\u00b0\u00d0\u00bd\u00d0\u00bd\u00d1\u0192\u00d1\u017d \u00d1\u201a\u00d0\u00b5\u00d0\u00bc\u00d1\u0192, \u00d0\u00b8\u00d1\u0081\u00d0\u00bf\u00d0\u00be\u00d0\u00bb\u00d1\u0152\u00d0\u00b7\u00d1\u0192\u00d1\u008f \u00d1\u0081\u00d0\u00b2\u00d0\u00b5\u00d0\u00b4\u00d0\u00b5\u00d0\u00bd\u00d0\u00b8\u00d1\u008f \u00d0\u00b8\u00d0\u00b7 \u00d1\u20ac\u00d0\u00b0\u00d0\u00b7\u00d0\u00bd\u00d1\u2039\u00d1\u2026 \u00d0\u00b8\u00d1\u0081\u00d1\u201a\u00d0\u00be\u00d1\u2021\u00d0\u00bd\u00d0\u00b8\u00d0\u00ba\u00d0\u00be\u00d0\u00b2.<br \/>\n\u00d0\u0178\u00d1\u20ac\u00d0\u00b8\u00d0\u00bb\u00d0\u00b0\u00d0\u00b3\u00d0\u00b0\u00d0\u00b5\u00d1\u201a\u00d1\u0081\u00d1\u008f CD.<\/p>\n","protected":false},"excerpt":{"rendered":"<p>\u00d0\u0178\u00d0\u00be\u00d1\u0081\u00d0\u00be\u00d0\u00b1\u00d0\u00b8\u00d0\u00b5 \u00d0\u00bf\u00d1\u20ac\u00d0\u00b5\u00d0\u00b4\u00d0\u00bd\u00d0\u00b0\u00d0\u00b7\u00d0\u00bd\u00d0\u00b0\u00d1\u2021\u00d0\u00b5\u00d0\u00bd\u00d0\u00be \u00d0\u00b4\u00d0\u00bb\u00d1\u008f \u00d0\u00b8\u00d0\u00bd\u00d0\u00be\u00d1\u0081\u00d1\u201a\u00d1\u20ac\u00d0\u00b0\u00d0\u00bd\u00d1\u2020\u00d0\u00b5\u00d0\u00b2, \u00d0\u00b2\u00d0\u00bb\u00d0\u00b0\u00d0\u00b4\u00d0\u00b5\u00d1\u017d\u00d1\u2030\u00d0\u00b8\u00d1\u2026 \u00d1\u20ac\u00d1\u0192\u00d1\u0081\u00d1\u0081\u00d0\u00ba\u00d0\u00b8\u00d0\u00bc \u00d1\u008f\u00d0\u00b7\u00d1\u2039\u00d0\u00ba\u00d0\u00be\u00d0\u00bc \u00d0\u00b2 \u00d0\u00be\u00d0\u00b1\u00d1\u0160\u00d1\u2018\u00d0\u00bc\u00d0\u00b5 I \u00d1\u0081\u00d0\u00b5\u00d1\u20ac\u00d1\u201a\u00d0\u00b8\u00d1\u201e\u00d0\u00b8\u00d0\u00ba\u00d0\u00b0\u00d1\u2020\u00d0\u00b8\u00d0\u00be\u00d0\u00bd\u00d0\u00bd\u00d0\u00be\u00d0\u00b3\u00d0\u00be \u00d1\u0192\u00d1\u20ac\u00d0\u00be\u00d0\u00b2\u00d0\u00bd\u00d1\u008f. \u00d0\u017e\u00d1\u0081\u00d0\u00bd\u00d0\u00be\u00d0\u00b2\u00d0\u00bd\u00d0\u00b0\u00d1\u008f \u00d1\u2020\u00d0\u00b5\u00d0\u00bb\u00d1\u0152 \u00d0\u00bf\u00d0\u00be\u00d1\u0081\u00d0\u00be\u00d0\u00b1\u00d0\u00b8\u00d1\u008f \u00e2\u20ac\u201d \u00d1\u201e\u00d0\u00be\u00d1\u20ac\u00d0\u00bc\u00d0\u00b8\u00d1\u20ac\u00d0\u00be\u00d0\u00b2\u00d0\u00b0\u00d0\u00bd\u00d0\u00b8\u00d0\u00b5 \u00d0\u00b8 \u00d1\u20ac\u00d0\u00b0\u00d0\u00b7\u00d0\u00b2\u00d0\u00b8\u00d1\u201a\u00d0\u00b8\u00d0\u00b5 \u00d1\u0192 \u00d1\u0192\u00d1\u2021\u00d0\u00b0\u00d1\u2030\u00d0\u00b8\u00d1\u2026\u00d1\u0081\u00d1\u008f \u00d1\u008f\u00d0\u00b7\u00d1\u2039\u00d0\u00ba\u00d0\u00be\u00d0\u00b2\u00d1\u2039\u00d1\u2026 \u00d0\u00b8 \u00d1\u20ac\u00d0\u00b5\u00d1\u2021\u00d0\u00b5\u00d0\u00b2\u00d1\u2039\u00d1\u2026 \u00d0\u00bd\u00d0\u00b0\u00d0\u00b2\u00d1\u2039\u00d0\u00ba\u00d0\u00be\u00d0\u00b2 \u00d0\u00b8 \u00d1\u0192\u00d0\u00bc\u00d0\u00b5\u00d0\u00bd\u00d0\u00b8\u00d0\u00b9, \u00d0\u00bd\u00d0\u00b5\u00d0\u00be\u00d0\u00b1\u00d1\u2026\u00d0\u00be\u00d0\u00b4\u00d0\u00b8\u00d0\u00bc\u00d1\u2039\u00d1\u2026 \u00d0\u00b4\u00d0\u00bb\u00d1\u008f \u00d0\u00bf\u00d1\u20ac\u00d0\u00be\u00d1\u201e\u00d0\u00b5\u00d1\u0081\u00d1\u0081\u00d0\u00b8\u00d0\u00be\u00d0\u00bd\u00d0\u00b0\u00d0\u00bb\u00d1\u0152\u00d0\u00bd\u00d0\u00be\u00d0\u00b9 \u00d0\u00b4\u00d0\u00b5\u00d1\u008f\u00d1\u201a\u00d0\u00b5\u00d0\u00bb\u00d1\u0152\u00d0\u00bd\u00d0\u00be\u00d1\u0081\u00d1\u201a\u00d0\u00b8. \u00d0\u0178\u00d1\u20ac\u00d0\u00b8 \u00d1\u0081\u00d0\u00be\u00d1\u0081\u00d1\u201a\u00d0\u00b0\u00d0\u00b2\u00d0\u00bb\u00d0\u00b5\u00d0\u00bd\u00d0\u00b8\u00d0\u00b8 \u00d0\u00b7\u00d0\u00b0\u00d0\u00b4\u00d0\u00b0\u00d0\u00bd\u00d0\u00b8\u00d0\u00b9 \u00d0\u00b8\u00d1\u0081\u00d0\u00bf\u00d0\u00be\u00d0\u00bb\u00d1\u0152\u00d0\u00b7\u00d0\u00be\u00d0\u00b2\u00d0\u00b0\u00d0\u00bb\u00d0\u00b8\u00d1\u0081\u00d1\u0152 \u00d0\u00bc\u00d0\u00b0\u00d1\u201a\u00d0\u00b5\u00d1\u20ac\u00d0\u00b8\u00d0\u00b0\u00d0\u00bb\u00d1\u2039 \u00d1\u0081\u00d0\u00be\u00d0\u00b2\u00d1\u20ac\u00d0\u00b5\u00d0\u00bc\u00d0\u00b5\u00d0\u00bd\u00d0\u00bd\u00d1\u2039\u00d1\u2026 \u00d1\u20ac\u00d0\u00be\u00d1\u0081\u00d1\u0081\u00d0\u00b8\u00d0\u00b9\u00d1\u0081\u00d0\u00ba\u00d0\u00b8\u00d1\u2026 \u00d0\u00a1\u00d0\u0153\u00d0\u02dc. \u00d0\u00a0\u00d0\u00b0\u00d0\u00b7\u00d0\u00bd\u00d0\u00be\u00d0\u00be\u00d0\u00b1\u00d1\u20ac\u00d0\u00b0\u00d0\u00b7\u00d0\u00bd\u00d1\u2039\u00d0\u00b5&#8230;<\/p>\n","protected":false},"featured_media":40593,"template":"","meta":{"_acf_changed":false,"inline_featured_image":false},"product_brand":[],"product_cat":[332],"product_tag":[],"series":[],"publisher":[{"id":342,"name":"\u0420\u0443\u0441\u0441\u043a\u0438\u0439 \u044f\u0437\u044b\u043a \u041a\u0443\u0440\u0441\u044b","slug":"%d1%80%d1%83%d1%81%d1%81%d0%ba%d0%b8%d0%b9-%d1%8f%d0%b7%d1%8b%d0%ba-%d0%ba%d1%83%d1%80%d1%81%d1%8b"}],"class_list":{"0":"post-21634","1":"product","2":"type-product","3":"status-publish","4":"has-post-thumbnail","6":"product_cat-332","7":"publisher-342","9":"first","10":"onbackorder","11":"taxable","12":"shipping-taxable","13":"purchasable","14":"product-type-simple"},"acf":[],"_links":{"self":[{"href":"https:\/\/exlibris.ee\/ru\/wp-json\/wp\/v2\/product\/21634","targetHints":{"allow":["GET"]}}],"collection":[{"href":"https:\/\/exlibris.ee\/ru\/wp-json\/wp\/v2\/product"}],"about":[{"href":"https:\/\/exlibris.ee\/ru\/wp-json\/wp\/v2\/types\/product"}],"wp:featuredmedia":[{"embeddable":true,"href":"https:\/\/exlibris.ee\/ru\/wp-json\/wp\/v2\/media\/40593"}],"wp:attachment":[{"href":"https:\/\/exlibris.ee\/ru\/wp-json\/wp\/v2\/media?parent=21634"}],"wp:term":[{"taxonomy":"product_brand","embeddable":true,"href":"https:\/\/exlibris.ee\/ru\/wp-json\/wp\/v2\/product_brand?post=21634"},{"taxonomy":"product_cat","embeddable":true,"href":"https:\/\/exlibris.ee\/ru\/wp-json\/wp\/v2\/product_cat?post=21634"},{"taxonomy":"product_tag","embeddable":true,"href":"https:\/\/exlibris.ee\/ru\/wp-json\/wp\/v2\/product_tag?post=21634"},{"taxonomy":"series","embeddable":true,"href":"https:\/\/exlibris.ee\/ru\/wp-json\/wp\/v2\/series?post=21634"},{"taxonomy":"publisher","embeddable":true,"href":"https:\/\/exlibris.ee\/ru\/wp-json\/wp\/v2\/publisher?post=21634"}],"curies":[{"name":"wp","href":"https:\/\/api.w.org\/{rel}","templated":true}]}}