{"id":21887,"date":"2023-02-28T11:11:27","date_gmt":"2023-02-28T09:11:27","guid":{"rendered":"https:\/\/exlibris.ee\/toode\/e-nagu-eesti-a1a2b1-opik-2017\/"},"modified":"2026-04-08T01:16:21","modified_gmt":"2026-04-07T22:16:21","slug":"e-nagu-eesti-a1a2b1-opik-2017","status":"publish","type":"product","link":"https:\/\/exlibris.ee\/ru\/produkt\/e-nagu-eesti-a1a2b1-opik-2017\/","title":{"rendered":"E nagu Eesti  A1+A2+B1 \/ Eesti keele \u00f5pik algajatele"},"content":{"rendered":"<p>Populaarse \u00f5piku uus versioon. K\u00f5ik \u00fches raamatus \u2013 \u00f5pik, t\u00f6\u00f6vihik, grammatikalisad, s\u00f5nastikud (eesti-inglise\/vene\/saksa\/soome). 20 \u00f5ppet\u00fckki \u2013 palju dialooge, tekste, harjutusi ning Keeletarga lehek\u00fclg grammatika \u00f5ppimiseks. Iga viie \u00f5ppet\u00fcki j\u00e4rel on kordamisosa, test ning kultuuriloo lehek\u00fcljed &#171;Mis Eestis on?&#187;. Helifailid tasuta allalaadimiseks \u00f5piku kodulehel www.enagueesti.ee. Samast leiab ka dialoogide\/tekstide t\u00f5lked, kommentaarid grammatika ja s\u00f5navara kohta ning h\u00e4id soovitusi \u00f5pikuga t\u00f6\u00f6tamiseks. Koduleht inglise ja vene keeles. \u00d5piku kasutamist lihtsustab selge struktuur ja minimalistlik kujundus ning \u00f5ppimisele annavad hoogu Katrin Kaevu lustlikud illustratsioonid. E as in Estonia. Estonian for beginners. A1+A2+B1 A new version of the popular textbook. All in one \u2013 textbook, workbook, grammar appendix, and glossaries (Estonian-English\/Russian\/German\/Finnish). Twenty units \u2013 lots of dialogues, texts, exercises, and Keeletark pages for grammar. After each five units there is a revision unit, a test and a culture section \u201cWhat\u2019s there in Estonia?\u201d. Audiofiles downloadable from the textbook support page www.enagueesti.ee. The webpage also includes translations of dialogues\/texts, brief comments on grammar and vocabulary and tips for learning. Webpage in English and Russian. Minimalist design and clear structure make it easy to use the textbook. Whimsical illustrations by Katrin Kaev give extra punch to the learning process.<\/p>\n","protected":false},"excerpt":{"rendered":"<p>Populaarse \u00f5piku uus versioon. K\u00f5ik \u00fches raamatus \u2013 \u00f5pik, t\u00f6\u00f6vihik, grammatikalisad, s\u00f5nastikud (eesti-inglise\/vene\/saksa\/soome). 20 \u00f5ppet\u00fckki \u2013 palju dialooge, tekste, harjutusi ning Keeletarga lehek\u00fclg grammatika \u00f5ppimiseks. Iga viie \u00f5ppet\u00fcki j\u00e4rel on kordamisosa, test ning kultuuriloo lehek\u00fcljed &#171;Mis Eestis on?&#187;. Helifailid tasuta&#8230;<\/p>\n","protected":false},"featured_media":25071,"template":"","meta":{"_acf_changed":false,"inline_featured_image":false},"product_brand":[],"product_cat":[696],"product_tag":[],"series":[{"id":697,"name":"E NAGU EESTI A1+A2+B1","slug":"e-nagu-eesti-a1a2b1"}],"publisher":[{"id":698,"name":"Kiri-Mari Kirjastus O\u00dc","slug":"kiri-mari-kirjastus-ou"}],"class_list":{"0":"post-21887","1":"product","2":"type-product","3":"status-publish","4":"has-post-thumbnail","6":"product_cat-a1-taseme-opikud","7":"series-e-nagu-eesti-a1a2b1","8":"publisher-kiri-mari-kirjastus-ou","10":"first","11":"instock","12":"taxable","13":"shipping-taxable","14":"purchasable","15":"product-type-simple"},"acf":[],"_links":{"self":[{"href":"https:\/\/exlibris.ee\/ru\/wp-json\/wp\/v2\/product\/21887","targetHints":{"allow":["GET"]}}],"collection":[{"href":"https:\/\/exlibris.ee\/ru\/wp-json\/wp\/v2\/product"}],"about":[{"href":"https:\/\/exlibris.ee\/ru\/wp-json\/wp\/v2\/types\/product"}],"wp:featuredmedia":[{"embeddable":true,"href":"https:\/\/exlibris.ee\/ru\/wp-json\/wp\/v2\/media\/25071"}],"wp:attachment":[{"href":"https:\/\/exlibris.ee\/ru\/wp-json\/wp\/v2\/media?parent=21887"}],"wp:term":[{"taxonomy":"product_brand","embeddable":true,"href":"https:\/\/exlibris.ee\/ru\/wp-json\/wp\/v2\/product_brand?post=21887"},{"taxonomy":"product_cat","embeddable":true,"href":"https:\/\/exlibris.ee\/ru\/wp-json\/wp\/v2\/product_cat?post=21887"},{"taxonomy":"product_tag","embeddable":true,"href":"https:\/\/exlibris.ee\/ru\/wp-json\/wp\/v2\/product_tag?post=21887"},{"taxonomy":"series","embeddable":true,"href":"https:\/\/exlibris.ee\/ru\/wp-json\/wp\/v2\/series?post=21887"},{"taxonomy":"publisher","embeddable":true,"href":"https:\/\/exlibris.ee\/ru\/wp-json\/wp\/v2\/publisher?post=21887"}],"curies":[{"name":"wp","href":"https:\/\/api.w.org\/{rel}","templated":true}]}}