{"id":21890,"date":"2023-02-28T11:11:28","date_gmt":"2023-02-28T09:11:28","guid":{"rendered":"https:\/\/exlibris.ee\/toode\/tere-0-a1-vene-keele-baasil-sonakaardid\/"},"modified":"2026-04-17T19:51:07","modified_gmt":"2026-04-17T16:51:07","slug":"tere-0-a1-vene-keele-baasil-sonakaardid","status":"publish","type":"product","link":"https:\/\/exlibris.ee\/ru\/produkt\/tere-0-a1-vene-keele-baasil-sonakaardid\/","title":{"rendered":"Tere! 0-A1 \/ \u0414\u043e\u043f\u043e\u043b\u043d\u0438\u0442\u0435\u043b\u044c\u043d\u044b\u0435 \u043c\u0430\u0442\u0435\u0440\u0438\u0430\u043b\u044b \u043a \u0443\u0447\u0435\u0431\u043d\u0438\u043a\u0443  &#8212; \u043b\u0435\u043a\u0441\u0438\u0447\u0435\u0441\u043a\u0438\u0435 \u043a\u0430\u0440\u0442\u043e\u0447\u043a\u0438"},"content":{"rendered":"<p>&#171;Tere! Eesti keele \u00f5piku s\u00f5navara p\u00f5hjal valminud s\u00f5nakaardid t\u00e4iskasvanutele inglise keele baasil, tasemele 0-A1. Sobivad nii kursustel kasutamiseks kui ka iseseisvaks \u00f5ppimiseks.<\/p>\n","protected":false},"excerpt":{"rendered":"<p>&#171;Tere! Eesti keele \u00f5piku s\u00f5navara p\u00f5hjal valminud s\u00f5nakaardid t\u00e4iskasvanutele inglise keele baasil, tasemele 0-A1. Sobivad nii kursustel kasutamiseks kui ka iseseisvaks \u00f5ppimiseks.<\/p>\n","protected":false},"featured_media":58777,"template":"","meta":{"_acf_changed":false,"inline_featured_image":false},"product_brand":[],"product_cat":[696],"product_tag":[],"series":[{"id":702,"name":"TERE! 0-A1 Vene keele baasil","slug":"tere-0-a1-vene-keele-baasil"}],"publisher":[{"id":701,"name":"Kirjatark O\u00dc","slug":"kirjatark-ou"}],"class_list":{"0":"post-21890","1":"product","2":"type-product","3":"status-publish","4":"has-post-thumbnail","6":"product_cat-a1-taseme-opikud","7":"series-tere-0-a1-vene-keele-baasil","8":"publisher-kirjatark-ou","10":"first","11":"instock","12":"taxable","13":"shipping-taxable","14":"purchasable","15":"product-type-simple"},"acf":[],"_links":{"self":[{"href":"https:\/\/exlibris.ee\/ru\/wp-json\/wp\/v2\/product\/21890","targetHints":{"allow":["GET"]}}],"collection":[{"href":"https:\/\/exlibris.ee\/ru\/wp-json\/wp\/v2\/product"}],"about":[{"href":"https:\/\/exlibris.ee\/ru\/wp-json\/wp\/v2\/types\/product"}],"wp:featuredmedia":[{"embeddable":true,"href":"https:\/\/exlibris.ee\/ru\/wp-json\/wp\/v2\/media\/58777"}],"wp:attachment":[{"href":"https:\/\/exlibris.ee\/ru\/wp-json\/wp\/v2\/media?parent=21890"}],"wp:term":[{"taxonomy":"product_brand","embeddable":true,"href":"https:\/\/exlibris.ee\/ru\/wp-json\/wp\/v2\/product_brand?post=21890"},{"taxonomy":"product_cat","embeddable":true,"href":"https:\/\/exlibris.ee\/ru\/wp-json\/wp\/v2\/product_cat?post=21890"},{"taxonomy":"product_tag","embeddable":true,"href":"https:\/\/exlibris.ee\/ru\/wp-json\/wp\/v2\/product_tag?post=21890"},{"taxonomy":"series","embeddable":true,"href":"https:\/\/exlibris.ee\/ru\/wp-json\/wp\/v2\/series?post=21890"},{"taxonomy":"publisher","embeddable":true,"href":"https:\/\/exlibris.ee\/ru\/wp-json\/wp\/v2\/publisher?post=21890"}],"curies":[{"name":"wp","href":"https:\/\/api.w.org\/{rel}","templated":true}]}}