{"id":21893,"date":"2023-02-28T11:11:28","date_gmt":"2023-02-28T09:11:28","guid":{"rendered":"https:\/\/exlibris.ee\/toode\/tere-taas-2019-vene-baasil\/"},"modified":"2026-04-08T01:17:04","modified_gmt":"2026-04-07T22:17:04","slug":"tere-taas-2019-vene-baasil","status":"publish","type":"product","link":"https:\/\/exlibris.ee\/ru\/produkt\/tere-taas-2019-vene-baasil\/","title":{"rendered":"Tere taas! (2019) \/ \u0423\u0447\u0435\u0431\u043d\u0438\u043a \u044d\u0441\u0442\u043e\u043d\u0441\u043a\u043e\u0433\u043e \u044f\u0437\u044b\u043a\u0430  A2-B1 (B2)"},"content":{"rendered":"<p>Eesti keele \u00f5pik t\u00e4iskasvanutele vene keele baasil tasemele A2-B1(B2), mis on \u00f5pikute \u201cTERE!\u201d 0-A1 ja \u201cTERE J\u00c4LLE!\u201d A1-A2(B1) j\u00e4rg.<\/p>\n","protected":false},"excerpt":{"rendered":"<p>Eesti keele \u00f5pik t\u00e4iskasvanutele vene keele baasil tasemele A2-B1(B2), mis on \u00f5pikute \u201cTERE!\u201d 0-A1 ja \u201cTERE J\u00c4LLE!\u201d A1-A2(B1) j\u00e4rg.<\/p>\n","protected":false},"featured_media":25092,"template":"","meta":{"_acf_changed":false,"inline_featured_image":false},"product_brand":[],"product_cat":[693],"product_tag":[],"series":[{"id":703,"name":"TERE TAAS! A2-B1","slug":"tere-taas-a2-b1"}],"publisher":[{"id":701,"name":"Kirjatark O\u00dc","slug":"kirjatark-ou"}],"class_list":{"0":"post-21893","1":"product","2":"type-product","3":"status-publish","4":"has-post-thumbnail","6":"product_cat-b1-taseme-opikud","7":"series-tere-taas-a2-b1","8":"publisher-kirjatark-ou","10":"first","11":"instock","12":"taxable","13":"shipping-taxable","14":"purchasable","15":"product-type-simple"},"acf":[],"_links":{"self":[{"href":"https:\/\/exlibris.ee\/ru\/wp-json\/wp\/v2\/product\/21893","targetHints":{"allow":["GET"]}}],"collection":[{"href":"https:\/\/exlibris.ee\/ru\/wp-json\/wp\/v2\/product"}],"about":[{"href":"https:\/\/exlibris.ee\/ru\/wp-json\/wp\/v2\/types\/product"}],"wp:featuredmedia":[{"embeddable":true,"href":"https:\/\/exlibris.ee\/ru\/wp-json\/wp\/v2\/media\/25092"}],"wp:attachment":[{"href":"https:\/\/exlibris.ee\/ru\/wp-json\/wp\/v2\/media?parent=21893"}],"wp:term":[{"taxonomy":"product_brand","embeddable":true,"href":"https:\/\/exlibris.ee\/ru\/wp-json\/wp\/v2\/product_brand?post=21893"},{"taxonomy":"product_cat","embeddable":true,"href":"https:\/\/exlibris.ee\/ru\/wp-json\/wp\/v2\/product_cat?post=21893"},{"taxonomy":"product_tag","embeddable":true,"href":"https:\/\/exlibris.ee\/ru\/wp-json\/wp\/v2\/product_tag?post=21893"},{"taxonomy":"series","embeddable":true,"href":"https:\/\/exlibris.ee\/ru\/wp-json\/wp\/v2\/series?post=21893"},{"taxonomy":"publisher","embeddable":true,"href":"https:\/\/exlibris.ee\/ru\/wp-json\/wp\/v2\/publisher?post=21893"}],"curies":[{"name":"wp","href":"https:\/\/api.w.org\/{rel}","templated":true}]}}