{"id":21896,"date":"2023-02-28T11:11:29","date_gmt":"2023-02-28T09:11:29","guid":{"rendered":"https:\/\/exlibris.ee\/toode\/minu-eesti-keel-vene-koolile-2-klass-i-osa-opik\/"},"modified":"2026-04-05T19:38:45","modified_gmt":"2026-04-05T16:38:45","slug":"minu-eesti-keel-vene-koolile-2-klass-i-osa-opik","status":"publish","type":"product","link":"https:\/\/exlibris.ee\/ru\/produkt\/minu-eesti-keel-vene-koolile-2-klass-i-osa-opik\/","title":{"rendered":"MINU EESTI KEEL \u0423\u0447\u0435\u0431\u043d\u0438\u043a \u044d\u0441\u0442\u043e\u043d\u0441\u043a\u043e\u0433\u043e \u044f\u0437\u044b\u043a\u0430  \u0434\u043b\u044f \u0440\u0443\u0441\u0441\u043a\u043e\u044f\u0437\u044b\u0447\u043d\u044b\u0445 \u0434\u0435\u0442\u0435\u0439 2 \u043a\u043b\u0430\u0441\u0441\u0430. \u0427\u0430\u0441\u0442\u044c 1-\u044f"},"content":{"rendered":"<p>Minu eesti keel on uue \u00f5ppekava j\u00e4rgi koostatud \u00f5ppematerjal, mis on m\u00f5eldud vene \u00f5ppekeelega koolide eesti keele tundide 2. klassile. \u00d5ppekomplekti kuulub: \u00f5pik (I osa ja II osa) , 1 t\u00f6\u00f6vihik, 1 \u00f5petajaraamat ja CD (I osa ja II osa). Iga teema algab v\u00e4ljenditega, mis on loetud CD-le. V\u00e4ljendid on antud venekeelse t\u00f5lkega, samuti k\u00f5ik harjutuste k\u00e4sklused. V\u00e4ljenditele j\u00e4rgnevad s\u00f5navara kinnistamise harjutused. S\u00f5navara laieneb j\u00e4rk-j\u00e4rgult ning uusi v\u00e4ljendeid kasutatakse l\u00e4bivalt nii \u00f5pikus, t\u00f6\u00f6vihikus kui ka CD-plaadil. Antud \u00f5ppematerjali j\u00e4rgi toimub tunnis keele\u00f5pe l\u00e4bi aktiivse tegevuse, nagu sellele vanusele kohane. \u00d5ppematerjalis on kasutatud palju kinnistamisharjutusi.<\/p>\n","protected":false},"excerpt":{"rendered":"<p>Minu eesti keel on uue \u00f5ppekava j\u00e4rgi koostatud \u00f5ppematerjal, mis on m\u00f5eldud vene \u00f5ppekeelega koolide eesti keele tundide 2. klassile. \u00d5ppekomplekti kuulub: \u00f5pik (I osa ja II osa) , 1 t\u00f6\u00f6vihik, 1 \u00f5petajaraamat ja CD (I osa ja II osa)&#8230;.<\/p>\n","protected":false},"featured_media":58801,"template":"","meta":{"_acf_changed":false,"inline_featured_image":false},"product_brand":[],"product_cat":[699],"product_tag":[],"series":[{"id":700,"name":"MINU EESTI KEEL vene koolile","slug":"minu-eesti-keel-vene-koolile"}],"publisher":[{"id":701,"name":"Kirjatark O\u00dc","slug":"kirjatark-ou"}],"class_list":{"0":"post-21896","1":"product","2":"type-product","3":"status-publish","4":"has-post-thumbnail","6":"product_cat-opikud-lastele-ja-noortele","7":"series-minu-eesti-keel-vene-koolile","8":"publisher-kirjatark-ou","10":"first","11":"instock","12":"taxable","13":"shipping-taxable","14":"purchasable","15":"product-type-simple"},"acf":[],"_links":{"self":[{"href":"https:\/\/exlibris.ee\/ru\/wp-json\/wp\/v2\/product\/21896","targetHints":{"allow":["GET"]}}],"collection":[{"href":"https:\/\/exlibris.ee\/ru\/wp-json\/wp\/v2\/product"}],"about":[{"href":"https:\/\/exlibris.ee\/ru\/wp-json\/wp\/v2\/types\/product"}],"wp:featuredmedia":[{"embeddable":true,"href":"https:\/\/exlibris.ee\/ru\/wp-json\/wp\/v2\/media\/58801"}],"wp:attachment":[{"href":"https:\/\/exlibris.ee\/ru\/wp-json\/wp\/v2\/media?parent=21896"}],"wp:term":[{"taxonomy":"product_brand","embeddable":true,"href":"https:\/\/exlibris.ee\/ru\/wp-json\/wp\/v2\/product_brand?post=21896"},{"taxonomy":"product_cat","embeddable":true,"href":"https:\/\/exlibris.ee\/ru\/wp-json\/wp\/v2\/product_cat?post=21896"},{"taxonomy":"product_tag","embeddable":true,"href":"https:\/\/exlibris.ee\/ru\/wp-json\/wp\/v2\/product_tag?post=21896"},{"taxonomy":"series","embeddable":true,"href":"https:\/\/exlibris.ee\/ru\/wp-json\/wp\/v2\/series?post=21896"},{"taxonomy":"publisher","embeddable":true,"href":"https:\/\/exlibris.ee\/ru\/wp-json\/wp\/v2\/publisher?post=21896"}],"curies":[{"name":"wp","href":"https:\/\/api.w.org\/{rel}","templated":true}]}}