{"id":21912,"date":"2023-02-28T11:11:32","date_gmt":"2023-02-28T09:11:32","guid":{"rendered":"https:\/\/exlibris.ee\/toode\/tere-jalle-a1-a2-inglise-keele-baasil-opik\/"},"modified":"2026-04-14T23:29:13","modified_gmt":"2026-04-14T20:29:13","slug":"tere-jalle-a1-a2-inglise-keele-baasil-opik","status":"publish","type":"product","link":"https:\/\/exlibris.ee\/ru\/produkt\/tere-jalle-a1-a2-inglise-keele-baasil-opik\/","title":{"rendered":"Tere j\u00e4lle! A1-A2 \/ Textbook of Estonian"},"content":{"rendered":"<p>Eesti keele \u00f5pik t\u00e4iskasvanutele inglise keele baasil tasemele A1\u2013A2 (B1), mis on \u00f5piku \u201eTere!\u201d j\u00e4rg. \u00d5ppekomplekti \u201cTere j\u00e4lle!\u201d kuulub \u00f5pik, helisalvestised, s\u00f5nakaardid. Teemade valiku puhul on l\u00e4htutud praktilisest vajadusest igap\u00e4evaelus. Materjali l\u00e4bimiseks kulub grupi suurusest olenevalt 120\u2013140 tundi. \u00d5pik sobib nii grupis kui ka iseseisvaks \u00f5ppimiseks. Kogu grammatika on lahti seletatud inglise keeles. Lahtil\u00f5igatavate s\u00f5nakaartidega saab efektiivselt \u00f5ppida ja korrata uusi s\u00f5nu. Enamus harjutuste vastuseid leiab \u00f5piku l\u00f5pust. Kuulamistekstid kuulatavad QR-koodide abil v\u00f5i alla laaditavad helifailidena veebiaadressil<\/p>\n","protected":false},"excerpt":{"rendered":"<p>Eesti keele \u00f5pik t\u00e4iskasvanutele inglise keele baasil tasemele A1\u2013A2 (B1), mis on \u00f5piku \u201eTere!\u201d j\u00e4rg. \u00d5ppekomplekti \u201cTere j\u00e4lle!\u201d kuulub \u00f5pik, helisalvestised, s\u00f5nakaardid. Teemade valiku puhul on l\u00e4htutud praktilisest vajadusest igap\u00e4evaelus. Materjali l\u00e4bimiseks kulub grupi suurusest olenevalt 120\u2013140 tundi. \u00d5pik sobib&#8230;<\/p>\n","protected":false},"featured_media":58846,"template":"","meta":{"_acf_changed":false,"inline_featured_image":false},"product_brand":[],"product_cat":[704],"product_tag":[],"series":[{"id":708,"name":"TERE J\u00c4LLE! A1-A2 Inglise keele baasil","slug":"tere-jalle-a1-a2-inglise-keele-baasil"}],"publisher":[{"id":701,"name":"Kirjatark O\u00dc","slug":"kirjatark-ou"}],"class_list":{"0":"post-21912","1":"product","2":"type-product","3":"status-publish","4":"has-post-thumbnail","6":"product_cat-a2-taseme-opikud","7":"series-tere-jalle-a1-a2-inglise-keele-baasil","8":"publisher-kirjatark-ou","10":"first","11":"instock","12":"taxable","13":"shipping-taxable","14":"purchasable","15":"product-type-simple"},"acf":[],"_links":{"self":[{"href":"https:\/\/exlibris.ee\/ru\/wp-json\/wp\/v2\/product\/21912","targetHints":{"allow":["GET"]}}],"collection":[{"href":"https:\/\/exlibris.ee\/ru\/wp-json\/wp\/v2\/product"}],"about":[{"href":"https:\/\/exlibris.ee\/ru\/wp-json\/wp\/v2\/types\/product"}],"wp:featuredmedia":[{"embeddable":true,"href":"https:\/\/exlibris.ee\/ru\/wp-json\/wp\/v2\/media\/58846"}],"wp:attachment":[{"href":"https:\/\/exlibris.ee\/ru\/wp-json\/wp\/v2\/media?parent=21912"}],"wp:term":[{"taxonomy":"product_brand","embeddable":true,"href":"https:\/\/exlibris.ee\/ru\/wp-json\/wp\/v2\/product_brand?post=21912"},{"taxonomy":"product_cat","embeddable":true,"href":"https:\/\/exlibris.ee\/ru\/wp-json\/wp\/v2\/product_cat?post=21912"},{"taxonomy":"product_tag","embeddable":true,"href":"https:\/\/exlibris.ee\/ru\/wp-json\/wp\/v2\/product_tag?post=21912"},{"taxonomy":"series","embeddable":true,"href":"https:\/\/exlibris.ee\/ru\/wp-json\/wp\/v2\/series?post=21912"},{"taxonomy":"publisher","embeddable":true,"href":"https:\/\/exlibris.ee\/ru\/wp-json\/wp\/v2\/publisher?post=21912"}],"curies":[{"name":"wp","href":"https:\/\/api.w.org\/{rel}","templated":true}]}}