{"id":21915,"date":"2023-02-28T11:11:32","date_gmt":"2023-02-28T09:11:32","guid":{"rendered":"https:\/\/exlibris.ee\/toode\/tere-jalle-a1-a2-vene-keele-baasil-opik\/"},"modified":"2026-04-17T19:51:11","modified_gmt":"2026-04-17T16:51:11","slug":"tere-jalle-a1-a2-vene-keele-baasil-opik","status":"publish","type":"product","link":"https:\/\/exlibris.ee\/ru\/produkt\/tere-jalle-a1-a2-vene-keele-baasil-opik\/","title":{"rendered":"Tere j\u00e4lle! A1-A2 \/ \u0423\u0447\u0435\u0431\u043d\u0438\u043a \u044d\u0441\u0442\u043e\u043d\u0441\u043a\u043e\u0433\u043e \u044f\u0437\u044b\u043a\u0430"},"content":{"rendered":"<div>\n<div>Eesti keele \u00f5pik t\u00e4iskasvanutele vene keele baasil, tasemele A1-A2.Tegemist on \u00f5piku Tere J\u00e4lle 0-A1 j\u00e4rjega. \u00d5piku koostamisel on l\u00e4htutud Eesti \u00fchiskonnas vajaminevast ja kasutatavast s\u00f5navarast. \u00d5pik sobib nii kursustel kasutamiseks kui ka iseseisvaks \u00f5ppimiseks. Lisaks on \u00f5piku s\u00f5navara baasil olemas s\u00f5nakaardid (m\u00fc\u00fcgil eraldi).<\/div>\n<\/div>\n","protected":false},"excerpt":{"rendered":"<p>Eesti keele \u00f5pik t\u00e4iskasvanutele vene keele baasil, tasemele A1-A2.Tegemist on \u00f5piku Tere J\u00e4lle 0-A1 j\u00e4rjega. \u00d5piku koostamisel on l\u00e4htutud Eesti \u00fchiskonnas vajaminevast ja kasutatavast s\u00f5navarast. \u00d5pik sobib nii kursustel kasutamiseks kui ka iseseisvaks \u00f5ppimiseks. Lisaks on \u00f5piku s\u00f5navara baasil olemas&#8230;<\/p>\n","protected":false},"featured_media":58852,"template":"","meta":{"_acf_changed":false,"inline_featured_image":false},"product_brand":[],"product_cat":[704],"product_tag":[],"series":[{"id":710,"name":"TERE J\u00c4LLE! A1-A2 Vene keele baasil","slug":"tere-jalle-a1-a2-vene-keele-baasil"}],"publisher":[{"id":701,"name":"Kirjatark O\u00dc","slug":"kirjatark-ou"}],"class_list":{"0":"post-21915","1":"product","2":"type-product","3":"status-publish","4":"has-post-thumbnail","6":"product_cat-a2-taseme-opikud","7":"series-tere-jalle-a1-a2-vene-keele-baasil","8":"publisher-kirjatark-ou","10":"first","11":"instock","12":"taxable","13":"shipping-taxable","14":"purchasable","15":"product-type-simple"},"acf":[],"_links":{"self":[{"href":"https:\/\/exlibris.ee\/ru\/wp-json\/wp\/v2\/product\/21915","targetHints":{"allow":["GET"]}}],"collection":[{"href":"https:\/\/exlibris.ee\/ru\/wp-json\/wp\/v2\/product"}],"about":[{"href":"https:\/\/exlibris.ee\/ru\/wp-json\/wp\/v2\/types\/product"}],"wp:featuredmedia":[{"embeddable":true,"href":"https:\/\/exlibris.ee\/ru\/wp-json\/wp\/v2\/media\/58852"}],"wp:attachment":[{"href":"https:\/\/exlibris.ee\/ru\/wp-json\/wp\/v2\/media?parent=21915"}],"wp:term":[{"taxonomy":"product_brand","embeddable":true,"href":"https:\/\/exlibris.ee\/ru\/wp-json\/wp\/v2\/product_brand?post=21915"},{"taxonomy":"product_cat","embeddable":true,"href":"https:\/\/exlibris.ee\/ru\/wp-json\/wp\/v2\/product_cat?post=21915"},{"taxonomy":"product_tag","embeddable":true,"href":"https:\/\/exlibris.ee\/ru\/wp-json\/wp\/v2\/product_tag?post=21915"},{"taxonomy":"series","embeddable":true,"href":"https:\/\/exlibris.ee\/ru\/wp-json\/wp\/v2\/series?post=21915"},{"taxonomy":"publisher","embeddable":true,"href":"https:\/\/exlibris.ee\/ru\/wp-json\/wp\/v2\/publisher?post=21915"}],"curies":[{"name":"wp","href":"https:\/\/api.w.org\/{rel}","templated":true}]}}