{"id":21927,"date":"2023-02-28T11:11:34","date_gmt":"2023-02-28T09:11:34","guid":{"rendered":"https:\/\/exlibris.ee\/toode\/%d1%80%d1%83%d1%81%d1%81%d0%ba%d0%b8%d0%b9-%d1%8f%d0%b7%d1%8b%d0%ba-%d0%b4%d0%bb%d1%8f-%d0%b4%d0%b5%d1%82%d0%b5%d0%b9-%d1%80%d0%be%d1%81%d1%81%d0%b8%d0%b9%d1%81%d0%ba%d0%b8%d1%85-%d1%81%d0%be%d0%be\/"},"modified":"2026-04-05T19:38:48","modified_gmt":"2026-04-05T16:38:48","slug":"%d1%80%d1%83%d1%81%d1%81%d0%ba%d0%b8%d0%b9-%d1%8f%d0%b7%d1%8b%d0%ba-%d0%b4%d0%bb%d1%8f-%d0%b4%d0%b5%d1%82%d0%b5%d0%b9-%d1%80%d0%be%d1%81%d1%81%d0%b8%d0%b9%d1%81%d0%ba%d0%b8%d1%85-%d1%81%d0%be%d0%be","status":"publish","type":"product","link":"https:\/\/exlibris.ee\/ru\/produkt\/%d1%80%d1%83%d1%81%d1%81%d0%ba%d0%b8%d0%b9-%d1%8f%d0%b7%d1%8b%d0%ba-%d0%b4%d0%bb%d1%8f-%d0%b4%d0%b5%d1%82%d0%b5%d0%b9-%d1%80%d0%be%d1%81%d1%81%d0%b8%d0%b9%d1%81%d0%ba%d0%b8%d1%85-%d1%81%d0%be%d0%be\/","title":{"rendered":"\u0420\u0443\u0441\u0441\u043a\u0438\u0439 \u044f\u0437\u044b\u043a \u0434\u043b\u044f \u0434\u0435\u0442\u0435\u0439 \u0440\u043e\u0441\u0441\u0438\u0439\u0441\u043a\u0438\u0445 \u0441\u043e\u043e\u0442\u0435\u0447\u0435\u0441\u0442\u0432\u0435\u043d\u043d\u0438\u043a\u043e\u0432 \u0437\u0430 \u0440\u0443\u0431\u0435\u0436\u043e\u043c: \u043c\u0435\u0436\u043a\u0443\u043b\u044c\u0442\u0443\u0440\u043d\u043e\u0435 \u043e\u0431\u0440\u0430\u0437\u043e\u0432\u0430\u043d\u0438\u0435 : \u043d\u0430\u0447\u0430\u043b\u044c\u043d\u044b\u0439 \u044d\u0442\u0430\u043f : \u043f\u0440\u043e\u0433\u0440\u0430\u043c\u043c\u0430 \u0434\u043b\u044f \u044f\u0437\u044b\u043a\u043e\u0432\u044b\u0445 \u043e\u0431\u0440"},"content":{"rendered":"<p>\u00d0\u0178\u00d1\u20ac\u00d0\u00be\u00d0\u00b3\u00d1\u20ac\u00d0\u00b0\u00d0\u00bc\u00d0\u00bc\u00d0\u00b0 \u00d0\u00b4\u00d0\u00b0\u00d0\u00b5\u00d1\u201a \u00d0\u00bc\u00d0\u00b5\u00d1\u201a\u00d0\u00be\u00d0\u00b4\u00d0\u00b8\u00d1\u2021\u00d0\u00b5\u00d1\u0081\u00d0\u00ba\u00d0\u00b8\u00d0\u00b5 \u00d1\u20ac\u00d0\u00b5\u00d0\u00ba\u00d0\u00be\u00d0\u00bc\u00d0\u00b5\u00d0\u00bd\u00d0\u00b4\u00d0\u00b0\u00d1\u2020\u00d0\u00b8\u00d0\u00b8 \u00d0\u00bf\u00d0\u00be \u00d0\u00bf\u00d1\u20ac\u00d0\u00b5\u00d0\u00bf\u00d0\u00be\u00d0\u00b4\u00d0\u00b0\u00d0\u00b2\u00d0\u00b0\u00d0\u00bd\u00d0\u00b8\u00d1\u017d \u00d1\u20ac\u00d1\u0192\u00d1\u0081\u00d1\u0081\u00d0\u00ba\u00d0\u00be\u00d0\u00b3\u00d0\u00be \u00d1\u008f\u00d0\u00b7\u00d1\u2039\u00d0\u00ba\u00d0\u00b0 \u00d0\u00b4\u00d0\u00b5\u00d1\u201a\u00d1\u008f\u00d0\u00bc \u00d1\u20ac\u00d0\u00be\u00d1\u0081\u00d1\u0081\u00d0\u00b8\u00d0\u00b9\u00d1\u0081\u00d0\u00ba\u00d0\u00b8\u00d1\u2026 \u00d1\u0081\u00d0\u00be\u00d0\u00be\u00d1\u201a\u00d0\u00b5\u00d1\u2021\u00d0\u00b5\u00d1\u0081\u00d1\u201a\u00d0\u00b2\u00d0\u00b5\u00d0\u00bd\u00d0\u00bd\u00d0\u00b8\u00d0\u00ba\u00d0\u00be\u00d0\u00b2 \u00d0\u00b7\u00d0\u00b0 \u00d1\u20ac\u00d1\u0192\u00d0\u00b1\u00d0\u00b5\u00d0\u00b6\u00d0\u00be\u00d0\u00bc. \u00d0\u017e\u00d0\u00bd\u00d0\u00b0 \u00d1\u20ac\u00d0\u00b0\u00d1\u0081\u00d1\u2021\u00d0\u00b8\u00d1\u201a\u00d0\u00b0\u00d0\u00bd\u00d0\u00b0 \u00d0\u00bd\u00d0\u00b0 \u00d0\u00bd\u00d0\u00b0\u00d1\u2021\u00d0\u00b0\u00d0\u00bb\u00d1\u0152\u00d0\u00bd\u00d1\u2039\u00d0\u00b9 \u00d1\u008d\u00d1\u201a\u00d0\u00b0\u00d0\u00bf \u00d1\u008f\u00d0\u00b7\u00d1\u2039\u00d0\u00ba\u00d0\u00be\u00d0\u00b2\u00d0\u00be\u00d0\u00b3\u00d0\u00be \u00d0\u00be\u00d0\u00b1\u00d1\u20ac\u00d0\u00b0\u00d0\u00b7\u00d0\u00be\u00d0\u00b2\u00d0\u00b0\u00d0\u00bd\u00d0\u00b8\u00d1\u008f<\/p>\n","protected":false},"excerpt":{"rendered":"<p>\u00d0\u0178\u00d1\u20ac\u00d0\u00be\u00d0\u00b3\u00d1\u20ac\u00d0\u00b0\u00d0\u00bc\u00d0\u00bc\u00d0\u00b0 \u00d0\u00b4\u00d0\u00b0\u00d0\u00b5\u00d1\u201a \u00d0\u00bc\u00d0\u00b5\u00d1\u201a\u00d0\u00be\u00d0\u00b4\u00d0\u00b8\u00d1\u2021\u00d0\u00b5\u00d1\u0081\u00d0\u00ba\u00d0\u00b8\u00d0\u00b5 \u00d1\u20ac\u00d0\u00b5\u00d0\u00ba\u00d0\u00be\u00d0\u00bc\u00d0\u00b5\u00d0\u00bd\u00d0\u00b4\u00d0\u00b0\u00d1\u2020\u00d0\u00b8\u00d0\u00b8 \u00d0\u00bf\u00d0\u00be \u00d0\u00bf\u00d1\u20ac\u00d0\u00b5\u00d0\u00bf\u00d0\u00be\u00d0\u00b4\u00d0\u00b0\u00d0\u00b2\u00d0\u00b0\u00d0\u00bd\u00d0\u00b8\u00d1\u017d \u00d1\u20ac\u00d1\u0192\u00d1\u0081\u00d1\u0081\u00d0\u00ba\u00d0\u00be\u00d0\u00b3\u00d0\u00be \u00d1\u008f\u00d0\u00b7\u00d1\u2039\u00d0\u00ba\u00d0\u00b0 \u00d0\u00b4\u00d0\u00b5\u00d1\u201a\u00d1\u008f\u00d0\u00bc \u00d1\u20ac\u00d0\u00be\u00d1\u0081\u00d1\u0081\u00d0\u00b8\u00d0\u00b9\u00d1\u0081\u00d0\u00ba\u00d0\u00b8\u00d1\u2026 \u00d1\u0081\u00d0\u00be\u00d0\u00be\u00d1\u201a\u00d0\u00b5\u00d1\u2021\u00d0\u00b5\u00d1\u0081\u00d1\u201a\u00d0\u00b2\u00d0\u00b5\u00d0\u00bd\u00d0\u00bd\u00d0\u00b8\u00d0\u00ba\u00d0\u00be\u00d0\u00b2 \u00d0\u00b7\u00d0\u00b0 \u00d1\u20ac\u00d1\u0192\u00d0\u00b1\u00d0\u00b5\u00d0\u00b6\u00d0\u00be\u00d0\u00bc. \u00d0\u017e\u00d0\u00bd\u00d0\u00b0 \u00d1\u20ac\u00d0\u00b0\u00d1\u0081\u00d1\u2021\u00d0\u00b8\u00d1\u201a\u00d0\u00b0\u00d0\u00bd\u00d0\u00b0 \u00d0\u00bd\u00d0\u00b0 \u00d0\u00bd\u00d0\u00b0\u00d1\u2021\u00d0\u00b0\u00d0\u00bb\u00d1\u0152\u00d0\u00bd\u00d1\u2039\u00d0\u00b9 \u00d1\u008d\u00d1\u201a\u00d0\u00b0\u00d0\u00bf \u00d1\u008f\u00d0\u00b7\u00d1\u2039\u00d0\u00ba\u00d0\u00be\u00d0\u00b2\u00d0\u00be\u00d0\u00b3\u00d0\u00be \u00d0\u00be\u00d0\u00b1\u00d1\u20ac\u00d0\u00b0\u00d0\u00b7\u00d0\u00be\u00d0\u00b2\u00d0\u00b0\u00d0\u00bd\u00d0\u00b8\u00d1\u008f<\/p>\n","protected":false},"featured_media":39915,"template":"","meta":{"_acf_changed":false,"inline_featured_image":false},"product_brand":[],"product_cat":[341],"product_tag":[],"series":[],"publisher":[{"id":711,"name":"Retorika A","slug":"retorika-a"}],"class_list":{"0":"post-21927","1":"product","2":"type-product","3":"status-publish","4":"has-post-thumbnail","6":"product_cat-341","7":"publisher-retorika-a","9":"first","10":"instock","11":"taxable","12":"shipping-taxable","13":"purchasable","14":"product-type-simple"},"acf":[],"_links":{"self":[{"href":"https:\/\/exlibris.ee\/ru\/wp-json\/wp\/v2\/product\/21927","targetHints":{"allow":["GET"]}}],"collection":[{"href":"https:\/\/exlibris.ee\/ru\/wp-json\/wp\/v2\/product"}],"about":[{"href":"https:\/\/exlibris.ee\/ru\/wp-json\/wp\/v2\/types\/product"}],"wp:featuredmedia":[{"embeddable":true,"href":"https:\/\/exlibris.ee\/ru\/wp-json\/wp\/v2\/media\/39915"}],"wp:attachment":[{"href":"https:\/\/exlibris.ee\/ru\/wp-json\/wp\/v2\/media?parent=21927"}],"wp:term":[{"taxonomy":"product_brand","embeddable":true,"href":"https:\/\/exlibris.ee\/ru\/wp-json\/wp\/v2\/product_brand?post=21927"},{"taxonomy":"product_cat","embeddable":true,"href":"https:\/\/exlibris.ee\/ru\/wp-json\/wp\/v2\/product_cat?post=21927"},{"taxonomy":"product_tag","embeddable":true,"href":"https:\/\/exlibris.ee\/ru\/wp-json\/wp\/v2\/product_tag?post=21927"},{"taxonomy":"series","embeddable":true,"href":"https:\/\/exlibris.ee\/ru\/wp-json\/wp\/v2\/series?post=21927"},{"taxonomy":"publisher","embeddable":true,"href":"https:\/\/exlibris.ee\/ru\/wp-json\/wp\/v2\/publisher?post=21927"}],"curies":[{"name":"wp","href":"https:\/\/api.w.org\/{rel}","templated":true}]}}