{"id":21928,"date":"2023-02-28T11:11:35","date_gmt":"2023-02-28T09:11:35","guid":{"rendered":"https:\/\/exlibris.ee\/toode\/suvenda-ja-taienda-eesti-keele-oskust\/"},"modified":"2026-04-03T13:24:49","modified_gmt":"2026-04-03T10:24:49","slug":"suvenda-ja-taienda-eesti-keele-oskust","status":"publish","type":"product","link":"https:\/\/exlibris.ee\/ru\/produkt\/suvenda-ja-taienda-eesti-keele-oskust\/","title":{"rendered":"S\u00fcvenda ja t\u00e4ienda eesti keele oskust"},"content":{"rendered":"<p>K\u00e4esolev kogumik on j\u00e4tkuks 2008. a v\u00e4lja antud \u00f5ppematerjalile \u201eK\u00f5nele ja kirjuta \u00f5igesti\u201d. Keeleharjutuste kogu on suunatud muukeelse g\u00fcmnaasiumi vanemale astmele ja t\u00e4iskasvanutele, kes \u00f5pivad eesti keelt iseseisva keelekasutaja (B2) v\u00f5i vilunud keelekasutaja (C1) tasemel ja valmistuvad vastava keelekategooria eksamiks. \u00dclesannete ja harjutuste temaatika ja s\u00f5navara on seotud g\u00fcmnaasiumi riiklikus \u00f5ppekavas esitatud l\u00e4bivate teemadega. Eesti keele \u00f5pe edasij\u00f5udnute tasemel annab oma panuse k\u00f5netemaatika sidumiseks teiste \u00f5ppeainetega ning suunab \u00f5ppijat end v\u00e4ljendama t\u00f5sistel sotsiaalsetel teemadel. Selleks on vaja suurendada keelepagasit, kasutada konkreetseid teemakohaseid s\u00f5nu, s\u00f5na\u00fchendeid, grammatilisi vorme ja lausemalle nii, et oleks v\u00f5imalik teha end m\u00f5istetavaks kui \u00fchiskonna aktiivne liige ka sotsiaalselt n\u00f5udlikel teemadel. Kogumiku autoriteks on pikaajalise t\u00f6\u00f6kogemusega \u00f5petajad-praktikud Aino Siirak ja Annelii Juhkama.<\/p>\n","protected":false},"excerpt":{"rendered":"<p>K\u00e4esolev kogumik on j\u00e4tkuks 2008. a v\u00e4lja antud \u00f5ppematerjalile \u201eK\u00f5nele ja kirjuta \u00f5igesti\u201d. Keeleharjutuste kogu on suunatud muukeelse g\u00fcmnaasiumi vanemale astmele ja t\u00e4iskasvanutele, kes \u00f5pivad eesti keelt iseseisva keelekasutaja (B2) v\u00f5i vilunud keelekasutaja (C1) tasemel ja valmistuvad vastava keelekategooria eksamiks&#8230;.<\/p>\n","protected":false},"featured_media":58906,"template":"","meta":{"_acf_changed":false,"inline_featured_image":false},"product_brand":[],"product_cat":[714],"product_tag":[],"series":[{"id":715,"name":"S\u00fcvenda ja t\u00e4ienda eesti keele oskust","slug":"suvenda-ja-taienda-eesti-keele-oskust"}],"publisher":[{"id":716,"name":"Koolibri","slug":"koolibri"}],"class_list":{"0":"post-21928","1":"product","2":"type-product","3":"status-publish","4":"has-post-thumbnail","6":"product_cat-c1-taseme-opikud","7":"series-suvenda-ja-taienda-eesti-keele-oskust","8":"publisher-koolibri","10":"first","11":"instock","12":"taxable","13":"shipping-taxable","14":"purchasable","15":"product-type-simple"},"acf":[],"_links":{"self":[{"href":"https:\/\/exlibris.ee\/ru\/wp-json\/wp\/v2\/product\/21928","targetHints":{"allow":["GET"]}}],"collection":[{"href":"https:\/\/exlibris.ee\/ru\/wp-json\/wp\/v2\/product"}],"about":[{"href":"https:\/\/exlibris.ee\/ru\/wp-json\/wp\/v2\/types\/product"}],"wp:featuredmedia":[{"embeddable":true,"href":"https:\/\/exlibris.ee\/ru\/wp-json\/wp\/v2\/media\/58906"}],"wp:attachment":[{"href":"https:\/\/exlibris.ee\/ru\/wp-json\/wp\/v2\/media?parent=21928"}],"wp:term":[{"taxonomy":"product_brand","embeddable":true,"href":"https:\/\/exlibris.ee\/ru\/wp-json\/wp\/v2\/product_brand?post=21928"},{"taxonomy":"product_cat","embeddable":true,"href":"https:\/\/exlibris.ee\/ru\/wp-json\/wp\/v2\/product_cat?post=21928"},{"taxonomy":"product_tag","embeddable":true,"href":"https:\/\/exlibris.ee\/ru\/wp-json\/wp\/v2\/product_tag?post=21928"},{"taxonomy":"series","embeddable":true,"href":"https:\/\/exlibris.ee\/ru\/wp-json\/wp\/v2\/series?post=21928"},{"taxonomy":"publisher","embeddable":true,"href":"https:\/\/exlibris.ee\/ru\/wp-json\/wp\/v2\/publisher?post=21928"}],"curies":[{"name":"wp","href":"https:\/\/api.w.org\/{rel}","templated":true}]}}