{"id":21929,"date":"2023-02-28T11:11:35","date_gmt":"2023-02-28T09:11:35","guid":{"rendered":"https:\/\/exlibris.ee\/toode\/konele-ja-kirjuta-oigesti\/"},"modified":"2026-04-16T21:41:20","modified_gmt":"2026-04-16T18:41:20","slug":"konele-ja-kirjuta-oigesti","status":"publish","type":"product","link":"https:\/\/exlibris.ee\/ru\/produkt\/konele-ja-kirjuta-oigesti\/","title":{"rendered":"K\u00f5nele ja kirjuta \u00f5igesti!"},"content":{"rendered":"<p>Temaatiline eesti keele grammatikaharjutuste kogumik muukeelsele g\u00fcmnaasiumile. Kogumik h\u00f5lmab g\u00fcmnaasiumi ainekava k\u00f5neteemasid ja alateemasid. Iga teema raames 1) esitletakse teemaga seonduv aktiivne s\u00f5navara ja harjutatakse veaohtlikke muutevorme; 2) k\u00e4sitletakse raskemaid muutevorme s\u00f5na\u00fchendi, lause ja seotud tekstina koostatud \u00fclesannete tasemel. Iga teema l\u00f5pus on kontroll\u00fclesanne ja -test, mis annab \u00f5pilasele v\u00f5imalusi riigieksamiks paremini ette valmistuda. Kogumiku \u00fclesannete koostamise aluseks on v\u00f5etud \u00f5pilaste riigieksamite suuliste ja kirjalike t\u00f6\u00f6de t\u00fc\u00fcpilised vead (rektsioon, ma-, da-infinitiivi, sihitise k\u00e4\u00e4nded jms). K\u00f5neteemade \u00f5ppimise ja kordamise k\u00e4igus saavad \u00f5pilased raskemaid grammatikateemasid s\u00fcvendatult korrata ja \u00f5igeid vorme kinnistada.<\/p>\n","protected":false},"excerpt":{"rendered":"<p>Temaatiline eesti keele grammatikaharjutuste kogumik muukeelsele g\u00fcmnaasiumile. Kogumik h\u00f5lmab g\u00fcmnaasiumi ainekava k\u00f5neteemasid ja alateemasid. Iga teema raames 1) esitletakse teemaga seonduv aktiivne s\u00f5navara ja harjutatakse veaohtlikke muutevorme; 2) k\u00e4sitletakse raskemaid muutevorme s\u00f5na\u00fchendi, lause ja seotud tekstina koostatud \u00fclesannete tasemel. Iga&#8230;<\/p>\n","protected":false},"featured_media":58909,"template":"","meta":{"_acf_changed":false,"inline_featured_image":false},"product_brand":[],"product_cat":[706],"product_tag":[],"series":[{"id":717,"name":"K\u00f5nele ja kirjuta \u00f5igesti!","slug":"konele-ja-kirjuta-oigesti"}],"publisher":[{"id":716,"name":"Koolibri","slug":"koolibri"}],"class_list":{"0":"post-21929","1":"product","2":"type-product","3":"status-publish","4":"has-post-thumbnail","6":"product_cat-b2-taseme-opikud","7":"series-konele-ja-kirjuta-oigesti","8":"publisher-koolibri","10":"first","11":"instock","12":"taxable","13":"shipping-taxable","14":"purchasable","15":"product-type-simple"},"acf":[],"_links":{"self":[{"href":"https:\/\/exlibris.ee\/ru\/wp-json\/wp\/v2\/product\/21929","targetHints":{"allow":["GET"]}}],"collection":[{"href":"https:\/\/exlibris.ee\/ru\/wp-json\/wp\/v2\/product"}],"about":[{"href":"https:\/\/exlibris.ee\/ru\/wp-json\/wp\/v2\/types\/product"}],"wp:featuredmedia":[{"embeddable":true,"href":"https:\/\/exlibris.ee\/ru\/wp-json\/wp\/v2\/media\/58909"}],"wp:attachment":[{"href":"https:\/\/exlibris.ee\/ru\/wp-json\/wp\/v2\/media?parent=21929"}],"wp:term":[{"taxonomy":"product_brand","embeddable":true,"href":"https:\/\/exlibris.ee\/ru\/wp-json\/wp\/v2\/product_brand?post=21929"},{"taxonomy":"product_cat","embeddable":true,"href":"https:\/\/exlibris.ee\/ru\/wp-json\/wp\/v2\/product_cat?post=21929"},{"taxonomy":"product_tag","embeddable":true,"href":"https:\/\/exlibris.ee\/ru\/wp-json\/wp\/v2\/product_tag?post=21929"},{"taxonomy":"series","embeddable":true,"href":"https:\/\/exlibris.ee\/ru\/wp-json\/wp\/v2\/series?post=21929"},{"taxonomy":"publisher","embeddable":true,"href":"https:\/\/exlibris.ee\/ru\/wp-json\/wp\/v2\/publisher?post=21929"}],"curies":[{"name":"wp","href":"https:\/\/api.w.org\/{rel}","templated":true}]}}