{"id":269298,"date":"2026-04-14T19:21:10","date_gmt":"2026-04-14T16:21:10","guid":{"rendered":"https:\/\/exlibris.ee\/toode\/ubungsblatter-per-mausklickcd-rom\/"},"modified":"2026-04-17T15:34:34","modified_gmt":"2026-04-17T12:34:34","slug":"ubungsblatter-per-mausklickcd-rom","status":"publish","type":"product","link":"https:\/\/exlibris.ee\/ru\/produkt\/ubungsblatter-per-mausklickcd-rom\/","title":{"rendered":"Ubungsblatter Per Mausklick,CD-ROM"},"content":{"rendered":"<p>Ubungsblatter Per Mausklick.<br \/>\nDieses PC-Programm nimmt Ihnen nicht nur die Arbeit ab, einen auf Ihrem PC befindlichen Text auf die Tauglichkeit f\u00fcr bestimmte \u00dcbungen zu \u00fcberpr\u00fcfen, sondern erstellt Ihnen in Sekundenschnelle \u00dcbungsbl\u00e4tter zu verschiedenen Grammatikthemen und Wortschatz\u00fcbungen. Ebenso erstellt Ihnen der \u00dcbungsgenerator auf Wunsch eine Wortliste aus Ihrem Text mit dem Lernwortschatz und sucht den Text nach bestimmten W\u00f6rtern durch. Folgende Formate k\u00f6nnen mit dem Programm gelesen werden: TXT, HTM und RTF (k\u00f6nnen mit g\u00e4ngigen Textverarbeitungsprogrammen erstellt werden).<br \/>\nMit diesem Programm erstellte Dateien werden im RTF-Format abgespeichert und k\u00f6nnen ebenfalls mit g\u00e4ngigen Textverarbeitungs-programmen ge\u00f6ffnet und weiterbearbeitet werden. Ab Windows 3.1 einsetzbar.<\/p>\n","protected":false},"excerpt":{"rendered":"<p>Ubungsblatter Per Mausklick. Dieses PC-Programm nimmt Ihnen nicht nur die Arbeit ab, einen auf Ihrem PC befindlichen Text auf die Tauglichkeit f\u00fcr bestimmte \u00dcbungen zu \u00fcberpr\u00fcfen, sondern erstellt Ihnen in Sekundenschnelle \u00dcbungsbl\u00e4tter zu verschiedenen Grammatikthemen und Wortschatz\u00fcbungen. Ebenso erstellt Ihnen&#8230;<\/p>\n","protected":false},"featured_media":0,"template":"","meta":{"_acf_changed":false,"inline_featured_image":false},"product_brand":[],"product_cat":[886],"product_tag":[],"series":[],"publisher":[{"id":497,"name":"Hueber Verlag","slug":"hueber-verlag"}],"class_list":{"0":"post-269298","1":"product","2":"type-product","3":"status-publish","5":"product_cat-methodik","6":"publisher-hueber-verlag","8":"first","9":"instock","10":"taxable","11":"shipping-taxable","12":"purchasable","13":"product-type-simple"},"acf":[],"_links":{"self":[{"href":"https:\/\/exlibris.ee\/ru\/wp-json\/wp\/v2\/product\/269298","targetHints":{"allow":["GET"]}}],"collection":[{"href":"https:\/\/exlibris.ee\/ru\/wp-json\/wp\/v2\/product"}],"about":[{"href":"https:\/\/exlibris.ee\/ru\/wp-json\/wp\/v2\/types\/product"}],"wp:attachment":[{"href":"https:\/\/exlibris.ee\/ru\/wp-json\/wp\/v2\/media?parent=269298"}],"wp:term":[{"taxonomy":"product_brand","embeddable":true,"href":"https:\/\/exlibris.ee\/ru\/wp-json\/wp\/v2\/product_brand?post=269298"},{"taxonomy":"product_cat","embeddable":true,"href":"https:\/\/exlibris.ee\/ru\/wp-json\/wp\/v2\/product_cat?post=269298"},{"taxonomy":"product_tag","embeddable":true,"href":"https:\/\/exlibris.ee\/ru\/wp-json\/wp\/v2\/product_tag?post=269298"},{"taxonomy":"series","embeddable":true,"href":"https:\/\/exlibris.ee\/ru\/wp-json\/wp\/v2\/series?post=269298"},{"taxonomy":"publisher","embeddable":true,"href":"https:\/\/exlibris.ee\/ru\/wp-json\/wp\/v2\/publisher?post=269298"}],"curies":[{"name":"wp","href":"https:\/\/api.w.org\/{rel}","templated":true}]}}