{"id":269383,"date":"2026-04-14T19:22:37","date_gmt":"2026-04-14T16:22:37","guid":{"rendered":"https:\/\/exlibris.ee\/toode\/mittelstufe-deutsch-neubearbeitung-neue-rechtschreibung-schlussel-zum-arbeitsbuch-mit-prufungsvorbereitung\/"},"modified":"2026-04-17T15:36:04","modified_gmt":"2026-04-17T12:36:04","slug":"mittelstufe-deutsch-neubearbeitung-neue-rechtschreibung-schlussel-zum-arbeitsbuch-mit-prufungsvorbereitung","status":"publish","type":"product","link":"https:\/\/exlibris.ee\/ru\/produkt\/mittelstufe-deutsch-neubearbeitung-neue-rechtschreibung-schlussel-zum-arbeitsbuch-mit-prufungsvorbereitung\/","title":{"rendered":"Mittelstufe Deutsch, Neubearbeitung, neue Rechtschreibung, Schl\u00fcssel zum Arbeitsbuch mit Pr\u00fcfungsvorbereitung"},"content":{"rendered":"<p>\u201eMittelstufe Deutsch\u201c ist ein aktualisiertes Lehrwerk f\u00fcr die Mittelstufe, das Lernende von Zertifikat\u2011Deutsch\u2011Niveau bis zur Stufe C1 f\u00fchrt. Es bietet sieben umfangreiche Themenbereiche, viele abwechslungsreiche \u00dcbungen (von Grammatik bis Rollenspielen), Tests zur Lernkontrolle sowie zus\u00e4tzliche Kurzkrimis und ein Deutschland\u2011Ratespiel.<br \/>\nWenn du m\u00f6chtest, kann ich es noch einfacher oder noch k\u00fcrzer formulieren.<\/p>\n","protected":false},"excerpt":{"rendered":"<p>\u201eMittelstufe Deutsch\u201c ist ein aktualisiertes Lehrwerk f\u00fcr die Mittelstufe, das Lernende von Zertifikat\u2011Deutsch\u2011Niveau bis zur Stufe C1 f\u00fchrt. Es bietet sieben umfangreiche Themenbereiche, viele abwechslungsreiche \u00dcbungen (von Grammatik bis Rollenspielen), Tests zur Lernkontrolle sowie zus\u00e4tzliche Kurzkrimis und ein Deutschland\u2011Ratespiel. Wenn&#8230;<\/p>\n","protected":false},"featured_media":0,"template":"","meta":{"_acf_changed":false,"inline_featured_image":false},"product_brand":[],"product_cat":[470],"product_tag":[],"series":[],"publisher":[{"id":497,"name":"Hueber Verlag","slug":"hueber-verlag"}],"class_list":{"0":"post-269383","1":"product","2":"type-product","3":"status-publish","5":"product_cat-saksa-keel","6":"publisher-hueber-verlag","8":"first","9":"instock","10":"taxable","11":"shipping-taxable","12":"purchasable","13":"product-type-simple"},"acf":[],"_links":{"self":[{"href":"https:\/\/exlibris.ee\/ru\/wp-json\/wp\/v2\/product\/269383","targetHints":{"allow":["GET"]}}],"collection":[{"href":"https:\/\/exlibris.ee\/ru\/wp-json\/wp\/v2\/product"}],"about":[{"href":"https:\/\/exlibris.ee\/ru\/wp-json\/wp\/v2\/types\/product"}],"wp:attachment":[{"href":"https:\/\/exlibris.ee\/ru\/wp-json\/wp\/v2\/media?parent=269383"}],"wp:term":[{"taxonomy":"product_brand","embeddable":true,"href":"https:\/\/exlibris.ee\/ru\/wp-json\/wp\/v2\/product_brand?post=269383"},{"taxonomy":"product_cat","embeddable":true,"href":"https:\/\/exlibris.ee\/ru\/wp-json\/wp\/v2\/product_cat?post=269383"},{"taxonomy":"product_tag","embeddable":true,"href":"https:\/\/exlibris.ee\/ru\/wp-json\/wp\/v2\/product_tag?post=269383"},{"taxonomy":"series","embeddable":true,"href":"https:\/\/exlibris.ee\/ru\/wp-json\/wp\/v2\/series?post=269383"},{"taxonomy":"publisher","embeddable":true,"href":"https:\/\/exlibris.ee\/ru\/wp-json\/wp\/v2\/publisher?post=269383"}],"curies":[{"name":"wp","href":"https:\/\/api.w.org\/{rel}","templated":true}]}}