{"id":269545,"date":"2026-04-14T19:25:14","date_gmt":"2026-04-14T16:25:14","guid":{"rendered":"https:\/\/exlibris.ee\/toode\/groses-ubungsbuch-deutsch-grammatik\/"},"modified":"2026-04-15T13:36:13","modified_gmt":"2026-04-15T10:36:13","slug":"groses-ubungsbuch-deutsch-grammatik","status":"publish","type":"product","link":"https:\/\/exlibris.ee\/ru\/produkt\/groses-ubungsbuch-deutsch-grammatik\/","title":{"rendered":"Gro\u00dfes \u00dcbungsbuch Deutsch Grammatik"},"content":{"rendered":"<p>Das Buch bietet rund 500 \u00dcbungen zu Grammatik, Idiomatik, Wortschatz und typischen Fehlern. Es behandelt Alltagsthemen, ist \u00fcbersichtlich nach Grammatikpunkten geordnet, zweifarbig gestaltet und enth\u00e4lt Illustrationen. Die Aufgaben sind in authentischen Situationen eingebettet und f\u00f6rdern nachhaltiges Lernen.<\/p>\n","protected":false},"excerpt":{"rendered":"<p>Das Buch bietet rund 500 \u00dcbungen zu Grammatik, Idiomatik, Wortschatz und typischen Fehlern. Es behandelt Alltagsthemen, ist \u00fcbersichtlich nach Grammatikpunkten geordnet, zweifarbig gestaltet und enth\u00e4lt Illustrationen. Die Aufgaben sind in authentischen Situationen eingebettet und f\u00f6rdern nachhaltiges Lernen.<\/p>\n","protected":false},"featured_media":0,"template":"","meta":{"_acf_changed":false,"inline_featured_image":false},"product_brand":[],"product_cat":[480],"product_tag":[],"series":[],"publisher":[{"id":497,"name":"Hueber Verlag","slug":"hueber-verlag"}],"class_list":{"0":"post-269545","1":"product","2":"type-product","3":"status-publish","5":"product_cat-grammatiken","6":"publisher-hueber-verlag","8":"first","9":"instock","10":"taxable","11":"shipping-taxable","12":"purchasable","13":"product-type-simple"},"acf":[],"_links":{"self":[{"href":"https:\/\/exlibris.ee\/ru\/wp-json\/wp\/v2\/product\/269545","targetHints":{"allow":["GET"]}}],"collection":[{"href":"https:\/\/exlibris.ee\/ru\/wp-json\/wp\/v2\/product"}],"about":[{"href":"https:\/\/exlibris.ee\/ru\/wp-json\/wp\/v2\/types\/product"}],"wp:attachment":[{"href":"https:\/\/exlibris.ee\/ru\/wp-json\/wp\/v2\/media?parent=269545"}],"wp:term":[{"taxonomy":"product_brand","embeddable":true,"href":"https:\/\/exlibris.ee\/ru\/wp-json\/wp\/v2\/product_brand?post=269545"},{"taxonomy":"product_cat","embeddable":true,"href":"https:\/\/exlibris.ee\/ru\/wp-json\/wp\/v2\/product_cat?post=269545"},{"taxonomy":"product_tag","embeddable":true,"href":"https:\/\/exlibris.ee\/ru\/wp-json\/wp\/v2\/product_tag?post=269545"},{"taxonomy":"series","embeddable":true,"href":"https:\/\/exlibris.ee\/ru\/wp-json\/wp\/v2\/series?post=269545"},{"taxonomy":"publisher","embeddable":true,"href":"https:\/\/exlibris.ee\/ru\/wp-json\/wp\/v2\/publisher?post=269545"}],"curies":[{"name":"wp","href":"https:\/\/api.w.org\/{rel}","templated":true}]}}