{"id":269636,"date":"2026-04-14T19:26:40","date_gmt":"2026-04-14T16:26:40","guid":{"rendered":"https:\/\/exlibris.ee\/toode\/themen-neu-1-lhb-t-b\/"},"modified":"2026-04-14T19:26:40","modified_gmt":"2026-04-14T16:26:40","slug":"themen-neu-1-lhb-t-b","status":"publish","type":"product","link":"https:\/\/exlibris.ee\/ru\/produkt\/themen-neu-1-lhb-t-b\/","title":{"rendered":"Themen neu 1 LHB T. B"},"content":{"rendered":"<p>Kopiervorlagen und Folien, die die Kommunikation im Unterricht vorbereiten und f\u00f6rdern.<br \/>\nLandeskundliche und gesellschaftliche Hinweise passend zu den Lektionen. Erl\u00e4uterungen zur Grammatik und zu ihrer Behandlung im Unterricht. Tests f\u00fcr jeweils zwei Lektionen. L\u00f6sungen zu den Aufgaben im Kursbuch.<br \/>\nTranskriptionen der H\u00f6rtexte.<\/p>\n","protected":false},"excerpt":{"rendered":"<p>Kopiervorlagen und Folien, die die Kommunikation im Unterricht vorbereiten und f\u00f6rdern. Landeskundliche und gesellschaftliche Hinweise passend zu den Lektionen. Erl\u00e4uterungen zur Grammatik und zu ihrer Behandlung im Unterricht. Tests f\u00fcr jeweils zwei Lektionen. L\u00f6sungen zu den Aufgaben im Kursbuch. Transkriptionen&#8230;<\/p>\n","protected":false},"featured_media":0,"template":"","meta":{"_acf_changed":false,"inline_featured_image":false},"product_brand":[],"product_cat":[470],"product_tag":[],"series":[],"publisher":[{"id":497,"name":"Hueber Verlag","slug":"hueber-verlag"}],"class_list":{"0":"post-269636","1":"product","2":"type-product","3":"status-publish","5":"product_cat-saksa-keel","6":"publisher-hueber-verlag","8":"first","9":"instock","10":"taxable","11":"shipping-taxable","12":"purchasable","13":"product-type-simple"},"acf":[],"_links":{"self":[{"href":"https:\/\/exlibris.ee\/ru\/wp-json\/wp\/v2\/product\/269636","targetHints":{"allow":["GET"]}}],"collection":[{"href":"https:\/\/exlibris.ee\/ru\/wp-json\/wp\/v2\/product"}],"about":[{"href":"https:\/\/exlibris.ee\/ru\/wp-json\/wp\/v2\/types\/product"}],"wp:attachment":[{"href":"https:\/\/exlibris.ee\/ru\/wp-json\/wp\/v2\/media?parent=269636"}],"wp:term":[{"taxonomy":"product_brand","embeddable":true,"href":"https:\/\/exlibris.ee\/ru\/wp-json\/wp\/v2\/product_brand?post=269636"},{"taxonomy":"product_cat","embeddable":true,"href":"https:\/\/exlibris.ee\/ru\/wp-json\/wp\/v2\/product_cat?post=269636"},{"taxonomy":"product_tag","embeddable":true,"href":"https:\/\/exlibris.ee\/ru\/wp-json\/wp\/v2\/product_tag?post=269636"},{"taxonomy":"series","embeddable":true,"href":"https:\/\/exlibris.ee\/ru\/wp-json\/wp\/v2\/series?post=269636"},{"taxonomy":"publisher","embeddable":true,"href":"https:\/\/exlibris.ee\/ru\/wp-json\/wp\/v2\/publisher?post=269636"}],"curies":[{"name":"wp","href":"https:\/\/api.w.org\/{rel}","templated":true}]}}