{"id":269827,"date":"2026-04-14T19:29:15","date_gmt":"2026-04-14T16:29:15","guid":{"rendered":"https:\/\/exlibris.ee\/toode\/jungs-sind-keine-regenschirme-leseheft-mit-cd\/"},"modified":"2026-04-15T13:40:43","modified_gmt":"2026-04-15T10:40:43","slug":"jungs-sind-keine-regenschirme-leseheft-mit-cd","status":"publish","type":"product","link":"https:\/\/exlibris.ee\/ru\/produkt\/jungs-sind-keine-regenschirme-leseheft-mit-cd\/","title":{"rendered":"Jungs Sind Keine Regenschirme &#8212; Leseheft MIT CD"},"content":{"rendered":"<p>Kurzfassung auf Niveau A2:<br \/>\nMarie besucht einen Tanzkurs. Dort gibt es viele M\u00e4dchen, aber nur wenige Jungs. F\u00fcr sie ist das kein Problem, weil sie h\u00fcbsch ist und fast immer einen Partner findet. Am besten gef\u00e4llt ihr Chris \u2013 cool und selbstbewusst. Lennart dagegen ist sch\u00fcchtern, hat Pickel und schwitzt viel.<br \/>\nBald ist Abschlussball. Marie hofft, dass Chris sie fragt. Doch pl\u00f6tzlich kommt Lennart und l\u00e4dt sie ein. Marie sagt Ja, obwohl sie selbst nicht wei\u00df, warum. Aber ein Versprechen ist ein Versprechen \u2026 oder?<\/p>\n","protected":false},"excerpt":{"rendered":"<p>Kurzfassung auf Niveau A2: Marie besucht einen Tanzkurs. Dort gibt es viele M\u00e4dchen, aber nur wenige Jungs. F\u00fcr sie ist das kein Problem, weil sie h\u00fcbsch ist und fast immer einen Partner findet. Am besten gef\u00e4llt ihr Chris \u2013 cool&#8230;<\/p>\n","protected":false},"featured_media":0,"template":"","meta":{"_acf_changed":false,"inline_featured_image":false},"product_brand":[],"product_cat":[851],"product_tag":[],"series":[],"publisher":[{"id":497,"name":"Hueber Verlag","slug":"hueber-verlag"}],"class_list":{"0":"post-269827","1":"product","2":"type-product","3":"status-publish","5":"product_cat-lesetexte-deutsch","6":"publisher-hueber-verlag","8":"first","9":"instock","10":"taxable","11":"shipping-taxable","12":"purchasable","13":"product-type-simple"},"acf":[],"_links":{"self":[{"href":"https:\/\/exlibris.ee\/ru\/wp-json\/wp\/v2\/product\/269827","targetHints":{"allow":["GET"]}}],"collection":[{"href":"https:\/\/exlibris.ee\/ru\/wp-json\/wp\/v2\/product"}],"about":[{"href":"https:\/\/exlibris.ee\/ru\/wp-json\/wp\/v2\/types\/product"}],"wp:attachment":[{"href":"https:\/\/exlibris.ee\/ru\/wp-json\/wp\/v2\/media?parent=269827"}],"wp:term":[{"taxonomy":"product_brand","embeddable":true,"href":"https:\/\/exlibris.ee\/ru\/wp-json\/wp\/v2\/product_brand?post=269827"},{"taxonomy":"product_cat","embeddable":true,"href":"https:\/\/exlibris.ee\/ru\/wp-json\/wp\/v2\/product_cat?post=269827"},{"taxonomy":"product_tag","embeddable":true,"href":"https:\/\/exlibris.ee\/ru\/wp-json\/wp\/v2\/product_tag?post=269827"},{"taxonomy":"series","embeddable":true,"href":"https:\/\/exlibris.ee\/ru\/wp-json\/wp\/v2\/series?post=269827"},{"taxonomy":"publisher","embeddable":true,"href":"https:\/\/exlibris.ee\/ru\/wp-json\/wp\/v2\/publisher?post=269827"}],"curies":[{"name":"wp","href":"https:\/\/api.w.org\/{rel}","templated":true}]}}