{"id":44511,"date":"2023-05-08T16:06:03","date_gmt":"2023-05-08T13:06:03","guid":{"rendered":"https:\/\/exlibris.ee\/toode\/gefahr-am-strand-buch-u-audio-download\/"},"modified":"2026-04-12T09:53:49","modified_gmt":"2026-04-12T06:53:49","slug":"gefahr-am-strand-buch-u-audio-download","status":"publish","type":"product","link":"https:\/\/exlibris.ee\/ru\/produkt\/gefahr-am-strand-buch-u-audio-download\/","title":{"rendered":"Gefahr am Strand, Buch + Online"},"content":{"rendered":"<p>Toni, 15, freut sich riesig auf die Sommerferien. Er m\u00f6chte mit seinen Freunden am Strand von Sankt Peter-Ording surfen. Und dann das! Christina, seine Cousine aus M\u00fcnchen, kommt nach Norddeutschland. Eines Abends kommt es in der Nordsee zu einer gef\u00e4hrlichen Situation.<\/p>\n","protected":false},"excerpt":{"rendered":"<p>Toni, 15, freut sich riesig auf die Sommerferien. Er m\u00f6chte mit seinen Freunden am Strand von Sankt Peter-Ording surfen. Und dann das! Christina, seine Cousine aus M\u00fcnchen, kommt nach Norddeutschland. Eines Abends kommt es in der Nordsee zu einer gef\u00e4hrlichen&#8230;<\/p>\n","protected":false},"featured_media":217903,"template":"","meta":{"_acf_changed":false,"inline_featured_image":false},"product_brand":[],"product_cat":[851],"product_tag":[],"series":[{"id":853,"name":"Stadt, Land, Fluss\u2026","slug":"stadt-land-fluss"}],"publisher":[{"id":473,"name":"Klett Verlag","slug":"klett-verlag"}],"class_list":{"0":"post-44511","1":"product","2":"type-product","3":"status-publish","4":"has-post-thumbnail","6":"product_cat-lesetexte-deutsch","7":"series-stadt-land-fluss","8":"publisher-klett-verlag","10":"first","11":"onbackorder","12":"taxable","13":"shipping-taxable","14":"purchasable","15":"product-type-simple"},"acf":[],"_links":{"self":[{"href":"https:\/\/exlibris.ee\/ru\/wp-json\/wp\/v2\/product\/44511","targetHints":{"allow":["GET"]}}],"collection":[{"href":"https:\/\/exlibris.ee\/ru\/wp-json\/wp\/v2\/product"}],"about":[{"href":"https:\/\/exlibris.ee\/ru\/wp-json\/wp\/v2\/types\/product"}],"wp:featuredmedia":[{"embeddable":true,"href":"https:\/\/exlibris.ee\/ru\/wp-json\/wp\/v2\/media\/217903"}],"wp:attachment":[{"href":"https:\/\/exlibris.ee\/ru\/wp-json\/wp\/v2\/media?parent=44511"}],"wp:term":[{"taxonomy":"product_brand","embeddable":true,"href":"https:\/\/exlibris.ee\/ru\/wp-json\/wp\/v2\/product_brand?post=44511"},{"taxonomy":"product_cat","embeddable":true,"href":"https:\/\/exlibris.ee\/ru\/wp-json\/wp\/v2\/product_cat?post=44511"},{"taxonomy":"product_tag","embeddable":true,"href":"https:\/\/exlibris.ee\/ru\/wp-json\/wp\/v2\/product_tag?post=44511"},{"taxonomy":"series","embeddable":true,"href":"https:\/\/exlibris.ee\/ru\/wp-json\/wp\/v2\/series?post=44511"},{"taxonomy":"publisher","embeddable":true,"href":"https:\/\/exlibris.ee\/ru\/wp-json\/wp\/v2\/publisher?post=44511"}],"curies":[{"name":"wp","href":"https:\/\/api.w.org\/{rel}","templated":true}]}}