{"id":44552,"date":"2023-05-11T15:39:55","date_gmt":"2023-05-11T12:39:55","guid":{"rendered":"https:\/\/exlibris.ee\/toode\/kontext-b1-kursbuch\/"},"modified":"2026-04-18T15:20:40","modified_gmt":"2026-04-18T12:20:40","slug":"kontext-b1-kursbuch","status":"publish","type":"product","link":"https:\/\/exlibris.ee\/ru\/produkt\/kontext-b1-kursbuch\/","title":{"rendered":"Kontext B1+, Kursbuch"},"content":{"rendered":"<p>Modularer und linearer Aufbau mit Fokus auf allen vier Fertigkeiten; Intensives Strategietraining und induktive Grammatikvermittlung; Aufgaben zur Mediation wie Sprachmittlung und plurikulturelle Kompetenz; Gro\u00dfe Aufgabenvielfalt mit nnendifferenzierung, Fl\u00fcssigkeitstraining u. v. m.; Extraseiten zu \u201eKommunikation in Alltag und Beruf\u201c; Landeskundliche Portr\u00e4ts aus Deutschland, \u00d6sterreich und der Schweiz; Umfangreiches Videomaterial: Grammatik-, Redemittel-, Strategieclips und aktuelle authentische Dokumentarfilme zur Landeskunde; Breites digitales Zusatzangebot online verf\u00fcgbar: Digitales Unterrichtspaket, Online-\u00dcbungen mit spielerischen Aktivit\u00e4ten wie W\u00f6rterquiz oder Lesequiz.<\/p>\n","protected":false},"excerpt":{"rendered":"<p>Modularer und linearer Aufbau mit Fokus auf allen vier Fertigkeiten; Intensives Strategietraining und induktive Grammatikvermittlung; Aufgaben zur Mediation wie Sprachmittlung und plurikulturelle Kompetenz; Gro\u00dfe Aufgabenvielfalt mit nnendifferenzierung, Fl\u00fcssigkeitstraining u. v. m.; Extraseiten zu \u201eKommunikation in Alltag und Beruf\u201c; Landeskundliche Portr\u00e4ts&#8230;<\/p>\n","protected":false},"featured_media":55030,"template":"","meta":{"_acf_changed":false,"inline_featured_image":false},"product_brand":[],"product_cat":[538],"product_tag":[],"series":[{"id":903,"name":"Kontext B1+","slug":"kontext-b1"}],"publisher":[{"id":473,"name":"Klett Verlag","slug":"klett-verlag"}],"class_list":{"0":"post-44552","1":"product","2":"type-product","3":"status-publish","4":"has-post-thumbnail","6":"product_cat-lehrwerke-fur-erwachsene","7":"series-kontext-b1","8":"publisher-klett-verlag","10":"first","11":"onbackorder","12":"taxable","13":"shipping-taxable","14":"purchasable","15":"product-type-simple"},"acf":[],"_links":{"self":[{"href":"https:\/\/exlibris.ee\/ru\/wp-json\/wp\/v2\/product\/44552","targetHints":{"allow":["GET"]}}],"collection":[{"href":"https:\/\/exlibris.ee\/ru\/wp-json\/wp\/v2\/product"}],"about":[{"href":"https:\/\/exlibris.ee\/ru\/wp-json\/wp\/v2\/types\/product"}],"wp:featuredmedia":[{"embeddable":true,"href":"https:\/\/exlibris.ee\/ru\/wp-json\/wp\/v2\/media\/55030"}],"wp:attachment":[{"href":"https:\/\/exlibris.ee\/ru\/wp-json\/wp\/v2\/media?parent=44552"}],"wp:term":[{"taxonomy":"product_brand","embeddable":true,"href":"https:\/\/exlibris.ee\/ru\/wp-json\/wp\/v2\/product_brand?post=44552"},{"taxonomy":"product_cat","embeddable":true,"href":"https:\/\/exlibris.ee\/ru\/wp-json\/wp\/v2\/product_cat?post=44552"},{"taxonomy":"product_tag","embeddable":true,"href":"https:\/\/exlibris.ee\/ru\/wp-json\/wp\/v2\/product_tag?post=44552"},{"taxonomy":"series","embeddable":true,"href":"https:\/\/exlibris.ee\/ru\/wp-json\/wp\/v2\/series?post=44552"},{"taxonomy":"publisher","embeddable":true,"href":"https:\/\/exlibris.ee\/ru\/wp-json\/wp\/v2\/publisher?post=44552"}],"curies":[{"name":"wp","href":"https:\/\/api.w.org\/{rel}","templated":true}]}}