{"id":44559,"date":"2023-05-11T15:39:56","date_gmt":"2023-05-11T12:39:56","guid":{"rendered":"https:\/\/exlibris.ee\/toode\/kontext-b2-2-kurs-und-ubungsbuch\/"},"modified":"2026-04-18T20:23:05","modified_gmt":"2026-04-18T17:23:05","slug":"kontext-b2-2-kurs-und-ubungsbuch","status":"publish","type":"product","link":"https:\/\/exlibris.ee\/ru\/produkt\/kontext-b2-2-kurs-und-ubungsbuch\/","title":{"rendered":"KONTEXT B2.2 Kurs- und \u00dcbungsbuch"},"content":{"rendered":"<p>Modularer und linearer Aufbau mit Fokus auf allen vier Fertigkeiten; ntensives Strategietraining und induktive Grammatikvermittlung; Aufgaben zur Mediation wie z.B. Sprachmittlung und plurikulturelle Kompetenz; Gro\u00dfe Aufgabenvielfalt mit Binnendifferenzierung, Fl\u00fcssigkeitstraining u.v.m.; Extraseiten zu \u201eKommunikation in Alltag und Beruf\u201c; Landeskundliche Portr\u00e4ts aus Deutschland, \u00d6sterreich und der Schweiz; Authentische Dokumentarfilme zur Landeskunde; Grammatik-, Redemittel- und Strategieclips; Audios, Videos, W\u00f6rterquiz, Lesequiz u.v.m. online verf\u00fcgbar; Vorbereitung auf die Pr\u00fcfungen Goethe-Zertifikat B2, \u00d6SD Zertifikat B2 und telc Deutsch B2; Behutsame Hinf\u00fchrung zu vereinzelten Formaten aus DSH und TestDaF.<\/p>\n","protected":false},"excerpt":{"rendered":"<p>Modularer und linearer Aufbau mit Fokus auf allen vier Fertigkeiten; ntensives Strategietraining und induktive Grammatikvermittlung; Aufgaben zur Mediation wie z.B. Sprachmittlung und plurikulturelle Kompetenz; Gro\u00dfe Aufgabenvielfalt mit Binnendifferenzierung, Fl\u00fcssigkeitstraining u.v.m.; Extraseiten zu \u201eKommunikation in Alltag und Beruf\u201c; Landeskundliche Portr\u00e4ts aus&#8230;<\/p>\n","protected":false},"featured_media":55048,"template":"","meta":{"_acf_changed":false,"inline_featured_image":false},"product_brand":[],"product_cat":[538],"product_tag":[],"series":[{"id":904,"name":"KONTEXT B2","slug":"kontext-b2"}],"publisher":[{"id":473,"name":"Klett Verlag","slug":"klett-verlag"}],"class_list":{"0":"post-44559","1":"product","2":"type-product","3":"status-publish","4":"has-post-thumbnail","6":"product_cat-lehrwerke-fur-erwachsene","7":"series-kontext-b2","8":"publisher-klett-verlag","10":"first","11":"outofstock","12":"taxable","13":"shipping-taxable","14":"purchasable","15":"product-type-simple"},"acf":[],"_links":{"self":[{"href":"https:\/\/exlibris.ee\/ru\/wp-json\/wp\/v2\/product\/44559","targetHints":{"allow":["GET"]}}],"collection":[{"href":"https:\/\/exlibris.ee\/ru\/wp-json\/wp\/v2\/product"}],"about":[{"href":"https:\/\/exlibris.ee\/ru\/wp-json\/wp\/v2\/types\/product"}],"wp:featuredmedia":[{"embeddable":true,"href":"https:\/\/exlibris.ee\/ru\/wp-json\/wp\/v2\/media\/55048"}],"wp:attachment":[{"href":"https:\/\/exlibris.ee\/ru\/wp-json\/wp\/v2\/media?parent=44559"}],"wp:term":[{"taxonomy":"product_brand","embeddable":true,"href":"https:\/\/exlibris.ee\/ru\/wp-json\/wp\/v2\/product_brand?post=44559"},{"taxonomy":"product_cat","embeddable":true,"href":"https:\/\/exlibris.ee\/ru\/wp-json\/wp\/v2\/product_cat?post=44559"},{"taxonomy":"product_tag","embeddable":true,"href":"https:\/\/exlibris.ee\/ru\/wp-json\/wp\/v2\/product_tag?post=44559"},{"taxonomy":"series","embeddable":true,"href":"https:\/\/exlibris.ee\/ru\/wp-json\/wp\/v2\/series?post=44559"},{"taxonomy":"publisher","embeddable":true,"href":"https:\/\/exlibris.ee\/ru\/wp-json\/wp\/v2\/publisher?post=44559"}],"curies":[{"name":"wp","href":"https:\/\/api.w.org\/{rel}","templated":true}]}}