{"id":44562,"date":"2023-05-11T15:39:56","date_gmt":"2023-05-11T12:39:56","guid":{"rendered":"https:\/\/exlibris.ee\/toode\/kontext-b2-unterrichtshandbuch\/"},"modified":"2026-04-19T10:13:19","modified_gmt":"2026-04-19T07:13:19","slug":"kontext-b2-unterrichtshandbuch","status":"publish","type":"product","link":"https:\/\/exlibris.ee\/ru\/produkt\/kontext-b2-unterrichtshandbuch\/","title":{"rendered":"KONTEXT B2 Unterrichtshandbuch"},"content":{"rendered":"<p>Leitfaden f\u00fcr das Unterrichten mit Kontext B2; Ausf\u00fchrliche Darstellung des Lehrwerkskonzepts;Unterrichtsvorschl\u00e4ge, didaktische Hinweise und Erl\u00e4uterungen zu den Aufgaben in Kurs- und \u00dcbungsbuch; Vorschl\u00e4ge zur Binnendifferenzierung, Erweiterung und alternativen Gestaltung des Unterrichts;Kopiervorlagen zur Vertiefung und f\u00fcr einen abwechslungsreichen und interaktiven Unterricht; Didaktisches Glossar mit Ideen zur Unterrichtsmethodik und -gestaltung; Detaillierte Hinweise zu den B2-Pr\u00fcfungen (Goethe-Zertifikat, \u00d6SD-Zertifikat und telc).<\/p>\n","protected":false},"excerpt":{"rendered":"<p>Leitfaden f\u00fcr das Unterrichten mit Kontext B2; Ausf\u00fchrliche Darstellung des Lehrwerkskonzepts;Unterrichtsvorschl\u00e4ge, didaktische Hinweise und Erl\u00e4uterungen zu den Aufgaben in Kurs- und \u00dcbungsbuch; Vorschl\u00e4ge zur Binnendifferenzierung, Erweiterung und alternativen Gestaltung des Unterrichts;Kopiervorlagen zur Vertiefung und f\u00fcr einen abwechslungsreichen und interaktiven Unterricht;&#8230;<\/p>\n","protected":false},"featured_media":55060,"template":"","meta":{"_acf_changed":false,"inline_featured_image":false},"product_brand":[],"product_cat":[538],"product_tag":[],"series":[{"id":904,"name":"KONTEXT B2","slug":"kontext-b2"}],"publisher":[{"id":473,"name":"Klett Verlag","slug":"klett-verlag"}],"class_list":{"0":"post-44562","1":"product","2":"type-product","3":"status-publish","4":"has-post-thumbnail","6":"product_cat-lehrwerke-fur-erwachsene","7":"series-kontext-b2","8":"publisher-klett-verlag","10":"first","11":"onbackorder","12":"taxable","13":"shipping-taxable","14":"purchasable","15":"product-type-simple"},"acf":[],"_links":{"self":[{"href":"https:\/\/exlibris.ee\/ru\/wp-json\/wp\/v2\/product\/44562","targetHints":{"allow":["GET"]}}],"collection":[{"href":"https:\/\/exlibris.ee\/ru\/wp-json\/wp\/v2\/product"}],"about":[{"href":"https:\/\/exlibris.ee\/ru\/wp-json\/wp\/v2\/types\/product"}],"wp:featuredmedia":[{"embeddable":true,"href":"https:\/\/exlibris.ee\/ru\/wp-json\/wp\/v2\/media\/55060"}],"wp:attachment":[{"href":"https:\/\/exlibris.ee\/ru\/wp-json\/wp\/v2\/media?parent=44562"}],"wp:term":[{"taxonomy":"product_brand","embeddable":true,"href":"https:\/\/exlibris.ee\/ru\/wp-json\/wp\/v2\/product_brand?post=44562"},{"taxonomy":"product_cat","embeddable":true,"href":"https:\/\/exlibris.ee\/ru\/wp-json\/wp\/v2\/product_cat?post=44562"},{"taxonomy":"product_tag","embeddable":true,"href":"https:\/\/exlibris.ee\/ru\/wp-json\/wp\/v2\/product_tag?post=44562"},{"taxonomy":"series","embeddable":true,"href":"https:\/\/exlibris.ee\/ru\/wp-json\/wp\/v2\/series?post=44562"},{"taxonomy":"publisher","embeddable":true,"href":"https:\/\/exlibris.ee\/ru\/wp-json\/wp\/v2\/publisher?post=44562"}],"curies":[{"name":"wp","href":"https:\/\/api.w.org\/{rel}","templated":true}]}}