{"id":44565,"date":"2023-05-11T15:39:56","date_gmt":"2023-05-11T12:39:56","guid":{"rendered":"https:\/\/exlibris.ee\/toode\/kontext-b1-express-unterrichtshandbuch\/"},"modified":"2026-04-18T15:20:41","modified_gmt":"2026-04-18T12:20:41","slug":"kontext-b1-express-unterrichtshandbuch","status":"publish","type":"product","link":"https:\/\/exlibris.ee\/ru\/produkt\/kontext-b1-express-unterrichtshandbuch\/","title":{"rendered":"Kontext B1+ express, Unterrichtshandbuch"},"content":{"rendered":"<p>Leitfaden f\u00fcr das Unterrichten mit Kontext B1+ express; Ausf\u00fchrliche Darstellung des Lehrwerkskonzepts; Unterrichtsvorschl\u00e4ge, didaktische Hinweise und Erl\u00e4uterungen zu den Aufgaben in Kurs- und \u00dcbungsbuch; Vorschl\u00e4ge zur Binnendifferenzierung, Erweiterung und alternativen Gestaltung des Unterrichts; Kopiervorlagen zur Vertiefung und f\u00fcr einen abwechslungsreichen und interaktiven Unterricht; Didaktisches Glossar mit Ideen zur Unterrichtsmethodik und -gestaltung; Detaillierte Hinweise zu den B1-Pr\u00fcfungen (Goethe-\/\u00d6SD-Zertifikat und telc).<\/p>\n","protected":false},"excerpt":{"rendered":"<p>Leitfaden f\u00fcr das Unterrichten mit Kontext B1+ express; Ausf\u00fchrliche Darstellung des Lehrwerkskonzepts; Unterrichtsvorschl\u00e4ge, didaktische Hinweise und Erl\u00e4uterungen zu den Aufgaben in Kurs- und \u00dcbungsbuch; Vorschl\u00e4ge zur Binnendifferenzierung, Erweiterung und alternativen Gestaltung des Unterrichts; Kopiervorlagen zur Vertiefung und f\u00fcr einen abwechslungsreichen&#8230;<\/p>\n","protected":false},"featured_media":55069,"template":"","meta":{"_acf_changed":false,"inline_featured_image":false},"product_brand":[],"product_cat":[538],"product_tag":[],"series":[{"id":903,"name":"Kontext B1+","slug":"kontext-b1"}],"publisher":[{"id":473,"name":"Klett Verlag","slug":"klett-verlag"}],"class_list":{"0":"post-44565","1":"product","2":"type-product","3":"status-publish","4":"has-post-thumbnail","6":"product_cat-lehrwerke-fur-erwachsene","7":"series-kontext-b1","8":"publisher-klett-verlag","10":"first","11":"onbackorder","12":"taxable","13":"shipping-taxable","14":"purchasable","15":"product-type-simple"},"acf":[],"_links":{"self":[{"href":"https:\/\/exlibris.ee\/ru\/wp-json\/wp\/v2\/product\/44565","targetHints":{"allow":["GET"]}}],"collection":[{"href":"https:\/\/exlibris.ee\/ru\/wp-json\/wp\/v2\/product"}],"about":[{"href":"https:\/\/exlibris.ee\/ru\/wp-json\/wp\/v2\/types\/product"}],"wp:featuredmedia":[{"embeddable":true,"href":"https:\/\/exlibris.ee\/ru\/wp-json\/wp\/v2\/media\/55069"}],"wp:attachment":[{"href":"https:\/\/exlibris.ee\/ru\/wp-json\/wp\/v2\/media?parent=44565"}],"wp:term":[{"taxonomy":"product_brand","embeddable":true,"href":"https:\/\/exlibris.ee\/ru\/wp-json\/wp\/v2\/product_brand?post=44565"},{"taxonomy":"product_cat","embeddable":true,"href":"https:\/\/exlibris.ee\/ru\/wp-json\/wp\/v2\/product_cat?post=44565"},{"taxonomy":"product_tag","embeddable":true,"href":"https:\/\/exlibris.ee\/ru\/wp-json\/wp\/v2\/product_tag?post=44565"},{"taxonomy":"series","embeddable":true,"href":"https:\/\/exlibris.ee\/ru\/wp-json\/wp\/v2\/series?post=44565"},{"taxonomy":"publisher","embeddable":true,"href":"https:\/\/exlibris.ee\/ru\/wp-json\/wp\/v2\/publisher?post=44565"}],"curies":[{"name":"wp","href":"https:\/\/api.w.org\/{rel}","templated":true}]}}