{"id":44566,"date":"2023-05-11T15:39:57","date_gmt":"2023-05-11T12:39:57","guid":{"rendered":"https:\/\/exlibris.ee\/toode\/kontext-b1-express-intensivtrainer\/"},"modified":"2026-04-18T15:20:41","modified_gmt":"2026-04-18T12:20:41","slug":"kontext-b1-express-intensivtrainer","status":"publish","type":"product","link":"https:\/\/exlibris.ee\/ru\/produkt\/kontext-b1-express-intensivtrainer\/","title":{"rendered":"Kontext B1+ express, Intensivtrainer"},"content":{"rendered":"<p>Der Intensivtrainer zu Kontext B1+ express erm\u00f6glicht durch vertiefende \u00dcbungen das selbstst\u00e4ndige Wiederholen und Festigen des Erlernten zu Hause oder die Binnendifferenzierung im Unterricht.<\/p>\n","protected":false},"excerpt":{"rendered":"<p>Der Intensivtrainer zu Kontext B1+ express erm\u00f6glicht durch vertiefende \u00dcbungen das selbstst\u00e4ndige Wiederholen und Festigen des Erlernten zu Hause oder die Binnendifferenzierung im Unterricht.<\/p>\n","protected":false},"featured_media":55072,"template":"","meta":{"_acf_changed":false,"inline_featured_image":false},"product_brand":[],"product_cat":[538],"product_tag":[],"series":[{"id":903,"name":"Kontext B1+","slug":"kontext-b1"}],"publisher":[{"id":473,"name":"Klett Verlag","slug":"klett-verlag"}],"class_list":{"0":"post-44566","1":"product","2":"type-product","3":"status-publish","4":"has-post-thumbnail","6":"product_cat-lehrwerke-fur-erwachsene","7":"series-kontext-b1","8":"publisher-klett-verlag","10":"first","11":"onbackorder","12":"taxable","13":"shipping-taxable","14":"purchasable","15":"product-type-simple"},"acf":[],"_links":{"self":[{"href":"https:\/\/exlibris.ee\/ru\/wp-json\/wp\/v2\/product\/44566","targetHints":{"allow":["GET"]}}],"collection":[{"href":"https:\/\/exlibris.ee\/ru\/wp-json\/wp\/v2\/product"}],"about":[{"href":"https:\/\/exlibris.ee\/ru\/wp-json\/wp\/v2\/types\/product"}],"wp:featuredmedia":[{"embeddable":true,"href":"https:\/\/exlibris.ee\/ru\/wp-json\/wp\/v2\/media\/55072"}],"wp:attachment":[{"href":"https:\/\/exlibris.ee\/ru\/wp-json\/wp\/v2\/media?parent=44566"}],"wp:term":[{"taxonomy":"product_brand","embeddable":true,"href":"https:\/\/exlibris.ee\/ru\/wp-json\/wp\/v2\/product_brand?post=44566"},{"taxonomy":"product_cat","embeddable":true,"href":"https:\/\/exlibris.ee\/ru\/wp-json\/wp\/v2\/product_cat?post=44566"},{"taxonomy":"product_tag","embeddable":true,"href":"https:\/\/exlibris.ee\/ru\/wp-json\/wp\/v2\/product_tag?post=44566"},{"taxonomy":"series","embeddable":true,"href":"https:\/\/exlibris.ee\/ru\/wp-json\/wp\/v2\/series?post=44566"},{"taxonomy":"publisher","embeddable":true,"href":"https:\/\/exlibris.ee\/ru\/wp-json\/wp\/v2\/publisher?post=44566"}],"curies":[{"name":"wp","href":"https:\/\/api.w.org\/{rel}","templated":true}]}}