{"id":44575,"date":"2023-05-11T15:39:58","date_gmt":"2023-05-11T12:39:58","guid":{"rendered":"https:\/\/exlibris.ee\/toode\/orientierung-im-beruf-intensivtrcd\/"},"modified":"2026-04-05T15:19:50","modified_gmt":"2026-04-05T12:19:50","slug":"orientierung-im-beruf-intensivtrcd","status":"publish","type":"product","link":"https:\/\/exlibris.ee\/ru\/produkt\/orientierung-im-beruf-intensivtrcd\/","title":{"rendered":"Orientierung im Beruf, Intensivtr+CD"},"content":{"rendered":"<p>Der Intensivtrainer bietet vielf\u00e4ltige Aufgaben zur m\u00fcndlichen und schriftlichen Produktion in beruflichen Situationen und zur inhaltlichen Vertiefung von Begriffen im beruflichen Umfeld. Die eingelegte Audio-CD enth\u00e4lt typische Telefongespr\u00e4che im Berufsalltag und \u00dcbungen zum H\u00f6rverstehen. Der Intensivtrainer ist eine ideale Erg\u00e4nzung zu \u201eOrientierung im Beruf&#187;, kann aber auch unabh\u00e4ngig davon eingesetzt werden.<\/p>\n","protected":false},"excerpt":{"rendered":"<p>Der Intensivtrainer bietet vielf\u00e4ltige Aufgaben zur m\u00fcndlichen und schriftlichen Produktion in beruflichen Situationen und zur inhaltlichen Vertiefung von Begriffen im beruflichen Umfeld. Die eingelegte Audio-CD enth\u00e4lt typische Telefongespr\u00e4che im Berufsalltag und \u00dcbungen zum H\u00f6rverstehen. Der Intensivtrainer ist eine ideale Erg\u00e4nzung&#8230;<\/p>\n","protected":false},"featured_media":89568,"template":"","meta":{"_acf_changed":false,"inline_featured_image":false},"product_brand":[],"product_cat":[885],"product_tag":[],"series":[{"id":906,"name":"Orientierung im Beruf","slug":"orientierung-im-beruf"}],"publisher":[{"id":473,"name":"Klett Verlag","slug":"klett-verlag"}],"class_list":{"0":"post-44575","1":"product","2":"type-product","3":"status-publish","4":"has-post-thumbnail","6":"product_cat-berufssprache","7":"series-orientierung-im-beruf","8":"publisher-klett-verlag","10":"first","11":"onbackorder","12":"taxable","13":"shipping-taxable","14":"purchasable","15":"product-type-simple"},"acf":[],"_links":{"self":[{"href":"https:\/\/exlibris.ee\/ru\/wp-json\/wp\/v2\/product\/44575","targetHints":{"allow":["GET"]}}],"collection":[{"href":"https:\/\/exlibris.ee\/ru\/wp-json\/wp\/v2\/product"}],"about":[{"href":"https:\/\/exlibris.ee\/ru\/wp-json\/wp\/v2\/types\/product"}],"wp:featuredmedia":[{"embeddable":true,"href":"https:\/\/exlibris.ee\/ru\/wp-json\/wp\/v2\/media\/89568"}],"wp:attachment":[{"href":"https:\/\/exlibris.ee\/ru\/wp-json\/wp\/v2\/media?parent=44575"}],"wp:term":[{"taxonomy":"product_brand","embeddable":true,"href":"https:\/\/exlibris.ee\/ru\/wp-json\/wp\/v2\/product_brand?post=44575"},{"taxonomy":"product_cat","embeddable":true,"href":"https:\/\/exlibris.ee\/ru\/wp-json\/wp\/v2\/product_cat?post=44575"},{"taxonomy":"product_tag","embeddable":true,"href":"https:\/\/exlibris.ee\/ru\/wp-json\/wp\/v2\/product_tag?post=44575"},{"taxonomy":"series","embeddable":true,"href":"https:\/\/exlibris.ee\/ru\/wp-json\/wp\/v2\/series?post=44575"},{"taxonomy":"publisher","embeddable":true,"href":"https:\/\/exlibris.ee\/ru\/wp-json\/wp\/v2\/publisher?post=44575"}],"curies":[{"name":"wp","href":"https:\/\/api.w.org\/{rel}","templated":true}]}}