{"id":44576,"date":"2023-05-11T15:39:58","date_gmt":"2023-05-11T12:39:58","guid":{"rendered":"https:\/\/exlibris.ee\/toode\/orientierung-im-beruf-buch\/"},"modified":"2026-04-05T15:19:50","modified_gmt":"2026-04-05T12:19:50","slug":"orientierung-im-beruf-buch","status":"publish","type":"product","link":"https:\/\/exlibris.ee\/ru\/produkt\/orientierung-im-beruf-buch\/","title":{"rendered":"Orientierung im Beruf, Buch"},"content":{"rendered":"<p>Orientierung im Beruf informiert \u00fcber grundlegende Rechte und Pflichten am Arbeitsplatz, \u00fcber unterschiedliche Arbeitsverh\u00e4ltnisse (Festanstellung, Zeitarbeit) und beschreibt Berufsfelder und Branchen. Neben m\u00fcndlicher Kommunikation werden auch schriftliche Textformen einge\u00fcbt. In diesem Band steht die sprachliche Bew\u00e4ltigung des Arbeitsalltags im Zentrum. Wortschatz, Strukturen und Redemittel im beruflichen Kontext werden erarbeitet und trainiert. Die behandelten Themen reichen von der Arbeitssuche (inklusive Bewerbung und Vorstellung) \u00fcber die Kommunikation und den Umgang mit Technik am Arbeitsplatz (Telefon, Kopierer) bis hin zu Informationen \u00fcber Arbeitsagenturen und Jobcenter. Die sprachliche Bew\u00e4ltigung des Arbeitsalltags steht im Vordergrund.<\/p>\n","protected":false},"excerpt":{"rendered":"<p>Orientierung im Beruf informiert \u00fcber grundlegende Rechte und Pflichten am Arbeitsplatz, \u00fcber unterschiedliche Arbeitsverh\u00e4ltnisse (Festanstellung, Zeitarbeit) und beschreibt Berufsfelder und Branchen. Neben m\u00fcndlicher Kommunikation werden auch schriftliche Textformen einge\u00fcbt. In diesem Band steht die sprachliche Bew\u00e4ltigung des Arbeitsalltags im Zentrum&#8230;.<\/p>\n","protected":false},"featured_media":89571,"template":"","meta":{"_acf_changed":false,"inline_featured_image":false},"product_brand":[],"product_cat":[885],"product_tag":[],"series":[{"id":906,"name":"Orientierung im Beruf","slug":"orientierung-im-beruf"}],"publisher":[{"id":473,"name":"Klett Verlag","slug":"klett-verlag"}],"class_list":{"0":"post-44576","1":"product","2":"type-product","3":"status-publish","4":"has-post-thumbnail","6":"product_cat-berufssprache","7":"series-orientierung-im-beruf","8":"publisher-klett-verlag","10":"first","11":"onbackorder","12":"taxable","13":"shipping-taxable","14":"purchasable","15":"product-type-simple"},"acf":[],"_links":{"self":[{"href":"https:\/\/exlibris.ee\/ru\/wp-json\/wp\/v2\/product\/44576","targetHints":{"allow":["GET"]}}],"collection":[{"href":"https:\/\/exlibris.ee\/ru\/wp-json\/wp\/v2\/product"}],"about":[{"href":"https:\/\/exlibris.ee\/ru\/wp-json\/wp\/v2\/types\/product"}],"wp:featuredmedia":[{"embeddable":true,"href":"https:\/\/exlibris.ee\/ru\/wp-json\/wp\/v2\/media\/89571"}],"wp:attachment":[{"href":"https:\/\/exlibris.ee\/ru\/wp-json\/wp\/v2\/media?parent=44576"}],"wp:term":[{"taxonomy":"product_brand","embeddable":true,"href":"https:\/\/exlibris.ee\/ru\/wp-json\/wp\/v2\/product_brand?post=44576"},{"taxonomy":"product_cat","embeddable":true,"href":"https:\/\/exlibris.ee\/ru\/wp-json\/wp\/v2\/product_cat?post=44576"},{"taxonomy":"product_tag","embeddable":true,"href":"https:\/\/exlibris.ee\/ru\/wp-json\/wp\/v2\/product_tag?post=44576"},{"taxonomy":"series","embeddable":true,"href":"https:\/\/exlibris.ee\/ru\/wp-json\/wp\/v2\/series?post=44576"},{"taxonomy":"publisher","embeddable":true,"href":"https:\/\/exlibris.ee\/ru\/wp-json\/wp\/v2\/publisher?post=44576"}],"curies":[{"name":"wp","href":"https:\/\/api.w.org\/{rel}","templated":true}]}}