{"id":44578,"date":"2023-05-11T15:39:58","date_gmt":"2023-05-11T12:39:58","guid":{"rendered":"https:\/\/exlibris.ee\/toode\/deutsch-im-krankenhaus-neu-lehrerhandbuch\/"},"modified":"2026-04-05T15:19:51","modified_gmt":"2026-04-05T12:19:51","slug":"deutsch-im-krankenhaus-neu-lehrerhandbuch","status":"publish","type":"product","link":"https:\/\/exlibris.ee\/ru\/produkt\/deutsch-im-krankenhaus-neu-lehrerhandbuch\/","title":{"rendered":"Deutsch im Krankenhaus Neu , Lehrerhandbuch"},"content":{"rendered":"<p>Das Lehrerhandbuch zu Deutsch im Krankenhaus A2-B2 bietet eine ausf\u00fchrliche Einf\u00fchrung in das Lehrwerkskonzept, praxisrelevante Erl\u00e4uterungen f\u00fcr den Einsatz im Unterricht.<\/p>\n","protected":false},"excerpt":{"rendered":"<p>Das Lehrerhandbuch zu Deutsch im Krankenhaus A2-B2 bietet eine ausf\u00fchrliche Einf\u00fchrung in das Lehrwerkskonzept, praxisrelevante Erl\u00e4uterungen f\u00fcr den Einsatz im Unterricht.<\/p>\n","protected":false},"featured_media":89583,"template":"","meta":{"_acf_changed":false,"inline_featured_image":false},"product_brand":[],"product_cat":[885],"product_tag":[],"series":[{"id":901,"name":"Deutsch im Krankenhaus","slug":"deutsch-im-krankenhaus"}],"publisher":[{"id":473,"name":"Klett Verlag","slug":"klett-verlag"}],"class_list":{"0":"post-44578","1":"product","2":"type-product","3":"status-publish","4":"has-post-thumbnail","6":"product_cat-berufssprache","7":"series-deutsch-im-krankenhaus","8":"publisher-klett-verlag","10":"first","11":"onbackorder","12":"taxable","13":"shipping-taxable","14":"purchasable","15":"product-type-simple"},"acf":[],"_links":{"self":[{"href":"https:\/\/exlibris.ee\/ru\/wp-json\/wp\/v2\/product\/44578","targetHints":{"allow":["GET"]}}],"collection":[{"href":"https:\/\/exlibris.ee\/ru\/wp-json\/wp\/v2\/product"}],"about":[{"href":"https:\/\/exlibris.ee\/ru\/wp-json\/wp\/v2\/types\/product"}],"wp:featuredmedia":[{"embeddable":true,"href":"https:\/\/exlibris.ee\/ru\/wp-json\/wp\/v2\/media\/89583"}],"wp:attachment":[{"href":"https:\/\/exlibris.ee\/ru\/wp-json\/wp\/v2\/media?parent=44578"}],"wp:term":[{"taxonomy":"product_brand","embeddable":true,"href":"https:\/\/exlibris.ee\/ru\/wp-json\/wp\/v2\/product_brand?post=44578"},{"taxonomy":"product_cat","embeddable":true,"href":"https:\/\/exlibris.ee\/ru\/wp-json\/wp\/v2\/product_cat?post=44578"},{"taxonomy":"product_tag","embeddable":true,"href":"https:\/\/exlibris.ee\/ru\/wp-json\/wp\/v2\/product_tag?post=44578"},{"taxonomy":"series","embeddable":true,"href":"https:\/\/exlibris.ee\/ru\/wp-json\/wp\/v2\/series?post=44578"},{"taxonomy":"publisher","embeddable":true,"href":"https:\/\/exlibris.ee\/ru\/wp-json\/wp\/v2\/publisher?post=44578"}],"curies":[{"name":"wp","href":"https:\/\/api.w.org\/{rel}","templated":true}]}}